{"id":445,"date":"2019-07-09T10:25:36","date_gmt":"2019-07-09T08:25:36","guid":{"rendered":"http:\/\/www.canalsimunne.com\/?post_type=product&#038;p=445"},"modified":"2026-04-07T11:36:22","modified_gmt":"2026-04-07T09:36:22","slug":"licor-de-cava","status":"publish","type":"product","link":"https:\/\/www.canalsimunne.com\/es\/producto\/licor-de-cava\/","title":{"rendered":"Licor de cava"},"content":{"rendered":"<p>Ref.: 10.<\/p>\n<p>Grado alcoh\u00f3lico: 22\u00ba<\/p>\n<p><b>COMENTARIOS:<\/b>\u00a0Botella numerada. Servir fr\u00edo entre 6\u00b0 y 8\u00b0C.<\/p>\n<p><b>ELABORACI\u00d3N:<\/b> Licor suave, dulce, elaborado con las incomparables holandas, obtenidas de una rigurosa selecci\u00f3n de uvas blancas del Pened\u00e8s, y ligeramente endulzado con los jarabes licorosos m\u00e1s selectos, obteniendo un sabor y aroma inconfundible y delicioso.<\/p>\n<p><b>CATA:<\/b>\u00a0De color cristalino, es muy fino y dulce.<\/p>\n","protected":false},"excerpt":{"rendered":"<p>Ref.: 10. Grado alcoh\u00f3lico: 22\u00ba COMENTARIOS:\u00a0Botella numerada. Servir fr\u00edo entre  [&#8230;]<\/p>\n","protected":false},"featured_media":403898,"template":"","meta":{"_acf_changed":false},"product_brand":[],"product_cat":[22],"product_tag":[83],"class_list":{"0":"post-445","1":"product","2":"type-product","3":"status-publish","4":"has-post-thumbnail","6":"product_cat-licores","7":"product_tag-gamma-mitja","8":"product_shipping_class-gamma-mitja","10":"first","11":"instock","12":"taxable","13":"shipping-taxable","14":"purchasable","15":"product-type-simple"},"acf":[],"yoast_head":"<!-- This site is optimized with the Yoast SEO plugin v27.6 - https:\/\/yoast.com\/product\/yoast-seo-wordpress\/ -->\n<title>Licor de cava - Canals &amp; Munn\u00e9<\/title>\n<meta name=\"robots\" content=\"index, follow, max-snippet:-1, max-image-preview:large, max-video-preview:-1\" \/>\n<link rel=\"canonical\" href=\"https:\/\/www.canalsimunne.com\/es\/producto\/licor-de-cava\/\" \/>\n<meta property=\"og:locale\" content=\"es_ES\" \/>\n<meta property=\"og:type\" content=\"article\" \/>\n<meta property=\"og:title\" content=\"Licor de cava - Canals &amp; Munn\u00e9\" \/>\n<meta property=\"og:description\" content=\"Ref.: 10. Grado alcoh\u00f3lico: 22\u00ba COMENTARIOS:\u00a0Botella numerada. Servir fr\u00edo entre [...]\" \/>\n<meta property=\"og:url\" content=\"https:\/\/www.canalsimunne.com\/es\/producto\/licor-de-cava\/\" \/>\n<meta property=\"og:site_name\" content=\"Canals &amp; Munn\u00e9\" \/>\n<meta property=\"article:modified_time\" content=\"2026-04-07T09:36:22+00:00\" \/>\n<meta property=\"og:image\" content=\"https:\/\/www.canalsimunne.com\/wp-content\/uploads\/2022\/03\/Licors_Canals_Munne_Sant_Sadurni_Licor-de-cava.jpg\" \/>\n\t<meta property=\"og:image:width\" content=\"330\" \/>\n\t<meta property=\"og:image:height\" content=\"430\" \/>\n\t<meta property=\"og:image:type\" content=\"image\/jpeg\" \/>\n<meta name=\"twitter:card\" content=\"summary_large_image\" \/>\n<meta name=\"twitter:label1\" content=\"Tiempo de lectura\" \/>\n\t<meta name=\"twitter:data1\" content=\"1 minuto\" \/>\n<script type=\"application\/ld+json\" class=\"yoast-schema-graph\">{\"@context\":\"https:\\\/\\\/schema.org\",\"@graph\":[{\"@type\":\"WebPage\",\"@id\":\"https:\\\/\\\/www.canalsimunne.com\\\/es\\\/producto\\\/licor-de-cava\\\/\",\"url\":\"https:\\\/\\\/www.canalsimunne.com\\\/es\\\/producto\\\/licor-de-cava\\\/\",\"name\":\"Licor de cava - Canals &amp; Munn\u00e9\",\"isPartOf\":{\"@id\":\"https:\\\/\\\/www.canalsimunne.com\\\/#website\"},\"primaryImageOfPage\":{\"@id\":\"https:\\\/\\\/www.canalsimunne.com\\\/es\\\/producto\\\/licor-de-cava\\\/#primaryimage\"},\"image\":{\"@id\":\"https:\\\/\\\/www.canalsimunne.com\\\/es\\\/producto\\\/licor-de-cava\\\/#primaryimage\"},\"thumbnailUrl\":\"https:\\\/\\\/www.canalsimunne.com\\\/wp-content\\\/uploads\\\/2022\\\/03\\\/Licors_Canals_Munne_Sant_Sadurni_Licor-de-cava.jpg\",\"datePublished\":\"2019-07-09T08:25:36+00:00\",\"dateModified\":\"2026-04-07T09:36:22+00:00\",\"breadcrumb\":{\"@id\":\"https:\\\/\\\/www.canalsimunne.com\\\/es\\\/producto\\\/licor-de-cava\\\/#breadcrumb\"},\"inLanguage\":\"es\",\"potentialAction\":[{\"@type\":\"ReadAction\",\"target\":[\"https:\\\/\\\/www.canalsimunne.com\\\/es\\\/producto\\\/licor-de-cava\\\/\"]}]},{\"@type\":\"ImageObject\",\"inLanguage\":\"es\",\"@id\":\"https:\\\/\\\/www.canalsimunne.com\\\/es\\\/producto\\\/licor-de-cava\\\/#primaryimage\",\"url\":\"https:\\\/\\\/www.canalsimunne.com\\\/wp-content\\\/uploads\\\/2022\\\/03\\\/Licors_Canals_Munne_Sant_Sadurni_Licor-de-cava.jpg\",\"contentUrl\":\"https:\\\/\\\/www.canalsimunne.com\\\/wp-content\\\/uploads\\\/2022\\\/03\\\/Licors_Canals_Munne_Sant_Sadurni_Licor-de-cava.jpg\",\"width\":330,\"height\":430},{\"@type\":\"BreadcrumbList\",\"@id\":\"https:\\\/\\\/www.canalsimunne.com\\\/es\\\/producto\\\/licor-de-cava\\\/#breadcrumb\",\"itemListElement\":[{\"@type\":\"ListItem\",\"position\":1,\"name\":\"Portada\",\"item\":\"https:\\\/\\\/www.canalsimunne.com\\\/es\\\/\"},{\"@type\":\"ListItem\",\"position\":2,\"name\":\"Tienda\",\"item\":\"https:\\\/\\\/www.canalsimunne.com\\\/es\\\/tienda\\\/\"},{\"@type\":\"ListItem\",\"position\":3,\"name\":\"Licor de cava\"}]},{\"@type\":\"WebSite\",\"@id\":\"https:\\\/\\\/www.canalsimunne.com\\\/#website\",\"url\":\"https:\\\/\\\/www.canalsimunne.com\\\/\",\"name\":\"Canals &amp; Munn\u00e9\",\"description\":\"Otro sitio realizado con WordPress\",\"potentialAction\":[{\"@type\":\"SearchAction\",\"target\":{\"@type\":\"EntryPoint\",\"urlTemplate\":\"https:\\\/\\\/www.canalsimunne.com\\\/?s={search_term_string}\"},\"query-input\":{\"@type\":\"PropertyValueSpecification\",\"valueRequired\":true,\"valueName\":\"search_term_string\"}}],\"inLanguage\":\"es\"}]}<\/script>\n<!-- \/ Yoast SEO plugin. -->","yoast_head_json":{"title":"Licor de cava - Canals &amp; Munn\u00e9","robots":{"index":"index","follow":"follow","max-snippet":"max-snippet:-1","max-image-preview":"max-image-preview:large","max-video-preview":"max-video-preview:-1"},"canonical":"https:\/\/www.canalsimunne.com\/es\/producto\/licor-de-cava\/","og_locale":"es_ES","og_type":"article","og_title":"Licor de cava - Canals &amp; Munn\u00e9","og_description":"Ref.: 10. Grado alcoh\u00f3lico: 22\u00ba COMENTARIOS:\u00a0Botella numerada. Servir fr\u00edo entre [...]","og_url":"https:\/\/www.canalsimunne.com\/es\/producto\/licor-de-cava\/","og_site_name":"Canals &amp; Munn\u00e9","article_modified_time":"2026-04-07T09:36:22+00:00","og_image":[{"width":330,"height":430,"url":"https:\/\/www.canalsimunne.com\/wp-content\/uploads\/2022\/03\/Licors_Canals_Munne_Sant_Sadurni_Licor-de-cava.jpg","type":"image\/jpeg"}],"twitter_card":"summary_large_image","twitter_misc":{"Tiempo de lectura":"1 minuto"},"schema":{"@context":"https:\/\/schema.org","@graph":[{"@type":"WebPage","@id":"https:\/\/www.canalsimunne.com\/es\/producto\/licor-de-cava\/","url":"https:\/\/www.canalsimunne.com\/es\/producto\/licor-de-cava\/","name":"Licor de cava - Canals &amp; Munn\u00e9","isPartOf":{"@id":"https:\/\/www.canalsimunne.com\/#website"},"primaryImageOfPage":{"@id":"https:\/\/www.canalsimunne.com\/es\/producto\/licor-de-cava\/#primaryimage"},"image":{"@id":"https:\/\/www.canalsimunne.com\/es\/producto\/licor-de-cava\/#primaryimage"},"thumbnailUrl":"https:\/\/www.canalsimunne.com\/wp-content\/uploads\/2022\/03\/Licors_Canals_Munne_Sant_Sadurni_Licor-de-cava.jpg","datePublished":"2019-07-09T08:25:36+00:00","dateModified":"2026-04-07T09:36:22+00:00","breadcrumb":{"@id":"https:\/\/www.canalsimunne.com\/es\/producto\/licor-de-cava\/#breadcrumb"},"inLanguage":"es","potentialAction":[{"@type":"ReadAction","target":["https:\/\/www.canalsimunne.com\/es\/producto\/licor-de-cava\/"]}]},{"@type":"ImageObject","inLanguage":"es","@id":"https:\/\/www.canalsimunne.com\/es\/producto\/licor-de-cava\/#primaryimage","url":"https:\/\/www.canalsimunne.com\/wp-content\/uploads\/2022\/03\/Licors_Canals_Munne_Sant_Sadurni_Licor-de-cava.jpg","contentUrl":"https:\/\/www.canalsimunne.com\/wp-content\/uploads\/2022\/03\/Licors_Canals_Munne_Sant_Sadurni_Licor-de-cava.jpg","width":330,"height":430},{"@type":"BreadcrumbList","@id":"https:\/\/www.canalsimunne.com\/es\/producto\/licor-de-cava\/#breadcrumb","itemListElement":[{"@type":"ListItem","position":1,"name":"Portada","item":"https:\/\/www.canalsimunne.com\/es\/"},{"@type":"ListItem","position":2,"name":"Tienda","item":"https:\/\/www.canalsimunne.com\/es\/tienda\/"},{"@type":"ListItem","position":3,"name":"Licor de cava"}]},{"@type":"WebSite","@id":"https:\/\/www.canalsimunne.com\/#website","url":"https:\/\/www.canalsimunne.com\/","name":"Canals &amp; Munn\u00e9","description":"Otro sitio realizado con WordPress","potentialAction":[{"@type":"SearchAction","target":{"@type":"EntryPoint","urlTemplate":"https:\/\/www.canalsimunne.com\/?s={search_term_string}"},"query-input":{"@type":"PropertyValueSpecification","valueRequired":true,"valueName":"search_term_string"}}],"inLanguage":"es"}]}},"_links":{"self":[{"href":"https:\/\/www.canalsimunne.com\/es\/wp-json\/wp\/v2\/product\/445","targetHints":{"allow":["GET"]}}],"collection":[{"href":"https:\/\/www.canalsimunne.com\/es\/wp-json\/wp\/v2\/product"}],"about":[{"href":"https:\/\/www.canalsimunne.com\/es\/wp-json\/wp\/v2\/types\/product"}],"wp:featuredmedia":[{"embeddable":true,"href":"https:\/\/www.canalsimunne.com\/es\/wp-json\/wp\/v2\/media\/403898"}],"wp:attachment":[{"href":"https:\/\/www.canalsimunne.com\/es\/wp-json\/wp\/v2\/media?parent=445"}],"wp:term":[{"taxonomy":"product_brand","embeddable":true,"href":"https:\/\/www.canalsimunne.com\/es\/wp-json\/wp\/v2\/product_brand?post=445"},{"taxonomy":"product_cat","embeddable":true,"href":"https:\/\/www.canalsimunne.com\/es\/wp-json\/wp\/v2\/product_cat?post=445"},{"taxonomy":"product_tag","embeddable":true,"href":"https:\/\/www.canalsimunne.com\/es\/wp-json\/wp\/v2\/product_tag?post=445"}],"curies":[{"name":"wp","href":"https:\/\/api.w.org\/{rel}","templated":true}]}}