{"id":418020,"date":"2026-05-08T12:15:08","date_gmt":"2026-05-08T10:15:08","guid":{"rendered":"https:\/\/www.canalsimunne.com\/?post_type=product&#038;p=418020"},"modified":"2026-05-08T14:02:28","modified_gmt":"2026-05-08T12:02:28","slug":"jasmin-cast-2026","status":"publish","type":"product","link":"https:\/\/www.canalsimunne.com\/es\/producto\/jasmin-cast-2026\/","title":{"rendered":"Jasmin-<span style=\"color:#ff0000;\">Novedad 2026<\/span>"},"content":{"rendered":"<p>Ref.: 37<\/p>\n<div>\n<div class=\"flex h-svh w-screen flex-col\">\n<div class=\"relative z-0 flex min-h-0 w-full flex-1\">\n<div class=\"relative flex min-h-0 w-full flex-1\">\n<div class=\"@container\/main relative flex min-w-0 flex-1 flex-col -translate-y-[calc(env(safe-area-inset-bottom,0px)\/2)] pt-[calc(env(safe-area-inset-bottom,0px)\/2)]\">\n<div class=\"@w-sm\/main:[scrollbar-gutter:var(--stage-scroll-gutter)] touch:[scrollbar-width:none] group\/scroll-root relative flex min-h-0 min-w-0 flex-1 flex-col [scrollbar-gutter:stable] not-print:overflow-x-clip not-print:overflow-y-auto group-data-stream-active\/scroll-root:[overflow-anchor:none] scroll-pt-(--header-height) [--sticky-padding-top:var(--header-height)] [--sticky-padding-bottom:0px] [--scroll-root-safe-area-inset-top:calc(var(--sticky-padding-top)+env(safe-area-inset-top,0px))] [--scroll-root-safe-area-inset-bottom:calc(var(--sticky-padding-bottom)+var(--screen-keyboard-height,0px)+env(safe-area-inset-bottom,0px))] [--scroll-root-safe-area-height:calc(100lvh-var(--scroll-root-safe-area-inset-top)-var(--scroll-root-safe-area-inset-bottom))] has-data-[fixed-header=less-than-xl]:@w-xl\/main:scroll-pt-0 has-data-[fixed-header=less-than-xl]:@w-xl\/main:[--sticky-padding-top:0px] has-data-[fixed-header=less-than-xxl]:@w-2xl\/main:scroll-pt-0 has-data-[fixed-header=less-than-xxl]:@w-2xl\/main:[--sticky-padding-top:0px]\" data-scroll-root=\"\" data-scroll-from-top=\"\">\n<p data-start=\"10\" data-end=\"24\"><strong>Cosecha 2025<\/strong><\/p>\n<p data-start=\"77\" data-end=\"87\"><strong>Variedad<\/strong><\/p>\n<p data-start=\"89\" data-end=\"124\">Riesling 50 % y Chenin Blanc 50 %<\/p>\n<p data-start=\"126\" data-end=\"224\">Hemos implantado en el Pened\u00e9s estas dos variedades de origen alem\u00e1n y franc\u00e9s, respectivamente.<\/p>\n<p data-start=\"226\" data-end=\"239\"><strong>Elaboraci\u00f3n<\/strong><\/p>\n<p data-start=\"241\" data-end=\"379\">Fermentaci\u00f3n a baja temperatura controlada en dep\u00f3sito de acero inoxidable durante 15-16 d\u00edas y reposo en dep\u00f3sito hasta el embotellado.<\/p>\n<p data-start=\"381\" data-end=\"395\"><strong>Nota de cata<\/strong><\/p>\n<p data-start=\"397\" data-end=\"569\">Vino muy perfumado que perdura en el tiempo, nos recuerda a fruta fresca como melocot\u00f3n y uva, de cuerpo vibrante y final salino que nos describe un paisaje mediterr\u00e1neo.<\/p>\n<p data-start=\"571\" data-end=\"581\"><strong>Maridaje<\/strong><\/p>\n<p data-start=\"583\" data-end=\"684\" data-is-last-node=\"\" data-is-only-node=\"\">Comida asi\u00e1tica como sushi, ensaladas frescas, carpaccio, marinados de pescado, cocina creativa, etc.<\/p>\n<div id=\"thread\" class=\"group\/thread flex flex-col min-h-full\">\n<div class=\"composer-parent flex flex-1 flex-col focus-visible:outline-0\" role=\"presentation\">\n<div class=\"relative basis-auto flex-col -mb-(--composer-overlap-px) pb-(--composer-overlap-px) [--composer-overlap-px:28px] grow flex\">\n<div class=\"flex flex-col text-sm\">\n<section class=\"text-token-text-primary w-full focus:outline-none [--shadow-height:45px] has-data-writing-block:pointer-events-none has-data-writing-block:-mt-(--shadow-height) has-data-writing-block:pt-(--shadow-height) [&amp;:has([data-writing-block])&gt;*]:pointer-events-auto [content-visibility:auto] supports-[content-visibility:auto]:[contain-intrinsic-size:auto_100lvh] R6Vx5W_threadScrollVars scroll-mb-[calc(var(--scroll-root-safe-area-inset-bottom,0px)+var(--thread-response-height))] scroll-mt-[calc(var(--header-height)+min(200px,max(70px,20svh)))]\" dir=\"auto\" data-turn-id=\"request-WEB:16e48e5b-855d-4b1e-9d33-899e738efa60-9\" data-testid=\"conversation-turn-10\" data-scroll-anchor=\"false\" data-turn=\"assistant\">\n<div class=\"text-base my-auto mx-auto pb-10 [--thread-content-margin:var(--thread-content-margin-xs,calc(var(--spacing)*4))] @w-sm\/main:[--thread-content-margin:var(--thread-content-margin-sm,calc(var(--spacing)*6))] @w-lg\/main:[--thread-content-margin:var(--thread-content-margin-lg,calc(var(--spacing)*16))] px-(--thread-content-margin)\">\n<div class=\"[--thread-content-max-width:40rem] @w-lg\/main:[--thread-content-max-width:48rem] mx-auto max-w-(--thread-content-max-width) flex-1 group\/turn-messages focus-visible:outline-hidden relative flex w-full min-w-0 flex-col agent-turn\">\n<div class=\"flex max-w-full flex-col gap-4 grow\">\n<div class=\"min-h-8 text-message relative flex w-full flex-col items-end gap-2 text-start break-words whitespace-normal outline-none keyboard-focused:focus-ring [.text-message+&amp;]:mt-1\" dir=\"auto\" tabindex=\"0\" data-message-author-role=\"assistant\" data-message-id=\"c1d9d89b-2953-480b-9b56-39eea3ae7c7f\" data-message-model-slug=\"gpt-5-3\" data-turn-start-message=\"true\">\n<div class=\"flex w-full flex-col gap-1 empty:hidden\">\n<div class=\"markdown prose dark:prose-invert w-full wrap-break-word light markdown-new-styling\">\n<p>&nbsp;<\/p>\n<p><b>\u00a0<\/b><\/p>\n<p>&nbsp;<\/p>\n<\/div>\n<\/div>\n<\/div>\n<\/div>\n<div class=\"mt-3 w-full empty:hidden\">\n<div class=\"text-center\"><\/div>\n<\/div>\n<\/div>\n<\/div>\n<\/section>\n<div class=\"pointer-events-none -mt-px h-px translate-y-[calc(var(--scroll-root-safe-area-inset-bottom)-14*var(--spacing))]\" aria-hidden=\"true\"><\/div>\n<div class=\"pointer-events-none translate-y-(--scroll-root-safe-area-inset-bottom) R6Vx5W_threadScrollVars min-h-(--gutter-remaining-height,0px) group-data-stream-active\/scroll-root:h-[calc(var(--thread-response-height)-16*var(--spacing))]\"><\/div>\n<\/div>\n<\/div>\n<div id=\"thread-bottom-container\" class=\"sticky bottom-0 z-10 group\/thread-bottom-container relative isolate w-full basis-auto has-data-has-thread-error:pt-2 has-data-has-thread-error:[box-shadow:var(--sharp-edge-bottom-shadow)] md:border-transparent md:pt-0 dark:border-white\/20 md:dark:border-transparent print:hidden content-fade single-line flex flex-col\">\n<div id=\"thread-bottom\">\n<div class=\"text-base mx-auto [--thread-content-margin:var(--thread-content-margin-xs,calc(var(--spacing)*4))] @w-sm\/main:[--thread-content-margin:var(--thread-content-margin-sm,calc(var(--spacing)*6))] @w-lg\/main:[--thread-content-margin:var(--thread-content-margin-lg,calc(var(--spacing)*16))] px-(--thread-content-margin)\">\n<div class=\"[--thread-content-max-width:40rem] @w-lg\/main:[--thread-content-max-width:48rem] mx-auto max-w-(--thread-content-max-width) flex-1 mb-[var(--thread-component-gap,1rem)]\">\n<div class=\"flex justify-center empty:hidden\"><\/div>\n<div class=\"pointer-events-auto relative z-1 flex h-(--composer-container-height,100%) max-w-full flex-(--composer-container-flex,1) flex-col\">\n<form class=\"group\/composer w-full\" data-type=\"unified-composer\">\n<div class=\"\">\n<div class=\"bg-token-bg-primary dark:bg-token-bg-elevated-primary dark-oled:bg-token-bg-primary corner-superellipse\/1.1 cursor-text overflow-clip bg-clip-padding p-2.5 contain-inline-size motion-safe:transition-colors motion-safe:duration-200 motion-safe:ease-in-out grid grid-cols-[auto_1fr_auto] [grid-template-areas:'header_header_header'_'leading_primary_trailing'_'._footer_.'] group-data-expanded\/composer:[grid-template-areas:'header_header_header'_'primary_primary_primary'_'leading_footer_trailing'] shadow-short-composer\" data-composer-surface=\"true\">\n<div class=\"-my-2.5 flex min-h-14 items-center overflow-x-hidden px-1.5 [grid-area:primary] group-data-expanded\/composer:mb-0 group-data-expanded\/composer:px-2.5\">\n<div class=\"wcDTda_prosemirror-parent text-token-text-primary max-h-[max(30svh,5rem)] max-h-52 min-h-[var(--deep-research-composer-extra-height,unset)] flex-1 overflow-auto [scrollbar-width:thin] default-browser vertical-scroll-fade-mask\"><\/div>\n<\/div>\n<div class=\"flex items-center gap-2 [grid-area:trailing]\">\n<div class=\"relative ms-1\">\n<div>\n<div class=\"-me-2\"><\/div>\n<\/div>\n<\/div>\n<div class=\"ms-auto flex items-center gap-1.5\">\n<div id=\"_r_qq_\" class=\"fixed inset-s-[anchor(center)] inset-e-auto top-[calc(anchor(bottom)+var(--spacing))] bottom-auto h-fit -translate-x-1\/2 [position-try-fallbacks:flip-block] overflow-visible bg-transparent z-50\" role=\"tooltip\"><\/div>\n<div>\n<div class=\"inline-flex\">\n<div><\/div>\n<\/div>\n<\/div>\n<\/div>\n<\/div>\n<\/div>\n<\/div>\n<\/form>\n<\/div>\n<\/div>\n<\/div>\n<\/div>\n<div class=\"-mt-4 text-token-text-secondary relative w-full overflow-hidden text-center text-xs [view-transition-name:var(--vt-disclaimer)] md:px-[60px]\">\n<div class=\"text-base mx-auto [--thread-content-margin:var(--thread-content-margin-xs,calc(var(--spacing)*4))] @w-sm\/main:[--thread-content-margin:var(--thread-content-margin-sm,calc(var(--spacing)*6))] @w-lg\/main:[--thread-content-margin:var(--thread-content-margin-lg,calc(var(--spacing)*16))] px-(--thread-content-margin)\">\n<div class=\"[--thread-content-max-width:40rem] @w-lg\/main:[--thread-content-max-width:48rem] mx-auto max-w-(--thread-content-max-width) flex-1\"><\/div>\n<\/div>\n<\/div>\n<\/div>\n<\/div>\n<\/div>\n<p>&nbsp;<\/p>\n<\/div>\n<\/div>\n<\/div>\n<\/div>\n<div><\/div>\n<\/div>\n<\/div>\n<p>&nbsp;<\/p>\n<p>&nbsp;<\/p>\n<p>&nbsp;<\/p>\n<p>&nbsp;<\/p>\n<p>&nbsp;<\/p>\n","protected":false},"excerpt":{"rendered":"<p>Ref.: 37 Cosecha 2025 Variedad Riesling 50 % y Chenin  [&#8230;]<\/p>\n","protected":false},"featured_media":418026,"template":"","meta":{"_acf_changed":false,"rs_blank_template":"","rs_page_bg_color":"","slide_template_v7":""},"product_brand":[],"product_cat":[21],"product_tag":[84],"class_list":{"0":"post-418020","1":"product","2":"type-product","3":"status-publish","4":"has-post-thumbnail","6":"product_cat-blancos","7":"product_tag-gamma-alta","9":"first","10":"instock","11":"taxable","12":"shipping-taxable","13":"purchasable","14":"product-type-simple"},"acf":[],"yoast_head":"<!-- This site is optimized with the Yoast SEO plugin v27.5 - https:\/\/yoast.com\/product\/yoast-seo-wordpress\/ -->\n<title>Jasmin-Novedad 2026 - Canals &amp; Munn\u00e9<\/title>\n<meta name=\"robots\" content=\"index, follow, max-snippet:-1, max-image-preview:large, max-video-preview:-1\" \/>\n<link rel=\"canonical\" href=\"https:\/\/www.canalsimunne.com\/es\/producto\/jasmin-cast-2026\/\" \/>\n<meta property=\"og:locale\" content=\"es_ES\" \/>\n<meta property=\"og:type\" content=\"article\" \/>\n<meta property=\"og:title\" content=\"Jasmin-Novedad 2026 - Canals &amp; Munn\u00e9\" \/>\n<meta property=\"og:description\" content=\"Ref.: 37 Cosecha 2025 Variedad Riesling 50 % y Chenin [...]\" \/>\n<meta property=\"og:url\" content=\"https:\/\/www.canalsimunne.com\/es\/producto\/jasmin-cast-2026\/\" \/>\n<meta property=\"og:site_name\" content=\"Canals &amp; Munn\u00e9\" \/>\n<meta property=\"article:modified_time\" content=\"2026-05-08T12:02:28+00:00\" \/>\n<meta property=\"og:image\" content=\"https:\/\/www.canalsimunne.com\/wp-content\/uploads\/2026\/05\/canals_munne_jasmin_low_res.jpg\" \/>\n\t<meta property=\"og:image:width\" content=\"800\" \/>\n\t<meta property=\"og:image:height\" content=\"1600\" \/>\n\t<meta property=\"og:image:type\" content=\"image\/jpeg\" \/>\n<meta name=\"twitter:card\" content=\"summary_large_image\" \/>\n<meta name=\"twitter:label1\" content=\"Tiempo de lectura\" \/>\n\t<meta name=\"twitter:data1\" content=\"1 minuto\" \/>\n<script type=\"application\/ld+json\" class=\"yoast-schema-graph\">{\"@context\":\"https:\\\/\\\/schema.org\",\"@graph\":[{\"@type\":\"WebPage\",\"@id\":\"https:\\\/\\\/www.canalsimunne.com\\\/es\\\/producto\\\/jasmin-cast-2026\\\/\",\"url\":\"https:\\\/\\\/www.canalsimunne.com\\\/es\\\/producto\\\/jasmin-cast-2026\\\/\",\"name\":\"Jasmin-Novedad 2026 - Canals &amp; Munn\u00e9\",\"isPartOf\":{\"@id\":\"https:\\\/\\\/www.canalsimunne.com\\\/#website\"},\"primaryImageOfPage\":{\"@id\":\"https:\\\/\\\/www.canalsimunne.com\\\/es\\\/producto\\\/jasmin-cast-2026\\\/#primaryimage\"},\"image\":{\"@id\":\"https:\\\/\\\/www.canalsimunne.com\\\/es\\\/producto\\\/jasmin-cast-2026\\\/#primaryimage\"},\"thumbnailUrl\":\"https:\\\/\\\/www.canalsimunne.com\\\/wp-content\\\/uploads\\\/2026\\\/05\\\/canals_munne_jasmin_low_res.jpg\",\"datePublished\":\"2026-05-08T10:15:08+00:00\",\"dateModified\":\"2026-05-08T12:02:28+00:00\",\"breadcrumb\":{\"@id\":\"https:\\\/\\\/www.canalsimunne.com\\\/es\\\/producto\\\/jasmin-cast-2026\\\/#breadcrumb\"},\"inLanguage\":\"es\",\"potentialAction\":[{\"@type\":\"ReadAction\",\"target\":[\"https:\\\/\\\/www.canalsimunne.com\\\/es\\\/producto\\\/jasmin-cast-2026\\\/\"]}]},{\"@type\":\"ImageObject\",\"inLanguage\":\"es\",\"@id\":\"https:\\\/\\\/www.canalsimunne.com\\\/es\\\/producto\\\/jasmin-cast-2026\\\/#primaryimage\",\"url\":\"https:\\\/\\\/www.canalsimunne.com\\\/wp-content\\\/uploads\\\/2026\\\/05\\\/canals_munne_jasmin_low_res.jpg\",\"contentUrl\":\"https:\\\/\\\/www.canalsimunne.com\\\/wp-content\\\/uploads\\\/2026\\\/05\\\/canals_munne_jasmin_low_res.jpg\",\"width\":800,\"height\":1600},{\"@type\":\"BreadcrumbList\",\"@id\":\"https:\\\/\\\/www.canalsimunne.com\\\/es\\\/producto\\\/jasmin-cast-2026\\\/#breadcrumb\",\"itemListElement\":[{\"@type\":\"ListItem\",\"position\":1,\"name\":\"Portada\",\"item\":\"https:\\\/\\\/www.canalsimunne.com\\\/es\\\/\"},{\"@type\":\"ListItem\",\"position\":2,\"name\":\"Tienda\",\"item\":\"https:\\\/\\\/www.canalsimunne.com\\\/es\\\/tienda\\\/\"},{\"@type\":\"ListItem\",\"position\":3,\"name\":\"Jasmin-Novedad 2026\"}]},{\"@type\":\"WebSite\",\"@id\":\"https:\\\/\\\/www.canalsimunne.com\\\/#website\",\"url\":\"https:\\\/\\\/www.canalsimunne.com\\\/\",\"name\":\"Canals &amp; Munn\u00e9\",\"description\":\"Otro sitio realizado con WordPress\",\"potentialAction\":[{\"@type\":\"SearchAction\",\"target\":{\"@type\":\"EntryPoint\",\"urlTemplate\":\"https:\\\/\\\/www.canalsimunne.com\\\/?s={search_term_string}\"},\"query-input\":{\"@type\":\"PropertyValueSpecification\",\"valueRequired\":true,\"valueName\":\"search_term_string\"}}],\"inLanguage\":\"es\"}]}<\/script>\n<!-- \/ Yoast SEO plugin. -->","yoast_head_json":{"title":"Jasmin-Novedad 2026 - Canals &amp; Munn\u00e9","robots":{"index":"index","follow":"follow","max-snippet":"max-snippet:-1","max-image-preview":"max-image-preview:large","max-video-preview":"max-video-preview:-1"},"canonical":"https:\/\/www.canalsimunne.com\/es\/producto\/jasmin-cast-2026\/","og_locale":"es_ES","og_type":"article","og_title":"Jasmin-Novedad 2026 - Canals &amp; Munn\u00e9","og_description":"Ref.: 37 Cosecha 2025 Variedad Riesling 50 % y Chenin [...]","og_url":"https:\/\/www.canalsimunne.com\/es\/producto\/jasmin-cast-2026\/","og_site_name":"Canals &amp; Munn\u00e9","article_modified_time":"2026-05-08T12:02:28+00:00","og_image":[{"width":800,"height":1600,"url":"https:\/\/www.canalsimunne.com\/wp-content\/uploads\/2026\/05\/canals_munne_jasmin_low_res.jpg","type":"image\/jpeg"}],"twitter_card":"summary_large_image","twitter_misc":{"Tiempo de lectura":"1 minuto"},"schema":{"@context":"https:\/\/schema.org","@graph":[{"@type":"WebPage","@id":"https:\/\/www.canalsimunne.com\/es\/producto\/jasmin-cast-2026\/","url":"https:\/\/www.canalsimunne.com\/es\/producto\/jasmin-cast-2026\/","name":"Jasmin-Novedad 2026 - Canals &amp; Munn\u00e9","isPartOf":{"@id":"https:\/\/www.canalsimunne.com\/#website"},"primaryImageOfPage":{"@id":"https:\/\/www.canalsimunne.com\/es\/producto\/jasmin-cast-2026\/#primaryimage"},"image":{"@id":"https:\/\/www.canalsimunne.com\/es\/producto\/jasmin-cast-2026\/#primaryimage"},"thumbnailUrl":"https:\/\/www.canalsimunne.com\/wp-content\/uploads\/2026\/05\/canals_munne_jasmin_low_res.jpg","datePublished":"2026-05-08T10:15:08+00:00","dateModified":"2026-05-08T12:02:28+00:00","breadcrumb":{"@id":"https:\/\/www.canalsimunne.com\/es\/producto\/jasmin-cast-2026\/#breadcrumb"},"inLanguage":"es","potentialAction":[{"@type":"ReadAction","target":["https:\/\/www.canalsimunne.com\/es\/producto\/jasmin-cast-2026\/"]}]},{"@type":"ImageObject","inLanguage":"es","@id":"https:\/\/www.canalsimunne.com\/es\/producto\/jasmin-cast-2026\/#primaryimage","url":"https:\/\/www.canalsimunne.com\/wp-content\/uploads\/2026\/05\/canals_munne_jasmin_low_res.jpg","contentUrl":"https:\/\/www.canalsimunne.com\/wp-content\/uploads\/2026\/05\/canals_munne_jasmin_low_res.jpg","width":800,"height":1600},{"@type":"BreadcrumbList","@id":"https:\/\/www.canalsimunne.com\/es\/producto\/jasmin-cast-2026\/#breadcrumb","itemListElement":[{"@type":"ListItem","position":1,"name":"Portada","item":"https:\/\/www.canalsimunne.com\/es\/"},{"@type":"ListItem","position":2,"name":"Tienda","item":"https:\/\/www.canalsimunne.com\/es\/tienda\/"},{"@type":"ListItem","position":3,"name":"Jasmin-Novedad 2026"}]},{"@type":"WebSite","@id":"https:\/\/www.canalsimunne.com\/#website","url":"https:\/\/www.canalsimunne.com\/","name":"Canals &amp; Munn\u00e9","description":"Otro sitio realizado con WordPress","potentialAction":[{"@type":"SearchAction","target":{"@type":"EntryPoint","urlTemplate":"https:\/\/www.canalsimunne.com\/?s={search_term_string}"},"query-input":{"@type":"PropertyValueSpecification","valueRequired":true,"valueName":"search_term_string"}}],"inLanguage":"es"}]}},"_links":{"self":[{"href":"https:\/\/www.canalsimunne.com\/es\/wp-json\/wp\/v2\/product\/418020","targetHints":{"allow":["GET"]}}],"collection":[{"href":"https:\/\/www.canalsimunne.com\/es\/wp-json\/wp\/v2\/product"}],"about":[{"href":"https:\/\/www.canalsimunne.com\/es\/wp-json\/wp\/v2\/types\/product"}],"wp:featuredmedia":[{"embeddable":true,"href":"https:\/\/www.canalsimunne.com\/es\/wp-json\/wp\/v2\/media\/418026"}],"wp:attachment":[{"href":"https:\/\/www.canalsimunne.com\/es\/wp-json\/wp\/v2\/media?parent=418020"}],"wp:term":[{"taxonomy":"product_brand","embeddable":true,"href":"https:\/\/www.canalsimunne.com\/es\/wp-json\/wp\/v2\/product_brand?post=418020"},{"taxonomy":"product_cat","embeddable":true,"href":"https:\/\/www.canalsimunne.com\/es\/wp-json\/wp\/v2\/product_cat?post=418020"},{"taxonomy":"product_tag","embeddable":true,"href":"https:\/\/www.canalsimunne.com\/es\/wp-json\/wp\/v2\/product_tag?post=418020"}],"curies":[{"name":"wp","href":"https:\/\/api.w.org\/{rel}","templated":true}]}}