{"id":356499,"date":"2020-10-27T11:19:10","date_gmt":"2020-10-27T10:19:10","guid":{"rendered":"https:\/\/www.canalsimunne.com\/?post_type=product&#038;p=356499"},"modified":"2026-05-11T10:17:30","modified_gmt":"2026-05-11T08:17:30","slug":"lote-pride-2026","status":"publish","type":"product","link":"https:\/\/www.canalsimunne.com\/es\/producto\/lote-pride-2026\/","title":{"rendered":"Lote PRIDE 2026"},"content":{"rendered":"<p>LOTE DE 5 BOTELLAS compuesto por:<\/p>\n<p>-2 botella de Cava Pride Brut Gran Reserva.<\/p>\n<p>-1 botella de Vino Princeps Rose<\/p>\n<p>-1 botella de Vino blanco Xarel\u00b7lo Vermell<\/p>\n<p><strong>POR LA COMPRA DE CADA LOTE CONTRIBUYES UN 1\u20ac DE DONACION A :<\/strong><\/p>\n<p><strong>La Federaci\u00f3n Estatal de Lesbianas, Gais, Trans, Bisexuales, Intersexuales y m\u00e1s es una\u00a0ONG estatal\u00a0de car\u00e1cter laico, laicista, feminista, apartidista y asindicalista que agrupa en un proyecto com\u00fan de m\u00e1s de\u00a055 entidades LGTBI+\u00a0de todo el territorio espa\u00f1ol y que se ha convertido en el referente m\u00e1s importante del movimiento asociativo por la\u00a0diversidad afectivo-sexual, familiar y de g\u00e9nero del pa\u00eds, as\u00ed como por la lucha contra el vih y sida.<\/strong><\/p>\n<p>&nbsp;<\/p>\n<p>&nbsp;<\/p>\n<p><strong>+De regalo 1 Nueva Camiseta PRIDE (tallas S,M,l, XL, XXL,3XL poner talla en observaciones del pedio)<\/strong><\/p>\n<p><strong>20% de DESCUENTO!!!<\/strong><\/p>\n<p><strong>TRANSPORTE GRATIS-\u00a0<\/strong><\/p>\n<p>Posibilidad de cambiar 1 botella por otra de un valor similar <strong>*<\/strong>(poner en observaciones de pedido)<\/p>\n<p>*no\u00a0es posible cambiar todas las botellas del lote, solo una<\/p>\n<p><b>CATEGORIA:<\/b> RESERVA \/GRAN RESERVA<\/p>\n<p>Cod.214 \/ 1<\/p>\n","protected":false},"excerpt":{"rendered":"<p>LOTE DE 5 BOTELLAS compuesto por: -2 botella de Cava  [&#8230;]<\/p>\n","protected":false},"featured_media":418049,"template":"","meta":{"_acf_changed":false,"rs_blank_template":"","rs_page_bg_color":"","slide_template_v7":""},"product_brand":[],"product_cat":[23,79],"product_tag":[],"class_list":{"0":"post-356499","1":"product","2":"type-product","3":"status-publish","4":"has-post-thumbnail","6":"product_cat-lotes","7":"product_cat-oferta-es","9":"first","10":"instock","11":"sale","12":"featured","13":"taxable","14":"shipping-taxable","15":"purchasable","16":"product-type-simple"},"acf":[],"yoast_head":"<!-- This site is optimized with the Yoast SEO plugin v27.5 - https:\/\/yoast.com\/product\/yoast-seo-wordpress\/ -->\n<title>Lote PRIDE 2026 - Canals &amp; Munn\u00e9<\/title>\n<meta name=\"robots\" content=\"index, follow, max-snippet:-1, max-image-preview:large, max-video-preview:-1\" \/>\n<link rel=\"canonical\" href=\"https:\/\/www.canalsimunne.com\/es\/producto\/lote-pride-2026\/\" \/>\n<meta property=\"og:locale\" content=\"es_ES\" \/>\n<meta property=\"og:type\" content=\"article\" \/>\n<meta property=\"og:title\" content=\"Lote PRIDE 2026 - Canals &amp; Munn\u00e9\" \/>\n<meta property=\"og:description\" content=\"LOTE DE 5 BOTELLAS compuesto por: -2 botella de Cava [...]\" \/>\n<meta property=\"og:url\" content=\"https:\/\/www.canalsimunne.com\/es\/producto\/lote-pride-2026\/\" \/>\n<meta property=\"og:site_name\" content=\"Canals &amp; Munn\u00e9\" \/>\n<meta property=\"article:modified_time\" content=\"2026-05-11T08:17:30+00:00\" \/>\n<meta property=\"og:image\" content=\"https:\/\/www.canalsimunne.com\/wp-content\/uploads\/2020\/10\/PRODUCTES-WEBLOTS-7.jpg\" \/>\n\t<meta property=\"og:image:width\" content=\"1080\" \/>\n\t<meta property=\"og:image:height\" content=\"1080\" \/>\n\t<meta property=\"og:image:type\" content=\"image\/jpeg\" \/>\n<meta name=\"twitter:card\" content=\"summary_large_image\" \/>\n<meta name=\"twitter:label1\" content=\"Tiempo de lectura\" \/>\n\t<meta name=\"twitter:data1\" content=\"1 minuto\" \/>\n<script type=\"application\/ld+json\" class=\"yoast-schema-graph\">{\"@context\":\"https:\\\/\\\/schema.org\",\"@graph\":[{\"@type\":\"WebPage\",\"@id\":\"https:\\\/\\\/www.canalsimunne.com\\\/es\\\/producto\\\/lote-pride-2026\\\/\",\"url\":\"https:\\\/\\\/www.canalsimunne.com\\\/es\\\/producto\\\/lote-pride-2026\\\/\",\"name\":\"Lote PRIDE 2026 - Canals &amp; Munn\u00e9\",\"isPartOf\":{\"@id\":\"https:\\\/\\\/www.canalsimunne.com\\\/#website\"},\"primaryImageOfPage\":{\"@id\":\"https:\\\/\\\/www.canalsimunne.com\\\/es\\\/producto\\\/lote-pride-2026\\\/#primaryimage\"},\"image\":{\"@id\":\"https:\\\/\\\/www.canalsimunne.com\\\/es\\\/producto\\\/lote-pride-2026\\\/#primaryimage\"},\"thumbnailUrl\":\"https:\\\/\\\/www.canalsimunne.com\\\/wp-content\\\/uploads\\\/2020\\\/10\\\/PRODUCTES-WEBLOTS-7.jpg\",\"datePublished\":\"2020-10-27T10:19:10+00:00\",\"dateModified\":\"2026-05-11T08:17:30+00:00\",\"breadcrumb\":{\"@id\":\"https:\\\/\\\/www.canalsimunne.com\\\/es\\\/producto\\\/lote-pride-2026\\\/#breadcrumb\"},\"inLanguage\":\"es\",\"potentialAction\":[{\"@type\":\"ReadAction\",\"target\":[\"https:\\\/\\\/www.canalsimunne.com\\\/es\\\/producto\\\/lote-pride-2026\\\/\"]}]},{\"@type\":\"ImageObject\",\"inLanguage\":\"es\",\"@id\":\"https:\\\/\\\/www.canalsimunne.com\\\/es\\\/producto\\\/lote-pride-2026\\\/#primaryimage\",\"url\":\"https:\\\/\\\/www.canalsimunne.com\\\/wp-content\\\/uploads\\\/2020\\\/10\\\/PRODUCTES-WEBLOTS-7.jpg\",\"contentUrl\":\"https:\\\/\\\/www.canalsimunne.com\\\/wp-content\\\/uploads\\\/2020\\\/10\\\/PRODUCTES-WEBLOTS-7.jpg\",\"width\":1080,\"height\":1080},{\"@type\":\"BreadcrumbList\",\"@id\":\"https:\\\/\\\/www.canalsimunne.com\\\/es\\\/producto\\\/lote-pride-2026\\\/#breadcrumb\",\"itemListElement\":[{\"@type\":\"ListItem\",\"position\":1,\"name\":\"Portada\",\"item\":\"https:\\\/\\\/www.canalsimunne.com\\\/es\\\/\"},{\"@type\":\"ListItem\",\"position\":2,\"name\":\"Tienda\",\"item\":\"https:\\\/\\\/www.canalsimunne.com\\\/es\\\/tienda\\\/\"},{\"@type\":\"ListItem\",\"position\":3,\"name\":\"Lote PRIDE 2026\"}]},{\"@type\":\"WebSite\",\"@id\":\"https:\\\/\\\/www.canalsimunne.com\\\/#website\",\"url\":\"https:\\\/\\\/www.canalsimunne.com\\\/\",\"name\":\"Canals &amp; Munn\u00e9\",\"description\":\"Otro sitio realizado con WordPress\",\"potentialAction\":[{\"@type\":\"SearchAction\",\"target\":{\"@type\":\"EntryPoint\",\"urlTemplate\":\"https:\\\/\\\/www.canalsimunne.com\\\/?s={search_term_string}\"},\"query-input\":{\"@type\":\"PropertyValueSpecification\",\"valueRequired\":true,\"valueName\":\"search_term_string\"}}],\"inLanguage\":\"es\"}]}<\/script>\n<!-- \/ Yoast SEO plugin. -->","yoast_head_json":{"title":"Lote PRIDE 2026 - Canals &amp; Munn\u00e9","robots":{"index":"index","follow":"follow","max-snippet":"max-snippet:-1","max-image-preview":"max-image-preview:large","max-video-preview":"max-video-preview:-1"},"canonical":"https:\/\/www.canalsimunne.com\/es\/producto\/lote-pride-2026\/","og_locale":"es_ES","og_type":"article","og_title":"Lote PRIDE 2026 - Canals &amp; Munn\u00e9","og_description":"LOTE DE 5 BOTELLAS compuesto por: -2 botella de Cava [...]","og_url":"https:\/\/www.canalsimunne.com\/es\/producto\/lote-pride-2026\/","og_site_name":"Canals &amp; Munn\u00e9","article_modified_time":"2026-05-11T08:17:30+00:00","og_image":[{"width":1080,"height":1080,"url":"https:\/\/www.canalsimunne.com\/wp-content\/uploads\/2020\/10\/PRODUCTES-WEBLOTS-7.jpg","type":"image\/jpeg"}],"twitter_card":"summary_large_image","twitter_misc":{"Tiempo de lectura":"1 minuto"},"schema":{"@context":"https:\/\/schema.org","@graph":[{"@type":"WebPage","@id":"https:\/\/www.canalsimunne.com\/es\/producto\/lote-pride-2026\/","url":"https:\/\/www.canalsimunne.com\/es\/producto\/lote-pride-2026\/","name":"Lote PRIDE 2026 - Canals &amp; Munn\u00e9","isPartOf":{"@id":"https:\/\/www.canalsimunne.com\/#website"},"primaryImageOfPage":{"@id":"https:\/\/www.canalsimunne.com\/es\/producto\/lote-pride-2026\/#primaryimage"},"image":{"@id":"https:\/\/www.canalsimunne.com\/es\/producto\/lote-pride-2026\/#primaryimage"},"thumbnailUrl":"https:\/\/www.canalsimunne.com\/wp-content\/uploads\/2020\/10\/PRODUCTES-WEBLOTS-7.jpg","datePublished":"2020-10-27T10:19:10+00:00","dateModified":"2026-05-11T08:17:30+00:00","breadcrumb":{"@id":"https:\/\/www.canalsimunne.com\/es\/producto\/lote-pride-2026\/#breadcrumb"},"inLanguage":"es","potentialAction":[{"@type":"ReadAction","target":["https:\/\/www.canalsimunne.com\/es\/producto\/lote-pride-2026\/"]}]},{"@type":"ImageObject","inLanguage":"es","@id":"https:\/\/www.canalsimunne.com\/es\/producto\/lote-pride-2026\/#primaryimage","url":"https:\/\/www.canalsimunne.com\/wp-content\/uploads\/2020\/10\/PRODUCTES-WEBLOTS-7.jpg","contentUrl":"https:\/\/www.canalsimunne.com\/wp-content\/uploads\/2020\/10\/PRODUCTES-WEBLOTS-7.jpg","width":1080,"height":1080},{"@type":"BreadcrumbList","@id":"https:\/\/www.canalsimunne.com\/es\/producto\/lote-pride-2026\/#breadcrumb","itemListElement":[{"@type":"ListItem","position":1,"name":"Portada","item":"https:\/\/www.canalsimunne.com\/es\/"},{"@type":"ListItem","position":2,"name":"Tienda","item":"https:\/\/www.canalsimunne.com\/es\/tienda\/"},{"@type":"ListItem","position":3,"name":"Lote PRIDE 2026"}]},{"@type":"WebSite","@id":"https:\/\/www.canalsimunne.com\/#website","url":"https:\/\/www.canalsimunne.com\/","name":"Canals &amp; Munn\u00e9","description":"Otro sitio realizado con WordPress","potentialAction":[{"@type":"SearchAction","target":{"@type":"EntryPoint","urlTemplate":"https:\/\/www.canalsimunne.com\/?s={search_term_string}"},"query-input":{"@type":"PropertyValueSpecification","valueRequired":true,"valueName":"search_term_string"}}],"inLanguage":"es"}]}},"_links":{"self":[{"href":"https:\/\/www.canalsimunne.com\/es\/wp-json\/wp\/v2\/product\/356499","targetHints":{"allow":["GET"]}}],"collection":[{"href":"https:\/\/www.canalsimunne.com\/es\/wp-json\/wp\/v2\/product"}],"about":[{"href":"https:\/\/www.canalsimunne.com\/es\/wp-json\/wp\/v2\/types\/product"}],"wp:featuredmedia":[{"embeddable":true,"href":"https:\/\/www.canalsimunne.com\/es\/wp-json\/wp\/v2\/media\/418049"}],"wp:attachment":[{"href":"https:\/\/www.canalsimunne.com\/es\/wp-json\/wp\/v2\/media?parent=356499"}],"wp:term":[{"taxonomy":"product_brand","embeddable":true,"href":"https:\/\/www.canalsimunne.com\/es\/wp-json\/wp\/v2\/product_brand?post=356499"},{"taxonomy":"product_cat","embeddable":true,"href":"https:\/\/www.canalsimunne.com\/es\/wp-json\/wp\/v2\/product_cat?post=356499"},{"taxonomy":"product_tag","embeddable":true,"href":"https:\/\/www.canalsimunne.com\/es\/wp-json\/wp\/v2\/product_tag?post=356499"}],"curies":[{"name":"wp","href":"https:\/\/api.w.org\/{rel}","templated":true}]}}