{"id":354,"date":"2019-06-19T09:33:46","date_gmt":"2019-06-19T07:33:46","guid":{"rendered":"http:\/\/www.canalsimunne.com\/?post_type=product&#038;p=354"},"modified":"2026-02-27T11:42:10","modified_gmt":"2026-02-27T10:42:10","slug":"blanco-princeps-muscat","status":"publish","type":"product","link":"https:\/\/www.canalsimunne.com\/es\/producto\/blanco-princeps-muscat\/","title":{"rendered":"Blanco Pr\u00ednceps Muscat &#8211; <span style='color: red;'>*Recomendado*<\/span>"},"content":{"rendered":"<p>Ref.: 36<\/p>\n<p>Cosecha 2024.<\/p>\n<p><b>COMENTARIOS:<\/b>\u00a0Ampolla numerada. Servir fr\u00edo entre 4 y 5\u00baC.<\/p>\n<p><b>CUPAJE:<\/b> 100 % Muscat. <strong>ECO<\/strong><\/p>\n<p><b>CATA:<\/b>\u00a0Vino de color amarillo p\u00e1lido. Afrutado y arom\u00e1tico. Suave, equlibrado y arm\u00f3nico.<\/p>\n<p><span class=\"BotigaProdPmid\">MEDALLA DE PLATA DO PENEDES&#8217;16 \/ SILVER MEDAL<\/span><\/p>\n","protected":false},"excerpt":{"rendered":"<p>Ref.: 36 Cosecha 2024. COMENTARIOS:\u00a0Ampolla numerada. Servir fr\u00edo entre 4  [&#8230;]<\/p>\n","protected":false},"featured_media":403838,"template":"","meta":{"_acf_changed":false,"rs_blank_template":"","rs_page_bg_color":"","slide_template_v7":""},"product_brand":[],"product_cat":[21],"product_tag":[83],"class_list":{"0":"post-354","1":"product","2":"type-product","3":"status-publish","4":"has-post-thumbnail","6":"product_cat-blancos","7":"product_tag-gamma-mitja","8":"product_shipping_class-gamma-mitja","10":"first","11":"instock","12":"taxable","13":"shipping-taxable","14":"purchasable","15":"product-type-simple"},"acf":[],"yoast_head":"<!-- This site is optimized with the Yoast SEO plugin v27.3 - https:\/\/yoast.com\/product\/yoast-seo-wordpress\/ -->\n<title>Blanco Pr\u00ednceps Muscat - *Recomendado* - Canals &amp; Munn\u00e9<\/title>\n<meta name=\"robots\" content=\"index, follow, max-snippet:-1, max-image-preview:large, max-video-preview:-1\" \/>\n<link rel=\"canonical\" href=\"https:\/\/www.canalsimunne.com\/es\/producto\/blanco-princeps-muscat\/\" \/>\n<meta property=\"og:locale\" content=\"es_ES\" \/>\n<meta property=\"og:type\" content=\"article\" \/>\n<meta property=\"og:title\" content=\"Blanco Pr\u00ednceps Muscat - *Recomendado* - Canals &amp; Munn\u00e9\" \/>\n<meta property=\"og:description\" content=\"Ref.: 36 Cosecha 2024. COMENTARIOS:\u00a0Ampolla numerada. Servir fr\u00edo entre 4 [...]\" \/>\n<meta property=\"og:url\" content=\"https:\/\/www.canalsimunne.com\/es\/producto\/blanco-princeps-muscat\/\" \/>\n<meta property=\"og:site_name\" content=\"Canals &amp; Munn\u00e9\" \/>\n<meta property=\"article:modified_time\" content=\"2026-02-27T10:42:10+00:00\" \/>\n<meta property=\"og:image\" content=\"https:\/\/www.canalsimunne.com\/wp-content\/uploads\/2022\/03\/Sant_Sadurni_Vi_Blanc_Princeps_Muscat_Recomanat.jpg\" \/>\n\t<meta property=\"og:image:width\" content=\"1280\" \/>\n\t<meta property=\"og:image:height\" content=\"2560\" \/>\n\t<meta property=\"og:image:type\" content=\"image\/jpeg\" \/>\n<meta name=\"twitter:card\" content=\"summary_large_image\" \/>\n<meta name=\"twitter:label1\" content=\"Tiempo de lectura\" \/>\n\t<meta name=\"twitter:data1\" content=\"1 minuto\" \/>\n<script type=\"application\/ld+json\" class=\"yoast-schema-graph\">{\"@context\":\"https:\\\/\\\/schema.org\",\"@graph\":[{\"@type\":\"WebPage\",\"@id\":\"https:\\\/\\\/www.canalsimunne.com\\\/es\\\/producto\\\/blanco-princeps-muscat\\\/\",\"url\":\"https:\\\/\\\/www.canalsimunne.com\\\/es\\\/producto\\\/blanco-princeps-muscat\\\/\",\"name\":\"Blanco Pr\u00ednceps Muscat - *Recomendado* - Canals &amp; Munn\u00e9\",\"isPartOf\":{\"@id\":\"https:\\\/\\\/www.canalsimunne.com\\\/#website\"},\"primaryImageOfPage\":{\"@id\":\"https:\\\/\\\/www.canalsimunne.com\\\/es\\\/producto\\\/blanco-princeps-muscat\\\/#primaryimage\"},\"image\":{\"@id\":\"https:\\\/\\\/www.canalsimunne.com\\\/es\\\/producto\\\/blanco-princeps-muscat\\\/#primaryimage\"},\"thumbnailUrl\":\"https:\\\/\\\/www.canalsimunne.com\\\/wp-content\\\/uploads\\\/2022\\\/03\\\/Sant_Sadurni_Vi_Blanc_Princeps_Muscat_Recomanat.jpg\",\"datePublished\":\"2019-06-19T07:33:46+00:00\",\"dateModified\":\"2026-02-27T10:42:10+00:00\",\"breadcrumb\":{\"@id\":\"https:\\\/\\\/www.canalsimunne.com\\\/es\\\/producto\\\/blanco-princeps-muscat\\\/#breadcrumb\"},\"inLanguage\":\"es\",\"potentialAction\":[{\"@type\":\"ReadAction\",\"target\":[\"https:\\\/\\\/www.canalsimunne.com\\\/es\\\/producto\\\/blanco-princeps-muscat\\\/\"]}]},{\"@type\":\"ImageObject\",\"inLanguage\":\"es\",\"@id\":\"https:\\\/\\\/www.canalsimunne.com\\\/es\\\/producto\\\/blanco-princeps-muscat\\\/#primaryimage\",\"url\":\"https:\\\/\\\/www.canalsimunne.com\\\/wp-content\\\/uploads\\\/2022\\\/03\\\/Sant_Sadurni_Vi_Blanc_Princeps_Muscat_Recomanat.jpg\",\"contentUrl\":\"https:\\\/\\\/www.canalsimunne.com\\\/wp-content\\\/uploads\\\/2022\\\/03\\\/Sant_Sadurni_Vi_Blanc_Princeps_Muscat_Recomanat.jpg\",\"width\":1280,\"height\":2560},{\"@type\":\"BreadcrumbList\",\"@id\":\"https:\\\/\\\/www.canalsimunne.com\\\/es\\\/producto\\\/blanco-princeps-muscat\\\/#breadcrumb\",\"itemListElement\":[{\"@type\":\"ListItem\",\"position\":1,\"name\":\"Portada\",\"item\":\"https:\\\/\\\/www.canalsimunne.com\\\/es\\\/\"},{\"@type\":\"ListItem\",\"position\":2,\"name\":\"Tienda\",\"item\":\"https:\\\/\\\/www.canalsimunne.com\\\/es\\\/tienda\\\/\"},{\"@type\":\"ListItem\",\"position\":3,\"name\":\"Blanco Pr\u00ednceps Muscat &#8211; *Recomendado*\"}]},{\"@type\":\"WebSite\",\"@id\":\"https:\\\/\\\/www.canalsimunne.com\\\/#website\",\"url\":\"https:\\\/\\\/www.canalsimunne.com\\\/\",\"name\":\"Canals &amp; Munn\u00e9\",\"description\":\"Otro sitio realizado con WordPress\",\"potentialAction\":[{\"@type\":\"SearchAction\",\"target\":{\"@type\":\"EntryPoint\",\"urlTemplate\":\"https:\\\/\\\/www.canalsimunne.com\\\/?s={search_term_string}\"},\"query-input\":{\"@type\":\"PropertyValueSpecification\",\"valueRequired\":true,\"valueName\":\"search_term_string\"}}],\"inLanguage\":\"es\"}]}<\/script>\n<!-- \/ Yoast SEO plugin. -->","yoast_head_json":{"title":"Blanco Pr\u00ednceps Muscat - *Recomendado* - Canals &amp; Munn\u00e9","robots":{"index":"index","follow":"follow","max-snippet":"max-snippet:-1","max-image-preview":"max-image-preview:large","max-video-preview":"max-video-preview:-1"},"canonical":"https:\/\/www.canalsimunne.com\/es\/producto\/blanco-princeps-muscat\/","og_locale":"es_ES","og_type":"article","og_title":"Blanco Pr\u00ednceps Muscat - *Recomendado* - Canals &amp; Munn\u00e9","og_description":"Ref.: 36 Cosecha 2024. COMENTARIOS:\u00a0Ampolla numerada. Servir fr\u00edo entre 4 [...]","og_url":"https:\/\/www.canalsimunne.com\/es\/producto\/blanco-princeps-muscat\/","og_site_name":"Canals &amp; Munn\u00e9","article_modified_time":"2026-02-27T10:42:10+00:00","og_image":[{"width":1280,"height":2560,"url":"https:\/\/www.canalsimunne.com\/wp-content\/uploads\/2022\/03\/Sant_Sadurni_Vi_Blanc_Princeps_Muscat_Recomanat.jpg","type":"image\/jpeg"}],"twitter_card":"summary_large_image","twitter_misc":{"Tiempo de lectura":"1 minuto"},"schema":{"@context":"https:\/\/schema.org","@graph":[{"@type":"WebPage","@id":"https:\/\/www.canalsimunne.com\/es\/producto\/blanco-princeps-muscat\/","url":"https:\/\/www.canalsimunne.com\/es\/producto\/blanco-princeps-muscat\/","name":"Blanco Pr\u00ednceps Muscat - *Recomendado* - Canals &amp; Munn\u00e9","isPartOf":{"@id":"https:\/\/www.canalsimunne.com\/#website"},"primaryImageOfPage":{"@id":"https:\/\/www.canalsimunne.com\/es\/producto\/blanco-princeps-muscat\/#primaryimage"},"image":{"@id":"https:\/\/www.canalsimunne.com\/es\/producto\/blanco-princeps-muscat\/#primaryimage"},"thumbnailUrl":"https:\/\/www.canalsimunne.com\/wp-content\/uploads\/2022\/03\/Sant_Sadurni_Vi_Blanc_Princeps_Muscat_Recomanat.jpg","datePublished":"2019-06-19T07:33:46+00:00","dateModified":"2026-02-27T10:42:10+00:00","breadcrumb":{"@id":"https:\/\/www.canalsimunne.com\/es\/producto\/blanco-princeps-muscat\/#breadcrumb"},"inLanguage":"es","potentialAction":[{"@type":"ReadAction","target":["https:\/\/www.canalsimunne.com\/es\/producto\/blanco-princeps-muscat\/"]}]},{"@type":"ImageObject","inLanguage":"es","@id":"https:\/\/www.canalsimunne.com\/es\/producto\/blanco-princeps-muscat\/#primaryimage","url":"https:\/\/www.canalsimunne.com\/wp-content\/uploads\/2022\/03\/Sant_Sadurni_Vi_Blanc_Princeps_Muscat_Recomanat.jpg","contentUrl":"https:\/\/www.canalsimunne.com\/wp-content\/uploads\/2022\/03\/Sant_Sadurni_Vi_Blanc_Princeps_Muscat_Recomanat.jpg","width":1280,"height":2560},{"@type":"BreadcrumbList","@id":"https:\/\/www.canalsimunne.com\/es\/producto\/blanco-princeps-muscat\/#breadcrumb","itemListElement":[{"@type":"ListItem","position":1,"name":"Portada","item":"https:\/\/www.canalsimunne.com\/es\/"},{"@type":"ListItem","position":2,"name":"Tienda","item":"https:\/\/www.canalsimunne.com\/es\/tienda\/"},{"@type":"ListItem","position":3,"name":"Blanco Pr\u00ednceps Muscat &#8211; *Recomendado*"}]},{"@type":"WebSite","@id":"https:\/\/www.canalsimunne.com\/#website","url":"https:\/\/www.canalsimunne.com\/","name":"Canals &amp; Munn\u00e9","description":"Otro sitio realizado con WordPress","potentialAction":[{"@type":"SearchAction","target":{"@type":"EntryPoint","urlTemplate":"https:\/\/www.canalsimunne.com\/?s={search_term_string}"},"query-input":{"@type":"PropertyValueSpecification","valueRequired":true,"valueName":"search_term_string"}}],"inLanguage":"es"}]}},"_links":{"self":[{"href":"https:\/\/www.canalsimunne.com\/es\/wp-json\/wp\/v2\/product\/354","targetHints":{"allow":["GET"]}}],"collection":[{"href":"https:\/\/www.canalsimunne.com\/es\/wp-json\/wp\/v2\/product"}],"about":[{"href":"https:\/\/www.canalsimunne.com\/es\/wp-json\/wp\/v2\/types\/product"}],"wp:featuredmedia":[{"embeddable":true,"href":"https:\/\/www.canalsimunne.com\/es\/wp-json\/wp\/v2\/media\/403838"}],"wp:attachment":[{"href":"https:\/\/www.canalsimunne.com\/es\/wp-json\/wp\/v2\/media?parent=354"}],"wp:term":[{"taxonomy":"product_brand","embeddable":true,"href":"https:\/\/www.canalsimunne.com\/es\/wp-json\/wp\/v2\/product_brand?post=354"},{"taxonomy":"product_cat","embeddable":true,"href":"https:\/\/www.canalsimunne.com\/es\/wp-json\/wp\/v2\/product_cat?post=354"},{"taxonomy":"product_tag","embeddable":true,"href":"https:\/\/www.canalsimunne.com\/es\/wp-json\/wp\/v2\/product_tag?post=354"}],"curies":[{"name":"wp","href":"https:\/\/api.w.org\/{rel}","templated":true}]}}