{"id":408770,"date":"2023-07-31T14:09:15","date_gmt":"2023-07-31T12:09:15","guid":{"rendered":"https:\/\/www.canalsimunne.com\/?page_id=408770"},"modified":"2024-01-12T08:35:09","modified_gmt":"2024-01-12T07:35:09","slug":"cava-brut","status":"publish","type":"page","link":"https:\/\/www.canalsimunne.com\/es\/cava-brut\/","title":{"rendered":"Cava Brut Reserva"},"content":{"rendered":"<p><div class=\"fusion-fullwidth fullwidth-box fusion-builder-row-1 fusion-parallax-none hundred-percent-fullwidth non-hundred-percent-height-scrolling lazyload\" style=\"--awb-border-radius-top-left:0px;--awb-border-radius-top-right:0px;--awb-border-radius-bottom-right:0px;--awb-border-radius-bottom-left:0px;--awb-padding-top:150px;--awb-padding-bottom:75px;--awb-margin-top:-230px;--awb-background-size:cover;--awb-flex-wrap:wrap;\" data-bg=\"https:\/\/www.canalsimunne.com\/wp-content\/uploads\/2023\/07\/cava-gran-reserva.jpeg\" ><div class=\"fusion-builder-row fusion-row\"><div class=\"fusion-layout-column fusion_builder_column fusion-builder-column-0 fusion_builder_column_1_1 1_1 fusion-one-full fusion-column-first fusion-column-last\" style=\"--awb-bg-blend:overlay;--awb-bg-size:cover;\"><div class=\"fusion-column-wrapper fusion-column-has-shadow fusion-flex-column-wrapper-legacy\"><div class=\"fusion-title title fusion-title-1 fusion-sep-none fusion-title-center fusion-title-text fusion-title-size-one\" style=\"--awb-margin-top:120px;--awb-margin-bottom:50px;--awb-margin-top-small:25px;--awb-margin-right-small:0px;--awb-margin-bottom-small:0px;--awb-margin-left-small:0px;\"><h1 class=\"fusion-title-heading title-heading-center\" style=\"margin:0;\"><h1 style=\"text-align: center;\"><span data-sheets-value=\"{\" data-sheets-userformat=\"{\">Cava Brut Reserva<\/span><\/h1>\n<h2 style=\"text-align: center;\"><span data-sheets-value=\"{\" data-sheets-userformat=\"{\">Cava Brut: Descubre la elegancia en cada burbuja<\/span><\/h2><\/h1><\/div><div class=\"fusion-clearfix\"><\/div><\/div><\/div><\/div><\/div><div class=\"fusion-fullwidth fullwidth-box fusion-builder-row-2 hundred-percent-fullwidth non-hundred-percent-height-scrolling\" style=\"--awb-border-radius-top-left:0px;--awb-border-radius-top-right:0px;--awb-border-radius-bottom-right:0px;--awb-border-radius-bottom-left:0px;--awb-background-color:#463a17;--awb-flex-wrap:wrap;\" ><div class=\"fusion-builder-row fusion-row\"><div class=\"fusion-layout-column fusion_builder_column fusion-builder-column-1 fusion_builder_column_1_1 1_1 fusion-one-full fusion-column-first fusion-column-last\" style=\"--awb-bg-blend:overlay;--awb-bg-size:cover;--awb-margin-top:20px;--awb-margin-bottom:0px;\"><div class=\"fusion-column-wrapper fusion-column-has-shadow fusion-flex-column-wrapper-legacy\"><div class=\"fusion-text fusion-text-1 text-modal\"><ul>\n<li>Por la compra de\u00a0<strong>6 botellas<\/strong>\u00a0iguales o variadas:\n<ul>\n<li>\u2013\u00a0<strong>2\u20ac<\/strong>\u00a0de descuento por botella<\/li>\n<li>\u2013\u00a0<strong>Transporte gratuito<\/strong><\/li>\n<li>\u2013 Regalo especial\u00a0<strong>Sorpresa<\/strong><\/li>\n<\/ul>\n<\/li>\n<\/ul>\n<\/div><div class=\"fusion-modal modal fade modal-1 modal-info modal-informacio has-light-close\" tabindex=\"-1\" role=\"dialog\" aria-labelledby=\"modal-heading-1\" aria-hidden=\"true\" style=\"--awb-border-color:#ebebeb;--awb-background:rgba(70,58,23,0.95);\"><div class=\"modal-dialog modal-lg\" role=\"document\"><div class=\"modal-content fusion-modal-content\"><div class=\"modal-header\"><button class=\"close\" type=\"button\" data-dismiss=\"modal\" aria-hidden=\"true\" aria-label=\"Close\">&times;<\/button><h3 class=\"modal-title\" id=\"modal-heading-1\" data-dismiss=\"modal\" aria-hidden=\"true\"><\/h3><\/div><div class=\"modal-body fusion-clearfix\">\n<ul>\n<li>Por la compra de\u00a0<strong>6 botellas<\/strong>\u00a0iguales o variadas:\n<ul>\n<li>\u2013\u00a0<strong>2\u20ac<\/strong>\u00a0de descuento por botella<\/li>\n<li>\u2013\u00a0<strong>Transporte gratuito<\/strong><\/li>\n<li>\u2013 Regalo especial\u00a0<strong>Sorpresa<\/strong><\/li>\n<\/ul>\n<\/li>\n<\/ul>\n<\/div><\/div><\/div><\/div><a class=\"fusion-modal-text-link link-to-modal-info\" data-toggle=\"modal\" data-target=\".fusion-modal.modal-info\" href=\"#\">dfsgfsgsfd<\/a><div class=\"fusion-clearfix\"><\/div><\/div><\/div><\/div><\/div><div class=\"fusion-fullwidth fullwidth-box fusion-builder-row-3 nonhundred-percent-fullwidth non-hundred-percent-height-scrolling\" style=\"--awb-border-radius-top-left:0px;--awb-border-radius-top-right:0px;--awb-border-radius-bottom-right:0px;--awb-border-radius-bottom-left:0px;--awb-padding-top:20px;--awb-flex-wrap:wrap;\" ><div class=\"fusion-builder-row fusion-row\"><div class=\"fusion-layout-column fusion_builder_column fusion-builder-column-2 fusion_builder_column_1_1 1_1 fusion-one-full fusion-column-first fusion-column-last\" style=\"--awb-bg-blend:overlay;--awb-bg-size:cover;\"><div class=\"fusion-column-wrapper fusion-column-has-shadow fusion-flex-column-wrapper-legacy\"><div class=\"woocommerce columns-4 \"><ul class=\"products clearfix products-4\">\n<li class=\"product type-product post-168 status-publish first instock product_cat-cava_brut product_cat-cavas product_tag-gamma-mitja has-post-thumbnail taxable shipping-taxable purchasable product-type-simple product-grid-view\">\n\t<div class=\"fusion-product-wrapper\">\n<a href=\"https:\/\/www.canalsimunne.com\/es\/producto\/insuperable-brut\/\" class=\"product-images\" aria-label=\"Insuperable Brut\">\n\n<div class=\"featured-image\">\r\n<img decoding=\"async\" class=\"lazyload categoria-cava\" src=\"data:image\/gif;base64,R0lGODlhAQABAAAAACH5BAEKAAEALAAAAAABAAEAAAICTAEAOw==\" data-orig-src=\"\/wp-content\/uploads\/2019\/06\/cava-reserva.png\" alt=\"cava reserva\">\t\t<img decoding=\"async\" width=\"500\" height=\"1000\" src=\"https:\/\/www.canalsimunne.com\/wp-content\/uploads\/2019\/10\/canals_munne_insuperable_reserva_mid_res-500x1000.jpg\" class=\"attachment-woocommerce_thumbnail size-woocommerce_thumbnail lazyload wp-post-image\" alt=\"\" srcset=\"data:image\/svg+xml,%3Csvg%20xmlns%3D%27http%3A%2F%2Fwww.w3.org%2F2000%2Fsvg%27%20width%3D%271280%27%20height%3D%272560%27%20viewBox%3D%270%200%201280%202560%27%3E%3Crect%20width%3D%271280%27%20height%3D%272560%27%20fill-opacity%3D%220%22%2F%3E%3C%2Fsvg%3E\" data-orig-src=\"https:\/\/www.canalsimunne.com\/wp-content\/uploads\/2019\/10\/canals_munne_insuperable_reserva_mid_res-500x1000.jpg\" data-srcset=\"https:\/\/www.canalsimunne.com\/wp-content\/uploads\/2019\/10\/canals_munne_insuperable_reserva_mid_res-66x132.jpg 66w, https:\/\/www.canalsimunne.com\/wp-content\/uploads\/2019\/10\/canals_munne_insuperable_reserva_mid_res-150x300.jpg 150w, https:\/\/www.canalsimunne.com\/wp-content\/uploads\/2019\/10\/canals_munne_insuperable_reserva_mid_res-177x354.jpg 177w, https:\/\/www.canalsimunne.com\/wp-content\/uploads\/2019\/10\/canals_munne_insuperable_reserva_mid_res-200x400.jpg 200w, https:\/\/www.canalsimunne.com\/wp-content\/uploads\/2019\/10\/canals_munne_insuperable_reserva_mid_res-300x600.jpg 300w, https:\/\/www.canalsimunne.com\/wp-content\/uploads\/2019\/10\/canals_munne_insuperable_reserva_mid_res-320x640.jpg 320w, https:\/\/www.canalsimunne.com\/wp-content\/uploads\/2019\/10\/canals_munne_insuperable_reserva_mid_res-400x800.jpg 400w, https:\/\/www.canalsimunne.com\/wp-content\/uploads\/2019\/10\/canals_munne_insuperable_reserva_mid_res-460x920.jpg 460w, https:\/\/www.canalsimunne.com\/wp-content\/uploads\/2019\/10\/canals_munne_insuperable_reserva_mid_res-500x1000.jpg 500w, https:\/\/www.canalsimunne.com\/wp-content\/uploads\/2019\/10\/canals_munne_insuperable_reserva_mid_res-512x1024.jpg 512w, https:\/\/www.canalsimunne.com\/wp-content\/uploads\/2019\/10\/canals_munne_insuperable_reserva_mid_res-540x1080.jpg 540w, https:\/\/www.canalsimunne.com\/wp-content\/uploads\/2019\/10\/canals_munne_insuperable_reserva_mid_res-600x1200.jpg 600w, https:\/\/www.canalsimunne.com\/wp-content\/uploads\/2019\/10\/canals_munne_insuperable_reserva_mid_res-669x1338.jpg 669w, https:\/\/www.canalsimunne.com\/wp-content\/uploads\/2019\/10\/canals_munne_insuperable_reserva_mid_res-700x1400.jpg 700w, https:\/\/www.canalsimunne.com\/wp-content\/uploads\/2019\/10\/canals_munne_insuperable_reserva_mid_res-768x1536.jpg 768w, https:\/\/www.canalsimunne.com\/wp-content\/uploads\/2019\/10\/canals_munne_insuperable_reserva_mid_res-800x1600.jpg 800w, https:\/\/www.canalsimunne.com\/wp-content\/uploads\/2019\/10\/canals_munne_insuperable_reserva_mid_res-940x1880.jpg 940w, https:\/\/www.canalsimunne.com\/wp-content\/uploads\/2019\/10\/canals_munne_insuperable_reserva_mid_res-1024x2048.jpg 1024w, https:\/\/www.canalsimunne.com\/wp-content\/uploads\/2019\/10\/canals_munne_insuperable_reserva_mid_res-1200x2400.jpg 1200w, https:\/\/www.canalsimunne.com\/wp-content\/uploads\/2019\/10\/canals_munne_insuperable_reserva_mid_res-scaled.jpg 1280w\" data-sizes=\"auto\" \/>\r\n\t\t\t\t\t\t<div class=\"cart-loading\"><i class=\"awb-icon-spinner\" aria-hidden=\"true\"><\/i><\/div>\r\n\t\t\t\t<img decoding=\"async\" class=\"lazyload categoria-cava\" style=\"bottom: 10px; top: unset; right: 10px; width: 100px !important;\" src=\"data:image\/gif;base64,R0lGODlhAQABAAAAACH5BAEKAAEALAAAAAABAAEAAAICTAEAOw==\" data-orig-src=\"\/wp-content\/uploads\/2024\/12\/CCPAE-ECO.png\" alt=\"CCPAE ECO\"><\/div>\r\n<\/a>\n<div class=\"fusion-product-content\">\n\t<div class=\"product-details\">\n\t\t<div class=\"product-details-container\">\n<h3 class=\"product-title\">\n\t<a href=\"https:\/\/www.canalsimunne.com\/es\/producto\/insuperable-brut\/\">\n\t\tInsuperable Brut\t<\/a>\n<\/h3>\n<div class=\"fusion-price-rating\">\n\n\t<span class=\"price\"><span class=\"woocommerce-Price-amount amount\"><bdi>12,50<span class=\"woocommerce-Price-currencySymbol\">&euro;<\/span><\/bdi><\/span><\/span>\n\t\t<\/div>\n\t<\/div>\n<\/div>\n\n\n\t<div class=\"product-buttons\">\n\t\t<div class=\"fusion-content-sep sep-double sep-solid\"><\/div>\n\t\t<div class=\"product-buttons-container clearfix\">\n<span class=\"gtm4wp_productdata\" style=\"display:none; visibility:hidden;\" data-gtm4wp_product_data=\"{&quot;internal_id&quot;:168,&quot;item_id&quot;:168,&quot;item_name&quot;:&quot;Insuperable Brut&quot;,&quot;sku&quot;:168,&quot;price&quot;:12.5,&quot;stocklevel&quot;:null,&quot;stockstatus&quot;:&quot;instock&quot;,&quot;google_business_vertical&quot;:&quot;retail&quot;,&quot;item_category&quot;:&quot;Cavas&quot;,&quot;id&quot;:168,&quot;productlink&quot;:&quot;https:\\\/\\\/www.canalsimunne.com\\\/es\\\/producto\\\/insuperable-brut\\\/&quot;,&quot;item_list_name&quot;:&quot;Lista general de productos&quot;,&quot;index&quot;:1,&quot;product_type&quot;:&quot;simple&quot;,&quot;item_brand&quot;:&quot;&quot;}\"><\/span><br><a href=\"\/es\/wp-json\/wp\/v2\/pages\/408770?add-to-cart=168\" aria-describedby=\"woocommerce_loop_add_to_cart_link_describedby_168\" data-quantity=\"1\" class=\"button product_type_simple add_to_cart_button ajax_add_to_cart\" data-product_id=\"168\" data-product_sku=\"\" aria-label=\"A\u00f1adir al carrito: &ldquo;Insuperable Brut&rdquo;\" rel=\"nofollow\">A\u00f1adir al carrito<\/a>\t<span id=\"woocommerce_loop_add_to_cart_link_describedby_168\" class=\"screen-reader-text\">\n\t\t\t<\/span>\n<div class=\"quantity\">\n\t\t<label class=\"screen-reader-text\" for=\"quantity_69f5d1569c18c\">Insuperable Brut cantidad<\/label>\n\t<input\n\t\ttype=\"number\"\n\t\t\t\tid=\"quantity_69f5d1569c18c\"\n\t\tclass=\"input-text qty text\"\n\t\tname=\"quantity\"\n\t\tvalue=\"1\"\n\t\taria-label=\"Cantidad de productos\"\n\t\t\t\tmin=\"1\"\n\t\t\t\t\t\t\tstep=\"1\"\n\t\t\tplaceholder=\"\"\n\t\t\tinputmode=\"numeric\"\n\t\t\tautocomplete=\"off\"\n\t\t\t\/>\n\t<\/div>\n\n<a href=\"https:\/\/www.canalsimunne.com\/es\/producto\/insuperable-brut\/\" class=\"show_details_button\">\n\tDetails<\/a>\n\n\n\t<\/div>\n\t<\/div>\n\n\t<\/div> <\/div>\n<\/li>\n<li class=\"product type-product post-3641 status-publish instock product_cat-cava_brut product_cat-cavas product_tag-gamma-mitja has-post-thumbnail taxable shipping-taxable purchasable product-type-simple product-grid-view\">\n\t<div class=\"fusion-product-wrapper\">\n<a href=\"https:\/\/www.canalsimunne.com\/es\/producto\/insuperable-brut-nature-novedad-2019\/\" class=\"product-images\" aria-label=\"Insuperable Brut Nature\">\n\n<div class=\"featured-image\">\r\n<img decoding=\"async\" class=\"lazyload categoria-cava\" src=\"data:image\/gif;base64,R0lGODlhAQABAAAAACH5BAEKAAEALAAAAAABAAEAAAICTAEAOw==\" data-orig-src=\"\/wp-content\/uploads\/2019\/06\/cava-reserva.png\" alt=\"cava reserva\">\t\t<img decoding=\"async\" width=\"500\" height=\"1000\" src=\"https:\/\/www.canalsimunne.com\/wp-content\/uploads\/2019\/10\/canals_munne_insuperable_reserva_mid_res-500x1000.jpg\" class=\"attachment-woocommerce_thumbnail size-woocommerce_thumbnail lazyload wp-post-image\" alt=\"\" srcset=\"data:image\/svg+xml,%3Csvg%20xmlns%3D%27http%3A%2F%2Fwww.w3.org%2F2000%2Fsvg%27%20width%3D%271280%27%20height%3D%272560%27%20viewBox%3D%270%200%201280%202560%27%3E%3Crect%20width%3D%271280%27%20height%3D%272560%27%20fill-opacity%3D%220%22%2F%3E%3C%2Fsvg%3E\" data-orig-src=\"https:\/\/www.canalsimunne.com\/wp-content\/uploads\/2019\/10\/canals_munne_insuperable_reserva_mid_res-500x1000.jpg\" data-srcset=\"https:\/\/www.canalsimunne.com\/wp-content\/uploads\/2019\/10\/canals_munne_insuperable_reserva_mid_res-66x132.jpg 66w, https:\/\/www.canalsimunne.com\/wp-content\/uploads\/2019\/10\/canals_munne_insuperable_reserva_mid_res-150x300.jpg 150w, https:\/\/www.canalsimunne.com\/wp-content\/uploads\/2019\/10\/canals_munne_insuperable_reserva_mid_res-177x354.jpg 177w, https:\/\/www.canalsimunne.com\/wp-content\/uploads\/2019\/10\/canals_munne_insuperable_reserva_mid_res-200x400.jpg 200w, https:\/\/www.canalsimunne.com\/wp-content\/uploads\/2019\/10\/canals_munne_insuperable_reserva_mid_res-300x600.jpg 300w, https:\/\/www.canalsimunne.com\/wp-content\/uploads\/2019\/10\/canals_munne_insuperable_reserva_mid_res-320x640.jpg 320w, https:\/\/www.canalsimunne.com\/wp-content\/uploads\/2019\/10\/canals_munne_insuperable_reserva_mid_res-400x800.jpg 400w, https:\/\/www.canalsimunne.com\/wp-content\/uploads\/2019\/10\/canals_munne_insuperable_reserva_mid_res-460x920.jpg 460w, https:\/\/www.canalsimunne.com\/wp-content\/uploads\/2019\/10\/canals_munne_insuperable_reserva_mid_res-500x1000.jpg 500w, https:\/\/www.canalsimunne.com\/wp-content\/uploads\/2019\/10\/canals_munne_insuperable_reserva_mid_res-512x1024.jpg 512w, https:\/\/www.canalsimunne.com\/wp-content\/uploads\/2019\/10\/canals_munne_insuperable_reserva_mid_res-540x1080.jpg 540w, https:\/\/www.canalsimunne.com\/wp-content\/uploads\/2019\/10\/canals_munne_insuperable_reserva_mid_res-600x1200.jpg 600w, https:\/\/www.canalsimunne.com\/wp-content\/uploads\/2019\/10\/canals_munne_insuperable_reserva_mid_res-669x1338.jpg 669w, https:\/\/www.canalsimunne.com\/wp-content\/uploads\/2019\/10\/canals_munne_insuperable_reserva_mid_res-700x1400.jpg 700w, https:\/\/www.canalsimunne.com\/wp-content\/uploads\/2019\/10\/canals_munne_insuperable_reserva_mid_res-768x1536.jpg 768w, https:\/\/www.canalsimunne.com\/wp-content\/uploads\/2019\/10\/canals_munne_insuperable_reserva_mid_res-800x1600.jpg 800w, https:\/\/www.canalsimunne.com\/wp-content\/uploads\/2019\/10\/canals_munne_insuperable_reserva_mid_res-940x1880.jpg 940w, https:\/\/www.canalsimunne.com\/wp-content\/uploads\/2019\/10\/canals_munne_insuperable_reserva_mid_res-1024x2048.jpg 1024w, https:\/\/www.canalsimunne.com\/wp-content\/uploads\/2019\/10\/canals_munne_insuperable_reserva_mid_res-1200x2400.jpg 1200w, https:\/\/www.canalsimunne.com\/wp-content\/uploads\/2019\/10\/canals_munne_insuperable_reserva_mid_res-scaled.jpg 1280w\" data-sizes=\"auto\" \/>\r\n\t\t\t\t\t\t<div class=\"cart-loading\"><i class=\"awb-icon-spinner\" aria-hidden=\"true\"><\/i><\/div>\r\n\t\t\t\t<img decoding=\"async\" class=\"lazyload categoria-cava\" style=\"bottom: 10px; top: unset; right: 10px; width: 100px !important;\" src=\"data:image\/gif;base64,R0lGODlhAQABAAAAACH5BAEKAAEALAAAAAABAAEAAAICTAEAOw==\" data-orig-src=\"\/wp-content\/uploads\/2024\/12\/CCPAE-ECO.png\" alt=\"CCPAE ECO\"><\/div>\r\n<\/a>\n<div class=\"fusion-product-content\">\n\t<div class=\"product-details\">\n\t\t<div class=\"product-details-container\">\n<h3 class=\"product-title\">\n\t<a href=\"https:\/\/www.canalsimunne.com\/es\/producto\/insuperable-brut-nature-novedad-2019\/\">\n\t\tInsuperable Brut Nature\t<\/a>\n<\/h3>\n<div class=\"fusion-price-rating\">\n\n\t<span class=\"price\"><span class=\"woocommerce-Price-amount amount\"><bdi>12,50<span class=\"woocommerce-Price-currencySymbol\">&euro;<\/span><\/bdi><\/span><\/span>\n\t\t<\/div>\n\t<\/div>\n<\/div>\n\n\n\t<div class=\"product-buttons\">\n\t\t<div class=\"fusion-content-sep sep-double sep-solid\"><\/div>\n\t\t<div class=\"product-buttons-container clearfix\">\n<span class=\"gtm4wp_productdata\" style=\"display:none; visibility:hidden;\" data-gtm4wp_product_data=\"{&quot;internal_id&quot;:3641,&quot;item_id&quot;:3641,&quot;item_name&quot;:&quot;Insuperable Brut Nature&quot;,&quot;sku&quot;:3641,&quot;price&quot;:12.5,&quot;stocklevel&quot;:null,&quot;stockstatus&quot;:&quot;instock&quot;,&quot;google_business_vertical&quot;:&quot;retail&quot;,&quot;item_category&quot;:&quot;Cavas&quot;,&quot;id&quot;:3641,&quot;productlink&quot;:&quot;https:\\\/\\\/www.canalsimunne.com\\\/es\\\/producto\\\/insuperable-brut-nature-novedad-2019\\\/&quot;,&quot;item_list_name&quot;:&quot;Lista general de productos&quot;,&quot;index&quot;:2,&quot;product_type&quot;:&quot;simple&quot;,&quot;item_brand&quot;:&quot;&quot;}\"><\/span><br><a href=\"\/es\/wp-json\/wp\/v2\/pages\/408770?add-to-cart=3641\" aria-describedby=\"woocommerce_loop_add_to_cart_link_describedby_3641\" data-quantity=\"1\" class=\"button product_type_simple add_to_cart_button ajax_add_to_cart\" data-product_id=\"3641\" data-product_sku=\"\" aria-label=\"A\u00f1adir al carrito: &ldquo;Insuperable Brut Nature&rdquo;\" rel=\"nofollow\">A\u00f1adir al carrito<\/a>\t<span id=\"woocommerce_loop_add_to_cart_link_describedby_3641\" class=\"screen-reader-text\">\n\t\t\t<\/span>\n<div class=\"quantity\">\n\t\t<label class=\"screen-reader-text\" for=\"quantity_69f5d156a00f1\">Insuperable Brut Nature cantidad<\/label>\n\t<input\n\t\ttype=\"number\"\n\t\t\t\tid=\"quantity_69f5d156a00f1\"\n\t\tclass=\"input-text qty text\"\n\t\tname=\"quantity\"\n\t\tvalue=\"1\"\n\t\taria-label=\"Cantidad de productos\"\n\t\t\t\tmin=\"1\"\n\t\t\t\t\t\t\tstep=\"1\"\n\t\t\tplaceholder=\"\"\n\t\t\tinputmode=\"numeric\"\n\t\t\tautocomplete=\"off\"\n\t\t\t\/>\n\t<\/div>\n\n<a href=\"https:\/\/www.canalsimunne.com\/es\/producto\/insuperable-brut-nature-novedad-2019\/\" class=\"show_details_button\">\n\tDetails<\/a>\n\n\n\t<\/div>\n\t<\/div>\n\n\t<\/div> <\/div>\n<\/li>\n<\/ul>\n<\/div><div class=\"fusion-clearfix\"><\/div><\/div><\/div><\/div><\/div><\/p>\n","protected":false},"excerpt":{"rendered":"","protected":false},"author":853,"featured_media":0,"parent":0,"menu_order":0,"comment_status":"closed","ping_status":"closed","template":"100-width.php","meta":{"_acf_changed":false,"rs_blank_template":"","rs_page_bg_color":"","slide_template_v7":"","footnotes":""},"class_list":["post-408770","page","type-page","status-publish","hentry"],"acf":[],"yoast_head":"<!-- This site is optimized with the Yoast SEO plugin v27.3 - https:\/\/yoast.com\/product\/yoast-seo-wordpress\/ -->\n<title>Cava Brut Reserva - Canals &amp; Munn\u00e9<\/title>\n<meta name=\"description\" content=\"Sum\u00e9rgete en la elegancia del Cava Brut Reserva. Disfruta su sabor refinado y su burbujeante frescura. Encuentra la selecci\u00f3n perfecta de Cavas Brut de Canals &amp; Munn\u00e9 y deleita tus sentidos.\" \/>\n<meta name=\"robots\" content=\"index, follow, max-snippet:-1, max-image-preview:large, max-video-preview:-1\" \/>\n<link rel=\"canonical\" href=\"https:\/\/www.canalsimunne.com\/es\/cava-brut\/\" \/>\n<meta property=\"og:locale\" content=\"es_ES\" \/>\n<meta property=\"og:type\" content=\"article\" \/>\n<meta property=\"og:title\" content=\"Cava Brut Reserva - Canals &amp; Munn\u00e9\" \/>\n<meta property=\"og:description\" content=\"Sum\u00e9rgete en la elegancia del Cava Brut Reserva. Disfruta su sabor refinado y su burbujeante frescura. Encuentra la selecci\u00f3n perfecta de Cavas Brut de Canals &amp; Munn\u00e9 y deleita tus sentidos.\" \/>\n<meta property=\"og:url\" content=\"https:\/\/www.canalsimunne.com\/es\/cava-brut\/\" \/>\n<meta property=\"og:site_name\" content=\"Canals &amp; Munn\u00e9\" \/>\n<meta property=\"article:modified_time\" content=\"2024-01-12T07:35:09+00:00\" \/>\n<meta name=\"twitter:card\" content=\"summary_large_image\" \/>\n<meta name=\"twitter:label1\" content=\"Tiempo de lectura\" \/>\n\t<meta name=\"twitter:data1\" content=\"2 minutos\" \/>\n<script type=\"application\/ld+json\" class=\"yoast-schema-graph\">{\"@context\":\"https:\\\/\\\/schema.org\",\"@graph\":[{\"@type\":\"WebPage\",\"@id\":\"https:\\\/\\\/www.canalsimunne.com\\\/es\\\/cava-brut\\\/\",\"url\":\"https:\\\/\\\/www.canalsimunne.com\\\/es\\\/cava-brut\\\/\",\"name\":\"Cava Brut Reserva - Canals & Munn\u00e9\",\"isPartOf\":{\"@id\":\"https:\\\/\\\/www.canalsimunne.com\\\/#website\"},\"datePublished\":\"2023-07-31T12:09:15+00:00\",\"dateModified\":\"2024-01-12T07:35:09+00:00\",\"description\":\"Sum\u00e9rgete en la elegancia del Cava Brut Reserva. Disfruta su sabor refinado y su burbujeante frescura. Encuentra la selecci\u00f3n perfecta de Cavas Brut de Canals & Munn\u00e9 y deleita tus sentidos.\",\"breadcrumb\":{\"@id\":\"https:\\\/\\\/www.canalsimunne.com\\\/es\\\/cava-brut\\\/#breadcrumb\"},\"inLanguage\":\"es\",\"potentialAction\":[{\"@type\":\"ReadAction\",\"target\":[\"https:\\\/\\\/www.canalsimunne.com\\\/es\\\/cava-brut\\\/\"]}]},{\"@type\":\"BreadcrumbList\",\"@id\":\"https:\\\/\\\/www.canalsimunne.com\\\/es\\\/cava-brut\\\/#breadcrumb\",\"itemListElement\":[{\"@type\":\"ListItem\",\"position\":1,\"name\":\"Portada\",\"item\":\"https:\\\/\\\/www.canalsimunne.com\\\/es\\\/\"},{\"@type\":\"ListItem\",\"position\":2,\"name\":\"Cava Brut Reserva\"}]},{\"@type\":\"WebSite\",\"@id\":\"https:\\\/\\\/www.canalsimunne.com\\\/#website\",\"url\":\"https:\\\/\\\/www.canalsimunne.com\\\/\",\"name\":\"Canals &amp; Munn\u00e9\",\"description\":\"Otro sitio realizado con WordPress\",\"potentialAction\":[{\"@type\":\"SearchAction\",\"target\":{\"@type\":\"EntryPoint\",\"urlTemplate\":\"https:\\\/\\\/www.canalsimunne.com\\\/?s={search_term_string}\"},\"query-input\":{\"@type\":\"PropertyValueSpecification\",\"valueRequired\":true,\"valueName\":\"search_term_string\"}}],\"inLanguage\":\"es\"}]}<\/script>\n<!-- \/ Yoast SEO plugin. -->","yoast_head_json":{"title":"Cava Brut Reserva - Canals & Munn\u00e9","description":"Sum\u00e9rgete en la elegancia del Cava Brut Reserva. Disfruta su sabor refinado y su burbujeante frescura. Encuentra la selecci\u00f3n perfecta de Cavas Brut de Canals & Munn\u00e9 y deleita tus sentidos.","robots":{"index":"index","follow":"follow","max-snippet":"max-snippet:-1","max-image-preview":"max-image-preview:large","max-video-preview":"max-video-preview:-1"},"canonical":"https:\/\/www.canalsimunne.com\/es\/cava-brut\/","og_locale":"es_ES","og_type":"article","og_title":"Cava Brut Reserva - Canals & Munn\u00e9","og_description":"Sum\u00e9rgete en la elegancia del Cava Brut Reserva. Disfruta su sabor refinado y su burbujeante frescura. Encuentra la selecci\u00f3n perfecta de Cavas Brut de Canals & Munn\u00e9 y deleita tus sentidos.","og_url":"https:\/\/www.canalsimunne.com\/es\/cava-brut\/","og_site_name":"Canals &amp; Munn\u00e9","article_modified_time":"2024-01-12T07:35:09+00:00","twitter_card":"summary_large_image","twitter_misc":{"Tiempo de lectura":"2 minutos"},"schema":{"@context":"https:\/\/schema.org","@graph":[{"@type":"WebPage","@id":"https:\/\/www.canalsimunne.com\/es\/cava-brut\/","url":"https:\/\/www.canalsimunne.com\/es\/cava-brut\/","name":"Cava Brut Reserva - Canals & Munn\u00e9","isPartOf":{"@id":"https:\/\/www.canalsimunne.com\/#website"},"datePublished":"2023-07-31T12:09:15+00:00","dateModified":"2024-01-12T07:35:09+00:00","description":"Sum\u00e9rgete en la elegancia del Cava Brut Reserva. Disfruta su sabor refinado y su burbujeante frescura. Encuentra la selecci\u00f3n perfecta de Cavas Brut de Canals & Munn\u00e9 y deleita tus sentidos.","breadcrumb":{"@id":"https:\/\/www.canalsimunne.com\/es\/cava-brut\/#breadcrumb"},"inLanguage":"es","potentialAction":[{"@type":"ReadAction","target":["https:\/\/www.canalsimunne.com\/es\/cava-brut\/"]}]},{"@type":"BreadcrumbList","@id":"https:\/\/www.canalsimunne.com\/es\/cava-brut\/#breadcrumb","itemListElement":[{"@type":"ListItem","position":1,"name":"Portada","item":"https:\/\/www.canalsimunne.com\/es\/"},{"@type":"ListItem","position":2,"name":"Cava Brut Reserva"}]},{"@type":"WebSite","@id":"https:\/\/www.canalsimunne.com\/#website","url":"https:\/\/www.canalsimunne.com\/","name":"Canals &amp; Munn\u00e9","description":"Otro sitio realizado con WordPress","potentialAction":[{"@type":"SearchAction","target":{"@type":"EntryPoint","urlTemplate":"https:\/\/www.canalsimunne.com\/?s={search_term_string}"},"query-input":{"@type":"PropertyValueSpecification","valueRequired":true,"valueName":"search_term_string"}}],"inLanguage":"es"}]}},"_links":{"self":[{"href":"https:\/\/www.canalsimunne.com\/es\/wp-json\/wp\/v2\/pages\/408770","targetHints":{"allow":["GET"]}}],"collection":[{"href":"https:\/\/www.canalsimunne.com\/es\/wp-json\/wp\/v2\/pages"}],"about":[{"href":"https:\/\/www.canalsimunne.com\/es\/wp-json\/wp\/v2\/types\/page"}],"author":[{"embeddable":true,"href":"https:\/\/www.canalsimunne.com\/es\/wp-json\/wp\/v2\/users\/853"}],"replies":[{"embeddable":true,"href":"https:\/\/www.canalsimunne.com\/es\/wp-json\/wp\/v2\/comments?post=408770"}],"version-history":[{"count":0,"href":"https:\/\/www.canalsimunne.com\/es\/wp-json\/wp\/v2\/pages\/408770\/revisions"}],"wp:attachment":[{"href":"https:\/\/www.canalsimunne.com\/es\/wp-json\/wp\/v2\/media?parent=408770"}],"curies":[{"name":"wp","href":"https:\/\/api.w.org\/{rel}","templated":true}]}}