{"id":408766,"date":"2023-07-31T14:10:21","date_gmt":"2023-07-31T12:10:21","guid":{"rendered":"https:\/\/www.canalsimunne.com\/?page_id=408766"},"modified":"2024-01-12T08:31:34","modified_gmt":"2024-01-12T07:31:34","slug":"cava-ice","status":"publish","type":"page","link":"https:\/\/www.canalsimunne.com\/es\/cava-ice\/","title":{"rendered":"Cava Ice Edition"},"content":{"rendered":"<p><div class=\"fusion-fullwidth fullwidth-box fusion-builder-row-1 fusion-parallax-none hundred-percent-fullwidth non-hundred-percent-height-scrolling lazyload\" style=\"--awb-border-radius-top-left:0px;--awb-border-radius-top-right:0px;--awb-border-radius-bottom-right:0px;--awb-border-radius-bottom-left:0px;--awb-padding-top:150px;--awb-padding-bottom:75px;--awb-margin-top:-230px;--awb-background-size:cover;--awb-flex-wrap:wrap;\" data-bg=\"https:\/\/www.canalsimunne.com\/wp-content\/uploads\/2023\/07\/cava-gran-reserva.jpeg\" ><div class=\"fusion-builder-row fusion-row\"><div class=\"fusion-layout-column fusion_builder_column fusion-builder-column-0 fusion_builder_column_1_1 1_1 fusion-one-full fusion-column-first fusion-column-last\" style=\"--awb-bg-blend:overlay;--awb-bg-size:cover;\"><div class=\"fusion-column-wrapper fusion-column-has-shadow fusion-flex-column-wrapper-legacy\"><div class=\"fusion-title title fusion-title-1 fusion-sep-none fusion-title-center fusion-title-text fusion-title-size-one\" style=\"--awb-margin-top:150px;--awb-margin-bottom:50px;--awb-margin-top-small:25px;--awb-margin-right-small:0px;--awb-margin-bottom-small:0px;--awb-margin-left-small:0px;\"><h1 class=\"fusion-title-heading title-heading-center\" style=\"margin:0;\"><h1 style=\"text-align: center;\"><span data-sheets-value=\"{\" data-sheets-userformat=\"{\">Cava Ice Edition<br \/>\n<\/span><\/h1>\n<h2 style=\"text-align: center;\"><span data-sheets-value=\"{\" data-sheets-userformat=\"{\">Cava Ice Edition: El cocktail de cava ideal<\/span><\/h2><\/h1><\/div><div class=\"fusion-clearfix\"><\/div><\/div><\/div><\/div><\/div><div class=\"fusion-fullwidth fullwidth-box fusion-builder-row-2 hundred-percent-fullwidth non-hundred-percent-height-scrolling\" style=\"--awb-border-radius-top-left:0px;--awb-border-radius-top-right:0px;--awb-border-radius-bottom-right:0px;--awb-border-radius-bottom-left:0px;--awb-background-color:#463a17;--awb-flex-wrap:wrap;\" ><div class=\"fusion-builder-row fusion-row\"><div class=\"fusion-layout-column fusion_builder_column fusion-builder-column-1 fusion_builder_column_1_1 1_1 fusion-one-full fusion-column-first fusion-column-last\" style=\"--awb-bg-blend:overlay;--awb-bg-size:cover;--awb-margin-top:20px;--awb-margin-bottom:0px;\"><div class=\"fusion-column-wrapper fusion-column-has-shadow fusion-flex-column-wrapper-legacy\"><div class=\"fusion-text fusion-text-1 text-modal\"><ul>\n<li>\n<p>Por la compra de\u00a0<strong>6 botellas<\/strong>\u00a0iguales o variadas:<\/p>\n<ul>\n<li>\u2013\u00a0<strong>2\u20ac<\/strong>\u00a0de descuento por botella<\/li>\n<li>\u2013\u00a0<strong>Transporte gratuito<\/strong><\/li>\n<li>\u2013 Regalo especial\u00a0<strong>Sorpresa<\/strong><\/li>\n<\/ul>\n<\/li>\n<\/ul>\n<\/div><div class=\"fusion-modal modal fade modal-1 modal-info modal-informacio has-light-close\" tabindex=\"-1\" role=\"dialog\" aria-labelledby=\"modal-heading-1\" aria-hidden=\"true\" style=\"--awb-border-color:#ebebeb;--awb-background:rgba(70,58,23,0.95);\"><div class=\"modal-dialog modal-lg\" role=\"document\"><div class=\"modal-content fusion-modal-content\"><div class=\"modal-header\"><button class=\"close\" type=\"button\" data-dismiss=\"modal\" aria-hidden=\"true\" aria-label=\"Close\">&times;<\/button><h3 class=\"modal-title\" id=\"modal-heading-1\" data-dismiss=\"modal\" aria-hidden=\"true\"><\/h3><\/div><div class=\"modal-body fusion-clearfix\">\n<ul>\n<li>\n<p>Por la compra de\u00a0<strong>6 botellas<\/strong>\u00a0iguales o variadas:<\/p>\n<ul>\n<li>\u2013\u00a0<strong>2\u20ac<\/strong>\u00a0de descuento por botella<\/li>\n<li>\u2013\u00a0<strong>Transporte gratuito<\/strong><\/li>\n<li>\u2013 Regalo especial\u00a0<strong>Sorpresa<\/strong><\/li>\n<\/ul>\n<\/li>\n<\/ul>\n<\/div><\/div><\/div><\/div><a class=\"fusion-modal-text-link link-to-modal-info\" data-toggle=\"modal\" data-target=\".fusion-modal.modal-info\" href=\"#\">dfsgfsgsfd<\/a><div class=\"fusion-clearfix\"><\/div><\/div><\/div><\/div><\/div><div class=\"fusion-fullwidth fullwidth-box fusion-builder-row-3 nonhundred-percent-fullwidth non-hundred-percent-height-scrolling\" style=\"--awb-border-radius-top-left:0px;--awb-border-radius-top-right:0px;--awb-border-radius-bottom-right:0px;--awb-border-radius-bottom-left:0px;--awb-padding-top:20px;--awb-flex-wrap:wrap;\" ><div class=\"fusion-builder-row fusion-row\"><div class=\"fusion-layout-column fusion_builder_column fusion-builder-column-2 fusion_builder_column_1_1 1_1 fusion-one-full fusion-column-first fusion-column-last\" style=\"--awb-bg-blend:overlay;--awb-bg-size:cover;\"><div class=\"fusion-column-wrapper fusion-column-has-shadow fusion-flex-column-wrapper-legacy\"><div class=\"woocommerce columns-4 \"><ul class=\"products clearfix products-4\">\n<li class=\"product type-product post-400720 status-publish first instock product_cat-cava_ice product_cat-cavas product_tag-gamma-mitja has-post-thumbnail taxable shipping-taxable purchasable product-type-simple product-grid-view\">\n\t<div class=\"fusion-product-wrapper\">\n<a href=\"https:\/\/www.canalsimunne.com\/es\/producto\/lola-ice-white\/\" class=\"product-images\" aria-label=\"Lola Ice White\">\n\n<div class=\"featured-image\">\r\n<img decoding=\"async\" class=\"lazyload categoria-cava\" src=\"data:image\/gif;base64,R0lGODlhAQABAAAAACH5BAEKAAEALAAAAAABAAEAAAICTAEAOw==\" data-orig-src=\"\/wp-content\/uploads\/2019\/06\/cava-reserva.png\" alt=\"cava reserva\">\t\t<img decoding=\"async\" width=\"500\" height=\"998\" src=\"https:\/\/www.canalsimunne.com\/wp-content\/uploads\/2021\/07\/lola_white_mid_res-500x998.jpg\" class=\"attachment-woocommerce_thumbnail size-woocommerce_thumbnail lazyload wp-post-image\" alt=\"\" srcset=\"data:image\/svg+xml,%3Csvg%20xmlns%3D%27http%3A%2F%2Fwww.w3.org%2F2000%2Fsvg%27%20width%3D%271283%27%20height%3D%272560%27%20viewBox%3D%270%200%201283%202560%27%3E%3Crect%20width%3D%271283%27%20height%3D%272560%27%20fill-opacity%3D%220%22%2F%3E%3C%2Fsvg%3E\" data-orig-src=\"https:\/\/www.canalsimunne.com\/wp-content\/uploads\/2021\/07\/lola_white_mid_res-500x998.jpg\" data-srcset=\"https:\/\/www.canalsimunne.com\/wp-content\/uploads\/2021\/07\/lola_white_mid_res-150x300.jpg 150w, https:\/\/www.canalsimunne.com\/wp-content\/uploads\/2021\/07\/lola_white_mid_res-200x399.jpg 200w, https:\/\/www.canalsimunne.com\/wp-content\/uploads\/2021\/07\/lola_white_mid_res-400x798.jpg 400w, https:\/\/www.canalsimunne.com\/wp-content\/uploads\/2021\/07\/lola_white_mid_res-500x998.jpg 500w, https:\/\/www.canalsimunne.com\/wp-content\/uploads\/2021\/07\/lola_white_mid_res-513x1024.jpg 513w, https:\/\/www.canalsimunne.com\/wp-content\/uploads\/2021\/07\/lola_white_mid_res-600x1197.jpg 600w, https:\/\/www.canalsimunne.com\/wp-content\/uploads\/2021\/07\/lola_white_mid_res-700x1397.jpg 700w, https:\/\/www.canalsimunne.com\/wp-content\/uploads\/2021\/07\/lola_white_mid_res-768x1533.jpg 768w, https:\/\/www.canalsimunne.com\/wp-content\/uploads\/2021\/07\/lola_white_mid_res-770x1536.jpg 770w, https:\/\/www.canalsimunne.com\/wp-content\/uploads\/2021\/07\/lola_white_mid_res-800x1596.jpg 800w, https:\/\/www.canalsimunne.com\/wp-content\/uploads\/2021\/07\/lola_white_mid_res-1026x2048.jpg 1026w, https:\/\/www.canalsimunne.com\/wp-content\/uploads\/2021\/07\/lola_white_mid_res-1200x2395.jpg 1200w, https:\/\/www.canalsimunne.com\/wp-content\/uploads\/2021\/07\/lola_white_mid_res-scaled.jpg 1283w\" data-sizes=\"auto\" \/>\r\n\t\t\t\t\t\t<div class=\"cart-loading\"><i class=\"awb-icon-spinner\" aria-hidden=\"true\"><\/i><\/div>\r\n\t\t\t\t<img decoding=\"async\" class=\"lazyload categoria-cava\" style=\"bottom: 10px; top: unset; right: 10px; width: 100px !important;\" src=\"data:image\/gif;base64,R0lGODlhAQABAAAAACH5BAEKAAEALAAAAAABAAEAAAICTAEAOw==\" data-orig-src=\"\/wp-content\/uploads\/2024\/12\/CCPAE-ECO.png\" alt=\"CCPAE ECO\"><\/div>\r\n<\/a>\n<div class=\"fusion-product-content\">\n\t<div class=\"product-details\">\n\t\t<div class=\"product-details-container\">\n<h3 class=\"product-title\">\n\t<a href=\"https:\/\/www.canalsimunne.com\/es\/producto\/lola-ice-white\/\">\n\t\tLola Ice White\t<\/a>\n<\/h3>\n<div class=\"fusion-price-rating\">\n\n\t<span class=\"price\"><span class=\"woocommerce-Price-amount amount\"><bdi>18,50<span class=\"woocommerce-Price-currencySymbol\">&euro;<\/span><\/bdi><\/span><\/span>\n\t\t<\/div>\n\t<\/div>\n<\/div>\n\n\n\t<div class=\"product-buttons\">\n\t\t<div class=\"fusion-content-sep sep-double sep-solid\"><\/div>\n\t\t<div class=\"product-buttons-container clearfix\">\n<span class=\"gtm4wp_productdata\" style=\"display:none; visibility:hidden;\" data-gtm4wp_product_data=\"{&quot;internal_id&quot;:400720,&quot;item_id&quot;:400720,&quot;item_name&quot;:&quot;Lola Ice White&quot;,&quot;sku&quot;:400720,&quot;price&quot;:18.5,&quot;stocklevel&quot;:null,&quot;stockstatus&quot;:&quot;instock&quot;,&quot;google_business_vertical&quot;:&quot;retail&quot;,&quot;item_category&quot;:&quot;Cavas&quot;,&quot;id&quot;:400720,&quot;productlink&quot;:&quot;https:\\\/\\\/www.canalsimunne.com\\\/es\\\/producto\\\/lola-ice-white\\\/&quot;,&quot;item_list_name&quot;:&quot;Lista general de productos&quot;,&quot;index&quot;:1,&quot;product_type&quot;:&quot;simple&quot;,&quot;item_brand&quot;:&quot;&quot;}\"><\/span><br><a href=\"\/es\/wp-json\/wp\/v2\/pages\/408766?add-to-cart=400720\" aria-describedby=\"woocommerce_loop_add_to_cart_link_describedby_400720\" data-quantity=\"1\" class=\"button product_type_simple add_to_cart_button ajax_add_to_cart\" data-product_id=\"400720\" data-product_sku=\"\" aria-label=\"A\u00f1adir al carrito: &ldquo;Lola Ice White&rdquo;\" rel=\"nofollow\">A\u00f1adir al carrito<\/a>\t<span id=\"woocommerce_loop_add_to_cart_link_describedby_400720\" class=\"screen-reader-text\">\n\t\t\t<\/span>\n<div class=\"quantity\">\n\t\t<label class=\"screen-reader-text\" for=\"quantity_69e19e0b4efa2\">Lola Ice White cantidad<\/label>\n\t<input\n\t\ttype=\"number\"\n\t\t\t\tid=\"quantity_69e19e0b4efa2\"\n\t\tclass=\"input-text qty text\"\n\t\tname=\"quantity\"\n\t\tvalue=\"1\"\n\t\taria-label=\"Cantidad de productos\"\n\t\t\t\tmin=\"1\"\n\t\t\t\t\t\t\tstep=\"1\"\n\t\t\tplaceholder=\"\"\n\t\t\tinputmode=\"numeric\"\n\t\t\tautocomplete=\"off\"\n\t\t\t\/>\n\t<\/div>\n\n<a href=\"https:\/\/www.canalsimunne.com\/es\/producto\/lola-ice-white\/\" class=\"show_details_button\">\n\tDetails<\/a>\n\n\n\t<\/div>\n\t<\/div>\n\n\t<\/div> <\/div>\n<\/li>\n<li class=\"product type-product post-421 status-publish instock product_cat-cava_ice product_cat-cavas product_cat-destacados product_tag-gamma-mitja has-post-thumbnail taxable shipping-taxable purchasable product-type-simple product-grid-view\">\n\t<div class=\"fusion-product-wrapper\">\n<a href=\"https:\/\/www.canalsimunne.com\/es\/producto\/lola-ice-sweet\/\" class=\"product-images\" aria-label=\"Lola Ice Sweet.\">\n\n<div class=\"featured-image\">\r\n<img decoding=\"async\" class=\"lazyload categoria-cava\" src=\"data:image\/gif;base64,R0lGODlhAQABAAAAACH5BAEKAAEALAAAAAABAAEAAAICTAEAOw==\" data-orig-src=\"\/wp-content\/uploads\/2019\/06\/cava-reserva.png\" alt=\"cava reserva\">\t\t<img decoding=\"async\" width=\"500\" height=\"998\" src=\"https:\/\/www.canalsimunne.com\/wp-content\/uploads\/2019\/07\/lola_ice_rose_mid_res-500x998.jpg\" class=\"attachment-woocommerce_thumbnail size-woocommerce_thumbnail lazyload wp-post-image\" alt=\"\" srcset=\"data:image\/svg+xml,%3Csvg%20xmlns%3D%27http%3A%2F%2Fwww.w3.org%2F2000%2Fsvg%27%20width%3D%271283%27%20height%3D%272560%27%20viewBox%3D%270%200%201283%202560%27%3E%3Crect%20width%3D%271283%27%20height%3D%272560%27%20fill-opacity%3D%220%22%2F%3E%3C%2Fsvg%3E\" data-orig-src=\"https:\/\/www.canalsimunne.com\/wp-content\/uploads\/2019\/07\/lola_ice_rose_mid_res-500x998.jpg\" data-srcset=\"https:\/\/www.canalsimunne.com\/wp-content\/uploads\/2019\/07\/lola_ice_rose_mid_res-150x300.jpg 150w, https:\/\/www.canalsimunne.com\/wp-content\/uploads\/2019\/07\/lola_ice_rose_mid_res-200x399.jpg 200w, https:\/\/www.canalsimunne.com\/wp-content\/uploads\/2019\/07\/lola_ice_rose_mid_res-400x798.jpg 400w, https:\/\/www.canalsimunne.com\/wp-content\/uploads\/2019\/07\/lola_ice_rose_mid_res-500x998.jpg 500w, https:\/\/www.canalsimunne.com\/wp-content\/uploads\/2019\/07\/lola_ice_rose_mid_res-513x1024.jpg 513w, https:\/\/www.canalsimunne.com\/wp-content\/uploads\/2019\/07\/lola_ice_rose_mid_res-600x1197.jpg 600w, https:\/\/www.canalsimunne.com\/wp-content\/uploads\/2019\/07\/lola_ice_rose_mid_res-700x1397.jpg 700w, https:\/\/www.canalsimunne.com\/wp-content\/uploads\/2019\/07\/lola_ice_rose_mid_res-768x1533.jpg 768w, https:\/\/www.canalsimunne.com\/wp-content\/uploads\/2019\/07\/lola_ice_rose_mid_res-770x1536.jpg 770w, https:\/\/www.canalsimunne.com\/wp-content\/uploads\/2019\/07\/lola_ice_rose_mid_res-800x1596.jpg 800w, https:\/\/www.canalsimunne.com\/wp-content\/uploads\/2019\/07\/lola_ice_rose_mid_res-1026x2048.jpg 1026w, https:\/\/www.canalsimunne.com\/wp-content\/uploads\/2019\/07\/lola_ice_rose_mid_res-1200x2395.jpg 1200w, https:\/\/www.canalsimunne.com\/wp-content\/uploads\/2019\/07\/lola_ice_rose_mid_res-scaled.jpg 1283w\" data-sizes=\"auto\" \/>\r\n\t\t\t\t\t\t<div class=\"cart-loading\"><i class=\"awb-icon-spinner\" aria-hidden=\"true\"><\/i><\/div>\r\n\t\t\t\t<img decoding=\"async\" class=\"lazyload categoria-cava\" style=\"bottom: 10px; top: unset; right: 10px; width: 100px !important;\" src=\"data:image\/gif;base64,R0lGODlhAQABAAAAACH5BAEKAAEALAAAAAABAAEAAAICTAEAOw==\" data-orig-src=\"\/wp-content\/uploads\/2024\/12\/CCPAE-ECO.png\" alt=\"CCPAE ECO\"><\/div>\r\n<\/a>\n<div class=\"fusion-product-content\">\n\t<div class=\"product-details\">\n\t\t<div class=\"product-details-container\">\n<h3 class=\"product-title\">\n\t<a href=\"https:\/\/www.canalsimunne.com\/es\/producto\/lola-ice-sweet\/\">\n\t\tLola Ice Sweet.\t<\/a>\n<\/h3>\n<div class=\"fusion-price-rating\">\n\n\t<span class=\"price\"><span class=\"woocommerce-Price-amount amount\"><bdi>18,50<span class=\"woocommerce-Price-currencySymbol\">&euro;<\/span><\/bdi><\/span><\/span>\n\t\t<\/div>\n\t<\/div>\n<\/div>\n\n\n\t<div class=\"product-buttons\">\n\t\t<div class=\"fusion-content-sep sep-double sep-solid\"><\/div>\n\t\t<div class=\"product-buttons-container clearfix\">\n<span class=\"gtm4wp_productdata\" style=\"display:none; visibility:hidden;\" data-gtm4wp_product_data=\"{&quot;internal_id&quot;:421,&quot;item_id&quot;:421,&quot;item_name&quot;:&quot;Lola Ice Sweet.&quot;,&quot;sku&quot;:421,&quot;price&quot;:18.5,&quot;stocklevel&quot;:null,&quot;stockstatus&quot;:&quot;instock&quot;,&quot;google_business_vertical&quot;:&quot;retail&quot;,&quot;item_category&quot;:&quot;Cavas&quot;,&quot;id&quot;:421,&quot;productlink&quot;:&quot;https:\\\/\\\/www.canalsimunne.com\\\/es\\\/producto\\\/lola-ice-sweet\\\/&quot;,&quot;item_list_name&quot;:&quot;Lista general de productos&quot;,&quot;index&quot;:2,&quot;product_type&quot;:&quot;simple&quot;,&quot;item_brand&quot;:&quot;&quot;}\"><\/span><br><a href=\"\/es\/wp-json\/wp\/v2\/pages\/408766?add-to-cart=421\" aria-describedby=\"woocommerce_loop_add_to_cart_link_describedby_421\" data-quantity=\"1\" class=\"button product_type_simple add_to_cart_button ajax_add_to_cart\" data-product_id=\"421\" data-product_sku=\"\" aria-label=\"A\u00f1adir al carrito: &ldquo;Lola Ice Sweet.&rdquo;\" rel=\"nofollow\">A\u00f1adir al carrito<\/a>\t<span id=\"woocommerce_loop_add_to_cart_link_describedby_421\" class=\"screen-reader-text\">\n\t\t\t<\/span>\n<div class=\"quantity\">\n\t\t<label class=\"screen-reader-text\" for=\"quantity_69e19e0b5350e\">Lola Ice Sweet. cantidad<\/label>\n\t<input\n\t\ttype=\"number\"\n\t\t\t\tid=\"quantity_69e19e0b5350e\"\n\t\tclass=\"input-text qty text\"\n\t\tname=\"quantity\"\n\t\tvalue=\"1\"\n\t\taria-label=\"Cantidad de productos\"\n\t\t\t\tmin=\"1\"\n\t\t\t\t\t\t\tstep=\"1\"\n\t\t\tplaceholder=\"\"\n\t\t\tinputmode=\"numeric\"\n\t\t\tautocomplete=\"off\"\n\t\t\t\/>\n\t<\/div>\n\n<a href=\"https:\/\/www.canalsimunne.com\/es\/producto\/lola-ice-sweet\/\" class=\"show_details_button\">\n\tDetails<\/a>\n\n\n\t<\/div>\n\t<\/div>\n\n\t<\/div> <\/div>\n<\/li>\n<\/ul>\n<\/div><div class=\"fusion-clearfix\"><\/div><\/div><\/div><\/div><\/div><\/p>\n","protected":false},"excerpt":{"rendered":"","protected":false},"author":853,"featured_media":0,"parent":0,"menu_order":0,"comment_status":"closed","ping_status":"closed","template":"100-width.php","meta":{"_acf_changed":false,"rs_blank_template":"","rs_page_bg_color":"","slide_template_v7":"","footnotes":""},"class_list":["post-408766","page","type-page","status-publish","hentry"],"acf":[],"yoast_head":"<!-- This site is optimized with the Yoast SEO plugin v27.3 - https:\/\/yoast.com\/product\/yoast-seo-wordpress\/ -->\n<title>Cava Ice Edition - Canals &amp; Munn\u00e9<\/title>\n<meta name=\"description\" content=\"Descubre nuestra nueva categor\u00eda de Cavas Ice Edition. Disfruta de los deliciosos sabores de estos cocktails de cava, que se sirven con hielo. D\u00e9jate cautivar por su dulzura refrescante.\" \/>\n<meta name=\"robots\" content=\"index, follow, max-snippet:-1, max-image-preview:large, max-video-preview:-1\" \/>\n<link rel=\"canonical\" href=\"https:\/\/www.canalsimunne.com\/es\/cava-ice\/\" \/>\n<meta property=\"og:locale\" content=\"es_ES\" \/>\n<meta property=\"og:type\" content=\"article\" \/>\n<meta property=\"og:title\" content=\"Cava Ice Edition - Canals &amp; Munn\u00e9\" \/>\n<meta property=\"og:description\" content=\"Descubre nuestra nueva categor\u00eda de Cavas Ice Edition. Disfruta de los deliciosos sabores de estos cocktails de cava, que se sirven con hielo. D\u00e9jate cautivar por su dulzura refrescante.\" \/>\n<meta property=\"og:url\" content=\"https:\/\/www.canalsimunne.com\/es\/cava-ice\/\" \/>\n<meta property=\"og:site_name\" content=\"Canals &amp; Munn\u00e9\" \/>\n<meta property=\"article:modified_time\" content=\"2024-01-12T07:31:34+00:00\" \/>\n<meta name=\"twitter:card\" content=\"summary_large_image\" \/>\n<meta name=\"twitter:label1\" content=\"Tiempo de lectura\" \/>\n\t<meta name=\"twitter:data1\" content=\"2 minutos\" \/>\n<script type=\"application\/ld+json\" class=\"yoast-schema-graph\">{\"@context\":\"https:\\\/\\\/schema.org\",\"@graph\":[{\"@type\":\"WebPage\",\"@id\":\"https:\\\/\\\/www.canalsimunne.com\\\/es\\\/cava-ice\\\/\",\"url\":\"https:\\\/\\\/www.canalsimunne.com\\\/es\\\/cava-ice\\\/\",\"name\":\"Cava Ice Edition - Canals & Munn\u00e9\",\"isPartOf\":{\"@id\":\"https:\\\/\\\/www.canalsimunne.com\\\/#website\"},\"datePublished\":\"2023-07-31T12:10:21+00:00\",\"dateModified\":\"2024-01-12T07:31:34+00:00\",\"description\":\"Descubre nuestra nueva categor\u00eda de Cavas Ice Edition. Disfruta de los deliciosos sabores de estos cocktails de cava, que se sirven con hielo. D\u00e9jate cautivar por su dulzura refrescante.\",\"breadcrumb\":{\"@id\":\"https:\\\/\\\/www.canalsimunne.com\\\/es\\\/cava-ice\\\/#breadcrumb\"},\"inLanguage\":\"es\",\"potentialAction\":[{\"@type\":\"ReadAction\",\"target\":[\"https:\\\/\\\/www.canalsimunne.com\\\/es\\\/cava-ice\\\/\"]}]},{\"@type\":\"BreadcrumbList\",\"@id\":\"https:\\\/\\\/www.canalsimunne.com\\\/es\\\/cava-ice\\\/#breadcrumb\",\"itemListElement\":[{\"@type\":\"ListItem\",\"position\":1,\"name\":\"Portada\",\"item\":\"https:\\\/\\\/www.canalsimunne.com\\\/es\\\/\"},{\"@type\":\"ListItem\",\"position\":2,\"name\":\"Cava Ice Edition\"}]},{\"@type\":\"WebSite\",\"@id\":\"https:\\\/\\\/www.canalsimunne.com\\\/#website\",\"url\":\"https:\\\/\\\/www.canalsimunne.com\\\/\",\"name\":\"Canals &amp; Munn\u00e9\",\"description\":\"Otro sitio realizado con WordPress\",\"potentialAction\":[{\"@type\":\"SearchAction\",\"target\":{\"@type\":\"EntryPoint\",\"urlTemplate\":\"https:\\\/\\\/www.canalsimunne.com\\\/?s={search_term_string}\"},\"query-input\":{\"@type\":\"PropertyValueSpecification\",\"valueRequired\":true,\"valueName\":\"search_term_string\"}}],\"inLanguage\":\"es\"}]}<\/script>\n<!-- \/ Yoast SEO plugin. -->","yoast_head_json":{"title":"Cava Ice Edition - Canals & Munn\u00e9","description":"Descubre nuestra nueva categor\u00eda de Cavas Ice Edition. Disfruta de los deliciosos sabores de estos cocktails de cava, que se sirven con hielo. D\u00e9jate cautivar por su dulzura refrescante.","robots":{"index":"index","follow":"follow","max-snippet":"max-snippet:-1","max-image-preview":"max-image-preview:large","max-video-preview":"max-video-preview:-1"},"canonical":"https:\/\/www.canalsimunne.com\/es\/cava-ice\/","og_locale":"es_ES","og_type":"article","og_title":"Cava Ice Edition - Canals & Munn\u00e9","og_description":"Descubre nuestra nueva categor\u00eda de Cavas Ice Edition. Disfruta de los deliciosos sabores de estos cocktails de cava, que se sirven con hielo. D\u00e9jate cautivar por su dulzura refrescante.","og_url":"https:\/\/www.canalsimunne.com\/es\/cava-ice\/","og_site_name":"Canals &amp; Munn\u00e9","article_modified_time":"2024-01-12T07:31:34+00:00","twitter_card":"summary_large_image","twitter_misc":{"Tiempo de lectura":"2 minutos"},"schema":{"@context":"https:\/\/schema.org","@graph":[{"@type":"WebPage","@id":"https:\/\/www.canalsimunne.com\/es\/cava-ice\/","url":"https:\/\/www.canalsimunne.com\/es\/cava-ice\/","name":"Cava Ice Edition - Canals & Munn\u00e9","isPartOf":{"@id":"https:\/\/www.canalsimunne.com\/#website"},"datePublished":"2023-07-31T12:10:21+00:00","dateModified":"2024-01-12T07:31:34+00:00","description":"Descubre nuestra nueva categor\u00eda de Cavas Ice Edition. Disfruta de los deliciosos sabores de estos cocktails de cava, que se sirven con hielo. D\u00e9jate cautivar por su dulzura refrescante.","breadcrumb":{"@id":"https:\/\/www.canalsimunne.com\/es\/cava-ice\/#breadcrumb"},"inLanguage":"es","potentialAction":[{"@type":"ReadAction","target":["https:\/\/www.canalsimunne.com\/es\/cava-ice\/"]}]},{"@type":"BreadcrumbList","@id":"https:\/\/www.canalsimunne.com\/es\/cava-ice\/#breadcrumb","itemListElement":[{"@type":"ListItem","position":1,"name":"Portada","item":"https:\/\/www.canalsimunne.com\/es\/"},{"@type":"ListItem","position":2,"name":"Cava Ice Edition"}]},{"@type":"WebSite","@id":"https:\/\/www.canalsimunne.com\/#website","url":"https:\/\/www.canalsimunne.com\/","name":"Canals &amp; Munn\u00e9","description":"Otro sitio realizado con WordPress","potentialAction":[{"@type":"SearchAction","target":{"@type":"EntryPoint","urlTemplate":"https:\/\/www.canalsimunne.com\/?s={search_term_string}"},"query-input":{"@type":"PropertyValueSpecification","valueRequired":true,"valueName":"search_term_string"}}],"inLanguage":"es"}]}},"_links":{"self":[{"href":"https:\/\/www.canalsimunne.com\/es\/wp-json\/wp\/v2\/pages\/408766","targetHints":{"allow":["GET"]}}],"collection":[{"href":"https:\/\/www.canalsimunne.com\/es\/wp-json\/wp\/v2\/pages"}],"about":[{"href":"https:\/\/www.canalsimunne.com\/es\/wp-json\/wp\/v2\/types\/page"}],"author":[{"embeddable":true,"href":"https:\/\/www.canalsimunne.com\/es\/wp-json\/wp\/v2\/users\/853"}],"replies":[{"embeddable":true,"href":"https:\/\/www.canalsimunne.com\/es\/wp-json\/wp\/v2\/comments?post=408766"}],"version-history":[{"count":0,"href":"https:\/\/www.canalsimunne.com\/es\/wp-json\/wp\/v2\/pages\/408766\/revisions"}],"wp:attachment":[{"href":"https:\/\/www.canalsimunne.com\/es\/wp-json\/wp\/v2\/media?parent=408766"}],"curies":[{"name":"wp","href":"https:\/\/api.w.org\/{rel}","templated":true}]}}