{"id":266,"date":"2019-06-17T16:32:28","date_gmt":"2019-06-17T14:32:28","guid":{"rendered":"http:\/\/www.canalsimunne.com\/?page_id=266"},"modified":"2022-03-11T12:20:49","modified_gmt":"2022-03-11T11:20:49","slug":"aviso-legal","status":"publish","type":"page","link":"https:\/\/www.canalsimunne.com\/es\/aviso-legal\/","title":{"rendered":"Aviso legal"},"content":{"rendered":"<div class=\"fusion-fullwidth fullwidth-box fusion-builder-row-1 nonhundred-percent-fullwidth non-hundred-percent-height-scrolling\" style=\"--awb-border-radius-top-left:0px;--awb-border-radius-top-right:0px;--awb-border-radius-bottom-right:0px;--awb-border-radius-bottom-left:0px;--awb-padding-right:15%;--awb-padding-left:15%;--awb-flex-wrap:wrap;\" ><div class=\"fusion-builder-row fusion-row\"><div class=\"fusion-layout-column fusion_builder_column fusion-builder-column-0 fusion_builder_column_1_1 1_1 fusion-one-full fusion-column-first fusion-column-last\" style=\"--awb-bg-size:cover;\"><div class=\"fusion-column-wrapper fusion-column-has-shadow fusion-flex-column-wrapper-legacy\"><div class=\"fusion-text fusion-text-1\"><div id=\"cos\">\n<div id=\"cosInner\">\n<div class=\"BitxoGeneral\">\n<div class=\"BitxoGeneralCos\">\n<div class=\"BitxoGeneralText\">\n<p><b>AVISO LEGAL Y DATOS DE EMPRESA<\/b><\/p>\n<p>Para dar cumplimiento con lo establecido en la Ley 34\/2002, de 11 de Julio, de servicios de la sociedad de la informaci\u00f3n y de comercio electr\u00f3nico, a continuaci\u00f3n se indican los datos de informaci\u00f3n general de nuestro sitio web:<\/p>\n<p>*\u00a0<b>Titular:<\/b>\u00a0Canals &amp; Munn\u00e9<br \/>\n*\u00a0<b>Direcci\u00f3n:<\/b>\u00a0Plaza Pau Casals, n\u00ba 6, 08770 Sant Sadurn\u00ed d\u2019Anoia-Barcelona<br \/>\n*\u00a0<b>Contacto:<\/b>\u00a0info@canalsimunne.com<br \/>\n*\u00a0<b>Tel\u00e9fono:<\/b>\u00a093 891 33 27<br \/>\n*\u00a0<b>Datos registrales:<\/b>\u00a0Registro Mercantil de Barcelona; Folio n\u00ba 143, volumen n\u00ba 25367, Hoja n\u00ba 88142, Inscripci\u00f3n 4\u00aa<br \/>\n*\u00a0<b>NIF:<\/b>\u00a0B-58.169.731<\/p>\n<p><u>Datos de las oficinas de la empresa:<\/u><\/p>\n<p>*\u00a0<b>Direcci\u00f3n:<\/b>\u00a0Ctra. de Sant Sadurn\u00ed a Vilafranca km. 0.5 08770 Sant Sadurn\u00ed d\u2019Anoia \u2013 Barcelona<br \/>\n*\u00a0<b>Contacto:<\/b>\u00a0info@canalsimunne.com<br \/>\n*\u00a0<b>Tel\u00e9fono:<\/b>\u00a093 891 03 18<\/p>\n<p><b>OBJETO<\/b><\/p>\n<p>Estas condiciones generales (a partir de ahora las \u201cCondiciones Generales\u201d) regulan el uso de todos los servicios de \u00e9ste sitio web (a partir de \u00e9stos momentos \u201cel Portal\u201d) que la compa\u00f1\u00eda\u00a0<b>Canals &amp; Munn\u00e9<\/b>\u00a0con domicilio en Plaza Pau Casals, n\u00ba 6 de Sant Sadurn\u00ed d\u2019Anoia pone a disposici\u00f3n de los usuarios de Internet. Para la simple utilizaci\u00f3n del Portal, los usuarios expresan la total aceptaci\u00f3n sin reservas de las mismas, las cuales podr\u00e1n ser modificadas por\u00a0<b>Canals &amp; Munn\u00e9<\/b>\u00a0en el momento que considere oportuno. Por lo tanto, sus usuarios se ven sometidos a todas aquellas condiciones particulares, avisos o reglamentos de instrucciones que se ponen en su conocimiento, en relaci\u00f3n con los contenidos o servicios detallados, que contemplan todo lo previsto en \u00e9stas Condiciones Generales, siempre y cuando no haya oposici\u00f3n alguna.<\/p>\n<p><b>EXCLUSI\u00d3N DE RESPONSABILIDAD SOBRE LA INFORMACI\u00d3N GR\u00c1FICA DISPONIBLE EN EL PORTAL<\/b><\/p>\n<p>Toda la documentaci\u00f3n gr\u00e1fica incluida en \u00e9sta p\u00e1gina web referente a diferentes promociones, es simplemente orientativa y est\u00e1 sometido a posibles cambios exigidos para la evoluci\u00f3n t\u00e9cnica de los proyectos y su ejecuci\u00f3n. EN NING\u00daN CASO \u00c9STA INFORMACI\u00d3N CONSTITUYE DOCUMENTO CONTRACTUAL.<\/p>\n<p><b>UTILIZACI\u00d3N DEL PORTAL Y DE LOS SERVICIOS POR PARTE DE LOS USUARIOS.<\/b><\/p>\n<p>Excepto en los casos que hayan obtenido previa y expresa autorizaci\u00f3n espec\u00edficamente otorgada a tal efecto por parte de\u00a0<b>Canals &amp; Munn\u00e9<\/b>, los usuarios se abstendr\u00e1n de obtener o intentar conseguir cualquier tipo de contenidos, ya sean textos, gr\u00e1ficos, dibujos, archivos de sonido, im\u00e1genes o fotos, v\u00eddeos, software y, generalmente, toda clase de material accesible a trav\u00e9s del Portal o de sus servicios utilizados, con medios diferentes de los que se hayan puesto a su disposici\u00f3n para \u00e9ste efecto o de los que se utilicen actualmente en Internet.<\/p>\n<p><b>EXCLUSI\u00d3N DE REPONSABILIDAD DE LOS CONTENIDOS<\/b><\/p>\n<p><b>Canals &amp; Munn\u00e9<\/b>\u00a0no es responsable en ning\u00fan caso, ni de forma directa ni subsidiaria, de ning\u00fan contenido, informaci\u00f3n, comunicaci\u00f3n, opini\u00f3n o manifestaci\u00f3n de cualquier tipo que tenga en su origen en el usuario o cualquier persona o entidad y que se comunique, difunda, transmita o exhiba a trav\u00e9s de los servicios del Portal.<\/p>\n<p><b>PROPIEDAD INTELECTUAL E INDUSTRIAL<\/b><\/p>\n<p>Todos los contenidos, as\u00ed como los nombres, logos, marcas y bases de datos accesibles en las p\u00e1ginas web del Portal est\u00e1n sujetas a derechos de propiedad industrial e intelectual de la empresa o de terceros titulares de los mismos. En ning\u00fan caso el acceso a las p\u00e1ginas web del Portal implica ning\u00fan tipos de renuncia, transmisi\u00f3n o cesi\u00f3n total o parcial de los mencionados derechos, ni otorgar ning\u00fan derecho de utilizaci\u00f3n, alteraci\u00f3n, explotaci\u00f3n, reproducci\u00f3n, distribuci\u00f3n o comunicaci\u00f3n p\u00fablica sobre los contenidos o bienes de propiedad industrial sin la previa y expresa autorizaci\u00f3n espec\u00edficamente facilitada a tal efecto por parte de la empresa o del tercer titular de los derechos, excepto los derechos de visualizar y realizar copias para uso personal y exclusivo del usuario, el cual deber\u00e1 ejercer siempre conforme a los principios de buena fe y de la legislaci\u00f3n aplicable.<\/p>\n<p><b>PROTECCI\u00d3N DE DATOS<\/b><\/p>\n<p>Mediante el presente Aviso Legal y de acuerdo con lo establecido por la Ley Org\u00e1nica 15\/1999, de Protecci\u00f3n de Datos de Car\u00e1cter Personal,\u00a0<b>Canals &amp; Munn\u00e9<\/b>\u00a0avisa a los usuarios de su pol\u00edtica de protecci\u00f3n de datos, para que \u00e9stos determinen libre y voluntariamente si desean facilitar los datos personales que se le puedan requerir con ocasi\u00f3n de la suscripci\u00f3n o alta en algunos de los servicios ofrecidos. Excepto en los campos en que se indique lo contrario, las respuestas a las preguntas sobre datos personales son voluntarias. Los datos personales obtenidos ser\u00e1n tratados de forma secreta y confidencial y su recogida tiene como finalidad la gesti\u00f3n y prestaci\u00f3n de los servicios ofrecidos por\u00a0<b>Canals &amp; Munn\u00e9<\/b>\u00a0en el portal en cada momento. Los usuarios aceptan que los datos personales facilitados puedan ser objeto de tratamiento en ficheros automatizados de titularidad y responsabilidad de\u00a0<b>Canals &amp; Munn\u00e9<\/b>. Los usuarios pueden ejercer su derecho de acceso, rectificaci\u00f3n, cancelaci\u00f3n y oposici\u00f3n a: Crta. de Sant Sadurn\u00ed a Vilafranca, Km. 0,5 \u2013 08770 Sant Sadurn\u00ed d\u2019Anoia (Barcelona).<\/p>\n<p><b>LEY APLICABLE Y FUERO<\/b><\/p>\n<p>\u00c9stas Condiciones Generales se regir\u00e1n por la ley espa\u00f1ola. Para cualquier controversia que pueda derivarse de la aplicaci\u00f3n de los servicios o interpretaci\u00f3n y aplicaci\u00f3n de las Condiciones Generales,\u00a0<b>Canals &amp; Munn\u00e9<\/b> y sus usuarios, con renuncia expresa a su propio fuero, se someten al de los Juzgados i Tribunales de Barcelona.<\/p>\n<\/div>\n<\/div>\n<\/div>\n<\/div>\n<\/div>\n<\/div><div class=\"fusion-clearfix\"><\/div><\/div><\/div><\/div><\/div>\n","protected":false},"excerpt":{"rendered":"","protected":false},"author":1,"featured_media":0,"parent":0,"menu_order":0,"comment_status":"closed","ping_status":"closed","template":"","meta":{"_acf_changed":false,"rs_blank_template":"","rs_page_bg_color":"","slide_template_v7":"","footnotes":""},"class_list":["post-266","page","type-page","status-publish","hentry"],"acf":[],"yoast_head":"<!-- This site is optimized with the Yoast SEO plugin v27.3 - https:\/\/yoast.com\/product\/yoast-seo-wordpress\/ -->\n<title>Aviso legal - Canals &amp; Munn\u00e9 - Visitar cavas en Sant Sadurn\u00ed d&#039;Anoia<\/title>\n<meta name=\"description\" content=\"Garantiza la seguridad y la protecci\u00f3n de los datos personales del portal web C&amp;M y aprovecha para visitar cavas en Sant Sadurn\u00ed d&#039;Anoia.\" \/>\n<meta name=\"robots\" content=\"index, follow, max-snippet:-1, max-image-preview:large, max-video-preview:-1\" \/>\n<link rel=\"canonical\" href=\"https:\/\/www.canalsimunne.com\/es\/aviso-legal\/\" \/>\n<meta property=\"og:locale\" content=\"es_ES\" \/>\n<meta property=\"og:type\" content=\"article\" \/>\n<meta property=\"og:title\" content=\"Aviso legal - Canals &amp; Munn\u00e9 - Visitar cavas en Sant Sadurn\u00ed d&#039;Anoia\" \/>\n<meta property=\"og:description\" content=\"Garantiza la seguridad y la protecci\u00f3n de los datos personales del portal web C&amp;M y aprovecha para visitar cavas en Sant Sadurn\u00ed d&#039;Anoia.\" \/>\n<meta property=\"og:url\" content=\"https:\/\/www.canalsimunne.com\/es\/aviso-legal\/\" \/>\n<meta property=\"og:site_name\" content=\"Canals &amp; Munn\u00e9\" \/>\n<meta property=\"article:modified_time\" content=\"2022-03-11T11:20:49+00:00\" \/>\n<meta name=\"twitter:card\" content=\"summary_large_image\" \/>\n<meta name=\"twitter:label1\" content=\"Tiempo de lectura\" \/>\n\t<meta name=\"twitter:data1\" content=\"6 minutos\" \/>\n<script type=\"application\/ld+json\" class=\"yoast-schema-graph\">{\"@context\":\"https:\\\/\\\/schema.org\",\"@graph\":[{\"@type\":\"WebPage\",\"@id\":\"https:\\\/\\\/www.canalsimunne.com\\\/es\\\/aviso-legal\\\/\",\"url\":\"https:\\\/\\\/www.canalsimunne.com\\\/es\\\/aviso-legal\\\/\",\"name\":\"Aviso legal - Canals &amp; Munn\u00e9 - Visitar cavas en Sant Sadurn\u00ed d'Anoia\",\"isPartOf\":{\"@id\":\"https:\\\/\\\/www.canalsimunne.com\\\/#website\"},\"datePublished\":\"2019-06-17T14:32:28+00:00\",\"dateModified\":\"2022-03-11T11:20:49+00:00\",\"description\":\"Garantiza la seguridad y la protecci\u00f3n de los datos personales del portal web C&M y aprovecha para visitar cavas en Sant Sadurn\u00ed d'Anoia.\",\"breadcrumb\":{\"@id\":\"https:\\\/\\\/www.canalsimunne.com\\\/es\\\/aviso-legal\\\/#breadcrumb\"},\"inLanguage\":\"es\",\"potentialAction\":[{\"@type\":\"ReadAction\",\"target\":[\"https:\\\/\\\/www.canalsimunne.com\\\/es\\\/aviso-legal\\\/\"]}]},{\"@type\":\"BreadcrumbList\",\"@id\":\"https:\\\/\\\/www.canalsimunne.com\\\/es\\\/aviso-legal\\\/#breadcrumb\",\"itemListElement\":[{\"@type\":\"ListItem\",\"position\":1,\"name\":\"Portada\",\"item\":\"https:\\\/\\\/www.canalsimunne.com\\\/es\\\/\"},{\"@type\":\"ListItem\",\"position\":2,\"name\":\"Aviso legal\"}]},{\"@type\":\"WebSite\",\"@id\":\"https:\\\/\\\/www.canalsimunne.com\\\/#website\",\"url\":\"https:\\\/\\\/www.canalsimunne.com\\\/\",\"name\":\"Canals &amp; Munn\u00e9\",\"description\":\"Otro sitio realizado con WordPress\",\"potentialAction\":[{\"@type\":\"SearchAction\",\"target\":{\"@type\":\"EntryPoint\",\"urlTemplate\":\"https:\\\/\\\/www.canalsimunne.com\\\/?s={search_term_string}\"},\"query-input\":{\"@type\":\"PropertyValueSpecification\",\"valueRequired\":true,\"valueName\":\"search_term_string\"}}],\"inLanguage\":\"es\"}]}<\/script>\n<!-- \/ Yoast SEO plugin. -->","yoast_head_json":{"title":"Aviso legal - Canals &amp; Munn\u00e9 - Visitar cavas en Sant Sadurn\u00ed d'Anoia","description":"Garantiza la seguridad y la protecci\u00f3n de los datos personales del portal web C&M y aprovecha para visitar cavas en Sant Sadurn\u00ed d'Anoia.","robots":{"index":"index","follow":"follow","max-snippet":"max-snippet:-1","max-image-preview":"max-image-preview:large","max-video-preview":"max-video-preview:-1"},"canonical":"https:\/\/www.canalsimunne.com\/es\/aviso-legal\/","og_locale":"es_ES","og_type":"article","og_title":"Aviso legal - Canals &amp; Munn\u00e9 - Visitar cavas en Sant Sadurn\u00ed d'Anoia","og_description":"Garantiza la seguridad y la protecci\u00f3n de los datos personales del portal web C&M y aprovecha para visitar cavas en Sant Sadurn\u00ed d'Anoia.","og_url":"https:\/\/www.canalsimunne.com\/es\/aviso-legal\/","og_site_name":"Canals &amp; Munn\u00e9","article_modified_time":"2022-03-11T11:20:49+00:00","twitter_card":"summary_large_image","twitter_misc":{"Tiempo de lectura":"6 minutos"},"schema":{"@context":"https:\/\/schema.org","@graph":[{"@type":"WebPage","@id":"https:\/\/www.canalsimunne.com\/es\/aviso-legal\/","url":"https:\/\/www.canalsimunne.com\/es\/aviso-legal\/","name":"Aviso legal - Canals &amp; Munn\u00e9 - Visitar cavas en Sant Sadurn\u00ed d'Anoia","isPartOf":{"@id":"https:\/\/www.canalsimunne.com\/#website"},"datePublished":"2019-06-17T14:32:28+00:00","dateModified":"2022-03-11T11:20:49+00:00","description":"Garantiza la seguridad y la protecci\u00f3n de los datos personales del portal web C&M y aprovecha para visitar cavas en Sant Sadurn\u00ed d'Anoia.","breadcrumb":{"@id":"https:\/\/www.canalsimunne.com\/es\/aviso-legal\/#breadcrumb"},"inLanguage":"es","potentialAction":[{"@type":"ReadAction","target":["https:\/\/www.canalsimunne.com\/es\/aviso-legal\/"]}]},{"@type":"BreadcrumbList","@id":"https:\/\/www.canalsimunne.com\/es\/aviso-legal\/#breadcrumb","itemListElement":[{"@type":"ListItem","position":1,"name":"Portada","item":"https:\/\/www.canalsimunne.com\/es\/"},{"@type":"ListItem","position":2,"name":"Aviso legal"}]},{"@type":"WebSite","@id":"https:\/\/www.canalsimunne.com\/#website","url":"https:\/\/www.canalsimunne.com\/","name":"Canals &amp; Munn\u00e9","description":"Otro sitio realizado con WordPress","potentialAction":[{"@type":"SearchAction","target":{"@type":"EntryPoint","urlTemplate":"https:\/\/www.canalsimunne.com\/?s={search_term_string}"},"query-input":{"@type":"PropertyValueSpecification","valueRequired":true,"valueName":"search_term_string"}}],"inLanguage":"es"}]}},"_links":{"self":[{"href":"https:\/\/www.canalsimunne.com\/es\/wp-json\/wp\/v2\/pages\/266","targetHints":{"allow":["GET"]}}],"collection":[{"href":"https:\/\/www.canalsimunne.com\/es\/wp-json\/wp\/v2\/pages"}],"about":[{"href":"https:\/\/www.canalsimunne.com\/es\/wp-json\/wp\/v2\/types\/page"}],"author":[{"embeddable":true,"href":"https:\/\/www.canalsimunne.com\/es\/wp-json\/wp\/v2\/users\/1"}],"replies":[{"embeddable":true,"href":"https:\/\/www.canalsimunne.com\/es\/wp-json\/wp\/v2\/comments?post=266"}],"version-history":[{"count":0,"href":"https:\/\/www.canalsimunne.com\/es\/wp-json\/wp\/v2\/pages\/266\/revisions"}],"wp:attachment":[{"href":"https:\/\/www.canalsimunne.com\/es\/wp-json\/wp\/v2\/media?parent=266"}],"curies":[{"name":"wp","href":"https:\/\/api.w.org\/{rel}","templated":true}]}}