{"id":264,"date":"2019-06-17T16:32:14","date_gmt":"2019-06-17T14:32:14","guid":{"rendered":"http:\/\/www.canalsimunne.com\/?page_id=264"},"modified":"2022-03-17T12:41:50","modified_gmt":"2022-03-17T11:41:50","slug":"ayuda","status":"publish","type":"page","link":"https:\/\/www.canalsimunne.com\/es\/ayuda\/","title":{"rendered":"Ayuda"},"content":{"rendered":"<p><div class=\"fusion-fullwidth fullwidth-box fusion-builder-row-1 fusion-parallax-none hundred-percent-fullwidth non-hundred-percent-height-scrolling lazyload background-ayuda\" style=\"--awb-border-radius-top-left:0px;--awb-border-radius-top-right:0px;--awb-border-radius-bottom-right:0px;--awb-border-radius-bottom-left:0px;--awb-padding-top:150px;--awb-padding-bottom:75px;--awb-margin-top:-230px;--awb-background-size:cover;--awb-flex-wrap:wrap;\" data-bg=\"https:\/\/www.canalsimunne.com\/wp-content\/uploads\/2022\/03\/slider-mides-ampolles-canals-munne.jpg\" ><div class=\"fusion-builder-row fusion-row\"><div class=\"fusion-layout-column fusion_builder_column fusion-builder-column-0 fusion_builder_column_1_1 1_1 fusion-one-full fusion-column-first fusion-column-last\" style=\"--awb-bg-size:cover;\"><div class=\"fusion-column-wrapper fusion-column-has-shadow fusion-flex-column-wrapper-legacy\"><div class=\"fusion-title title fusion-title-1 fusion-sep-none fusion-title-center fusion-title-text fusion-title-size-one\" style=\"--awb-margin-top:50px;--awb-margin-bottom:50px;--awb-margin-top-small:25px;--awb-margin-right-small:0px;--awb-margin-bottom-small:0px;--awb-margin-left-small:0px;\"><h1 class=\"fusion-title-heading title-heading-center\" style=\"margin:0;\">Ayuda<\/h1><\/div><div class=\"fusion-clearfix\"><\/div><\/div><\/div><\/div><\/div><div class=\"fusion-fullwidth fullwidth-box fusion-builder-row-2 nonhundred-percent-fullwidth non-hundred-percent-height-scrolling\" style=\"--awb-border-radius-top-left:0px;--awb-border-radius-top-right:0px;--awb-border-radius-bottom-right:0px;--awb-border-radius-bottom-left:0px;--awb-padding-right:15%;--awb-padding-left:15%;--awb-margin-top:3%;--awb-flex-wrap:wrap;\" ><div class=\"fusion-builder-row fusion-row\"><div class=\"fusion-layout-column fusion_builder_column fusion-builder-column-1 fusion_builder_column_1_1 1_1 fusion-one-full fusion-column-first fusion-column-last\" style=\"--awb-bg-size:cover;\"><div class=\"fusion-column-wrapper fusion-column-has-shadow fusion-flex-column-wrapper-legacy\"><div class=\"fusion-text fusion-text-1\"><p><b>C\u00d3MO COMPRAR<\/b><\/p>\n<p>Seleccione el producto que le interesa adquirir en el apartado de la tienda virtual, una vez haya comprobado su ficha t\u00e9cnica y precio de venta. Seguidamente debe pulsar el bot\u00f3n Comprar, y autom\u00e1ticamente pasar\u00e1 a la cesta de la compra, d\u00f3nde podr\u00e1 indicar la cantidad de producto que desea adquirir.<\/p>\n<p><b>LA CESTA DE LA COMPRA:<\/b><\/p>\n<p>La cesta de la compra le permite comprobar las unidades de los productos comprados y cambiados y\/o eliminar alg\u00fan art\u00edculo. Tambi\u00e9n podr\u00e1 conocer el importe de la compra seleccionada en el mismo instante que se efect\u00fae. Para seguir comprando, tan solo debe de pulsar el bot\u00f3n \u201cSeguir comprando\u201d y autom\u00e1ticamente ir\u00e1 otra vez directa hacia la p\u00e1gina de la tienda virtual. Para finalizar la compra, se tiene que pulsar \u201cFinalizar pedido\u201d y de esta forma se accede a la pantalla \u201cSu pedido\u201d.<\/p>\n<p><b>SU PEDIDO:<\/b><\/p>\n<p>Aqu\u00ed debe rellenar sus datos personales (los campos se\u00f1alados con (*) son necesarios para poder cursar su compra), as\u00ed como su direcci\u00f3n de env\u00edo; en caso que sea diferente de la direcci\u00f3n de la factura. Si usted lo desea, puede registrarse para ahorrarse el tiempo de rellenar sus datos en pr\u00f3ximas ocasiones. Los clientes habituales de la empresa tienen una contrase\u00f1a y una clave de acceso predeterminada, las cuales les ser\u00e1n notificadas v\u00eda e-mail, telef\u00f3nica o fax en el momento oportuno.<\/p>\n<p>La forma de pago ser\u00e1:<\/p>\n<p><b>TARJETA DE CR\u00c9DITO: VISA, MASTERCARD, AMERICAN EXPRESS, VISA ELECTRON<\/b>\u00a0y todas las tarjetas del Banco Santander Central Hispano (BSCH). En \u00e9ste momento se conectar\u00e1 al servidor seguro del BSCH, de manera que la introducci\u00f3n de los datos confidenciales ser\u00e1 de manera secreta.<\/p>\n<p><b>Nota:<\/b>\u00a0Existen otras formas de pago exclusivas para clientes habituales de la bodega, como letras bancarias, recibos domiciliados, transferencia bancaria, contra reembolso, etc.<\/p>\n<\/div><div class=\"fusion-clearfix\"><\/div><\/div><\/div><\/div><\/div><\/p>\n","protected":false},"excerpt":{"rendered":"","protected":false},"author":1,"featured_media":0,"parent":0,"menu_order":0,"comment_status":"closed","ping_status":"closed","template":"100-width.php","meta":{"_acf_changed":false,"rs_blank_template":"","rs_page_bg_color":"","slide_template_v7":"","footnotes":""},"class_list":["post-264","page","type-page","status-publish","hentry"],"acf":[],"yoast_head":"<!-- This site is optimized with the Yoast SEO plugin v27.3 - https:\/\/yoast.com\/product\/yoast-seo-wordpress\/ -->\n<title>Ayuda - Canals &amp; Munn\u00e9 - Visitar cavas en Sant Sadurn\u00ed d&#039;Anoia<\/title>\n<meta name=\"description\" content=\"\u00bfQuiere venir a visitar unas cavas en Sant Sadurn\u00ed d&#039;Anoia? No lo piense y ven a C&amp;M y deguste los mejores cavas de la comarca.\" \/>\n<meta name=\"robots\" content=\"index, follow, max-snippet:-1, max-image-preview:large, max-video-preview:-1\" \/>\n<link rel=\"canonical\" href=\"https:\/\/www.canalsimunne.com\/es\/ayuda\/\" \/>\n<meta property=\"og:locale\" content=\"es_ES\" \/>\n<meta property=\"og:type\" content=\"article\" \/>\n<meta property=\"og:title\" content=\"Ayuda - Canals &amp; Munn\u00e9 - Visitar cavas en Sant Sadurn\u00ed d&#039;Anoia\" \/>\n<meta property=\"og:description\" content=\"\u00bfQuiere venir a visitar unas cavas en Sant Sadurn\u00ed d&#039;Anoia? No lo piense y ven a C&amp;M y deguste los mejores cavas de la comarca.\" \/>\n<meta property=\"og:url\" content=\"https:\/\/www.canalsimunne.com\/es\/ayuda\/\" \/>\n<meta property=\"og:site_name\" content=\"Canals &amp; Munn\u00e9\" \/>\n<meta property=\"article:modified_time\" content=\"2022-03-17T11:41:50+00:00\" \/>\n<meta name=\"twitter:card\" content=\"summary_large_image\" \/>\n<meta name=\"twitter:label1\" content=\"Tiempo de lectura\" \/>\n\t<meta name=\"twitter:data1\" content=\"4 minutos\" \/>\n<script type=\"application\/ld+json\" class=\"yoast-schema-graph\">{\"@context\":\"https:\\\/\\\/schema.org\",\"@graph\":[{\"@type\":\"WebPage\",\"@id\":\"https:\\\/\\\/www.canalsimunne.com\\\/es\\\/ayuda\\\/\",\"url\":\"https:\\\/\\\/www.canalsimunne.com\\\/es\\\/ayuda\\\/\",\"name\":\"Ayuda - Canals &amp; Munn\u00e9 - Visitar cavas en Sant Sadurn\u00ed d'Anoia\",\"isPartOf\":{\"@id\":\"https:\\\/\\\/www.canalsimunne.com\\\/#website\"},\"datePublished\":\"2019-06-17T14:32:14+00:00\",\"dateModified\":\"2022-03-17T11:41:50+00:00\",\"description\":\"\u00bfQuiere venir a visitar unas cavas en Sant Sadurn\u00ed d'Anoia? No lo piense y ven a C&M y deguste los mejores cavas de la comarca.\",\"breadcrumb\":{\"@id\":\"https:\\\/\\\/www.canalsimunne.com\\\/es\\\/ayuda\\\/#breadcrumb\"},\"inLanguage\":\"es\",\"potentialAction\":[{\"@type\":\"ReadAction\",\"target\":[\"https:\\\/\\\/www.canalsimunne.com\\\/es\\\/ayuda\\\/\"]}]},{\"@type\":\"BreadcrumbList\",\"@id\":\"https:\\\/\\\/www.canalsimunne.com\\\/es\\\/ayuda\\\/#breadcrumb\",\"itemListElement\":[{\"@type\":\"ListItem\",\"position\":1,\"name\":\"Portada\",\"item\":\"https:\\\/\\\/www.canalsimunne.com\\\/es\\\/\"},{\"@type\":\"ListItem\",\"position\":2,\"name\":\"Ayuda\"}]},{\"@type\":\"WebSite\",\"@id\":\"https:\\\/\\\/www.canalsimunne.com\\\/#website\",\"url\":\"https:\\\/\\\/www.canalsimunne.com\\\/\",\"name\":\"Canals &amp; Munn\u00e9\",\"description\":\"Otro sitio realizado con WordPress\",\"potentialAction\":[{\"@type\":\"SearchAction\",\"target\":{\"@type\":\"EntryPoint\",\"urlTemplate\":\"https:\\\/\\\/www.canalsimunne.com\\\/?s={search_term_string}\"},\"query-input\":{\"@type\":\"PropertyValueSpecification\",\"valueRequired\":true,\"valueName\":\"search_term_string\"}}],\"inLanguage\":\"es\"}]}<\/script>\n<!-- \/ Yoast SEO plugin. -->","yoast_head_json":{"title":"Ayuda - Canals &amp; Munn\u00e9 - Visitar cavas en Sant Sadurn\u00ed d'Anoia","description":"\u00bfQuiere venir a visitar unas cavas en Sant Sadurn\u00ed d'Anoia? No lo piense y ven a C&M y deguste los mejores cavas de la comarca.","robots":{"index":"index","follow":"follow","max-snippet":"max-snippet:-1","max-image-preview":"max-image-preview:large","max-video-preview":"max-video-preview:-1"},"canonical":"https:\/\/www.canalsimunne.com\/es\/ayuda\/","og_locale":"es_ES","og_type":"article","og_title":"Ayuda - Canals &amp; Munn\u00e9 - Visitar cavas en Sant Sadurn\u00ed d'Anoia","og_description":"\u00bfQuiere venir a visitar unas cavas en Sant Sadurn\u00ed d'Anoia? No lo piense y ven a C&M y deguste los mejores cavas de la comarca.","og_url":"https:\/\/www.canalsimunne.com\/es\/ayuda\/","og_site_name":"Canals &amp; Munn\u00e9","article_modified_time":"2022-03-17T11:41:50+00:00","twitter_card":"summary_large_image","twitter_misc":{"Tiempo de lectura":"4 minutos"},"schema":{"@context":"https:\/\/schema.org","@graph":[{"@type":"WebPage","@id":"https:\/\/www.canalsimunne.com\/es\/ayuda\/","url":"https:\/\/www.canalsimunne.com\/es\/ayuda\/","name":"Ayuda - Canals &amp; Munn\u00e9 - Visitar cavas en Sant Sadurn\u00ed d'Anoia","isPartOf":{"@id":"https:\/\/www.canalsimunne.com\/#website"},"datePublished":"2019-06-17T14:32:14+00:00","dateModified":"2022-03-17T11:41:50+00:00","description":"\u00bfQuiere venir a visitar unas cavas en Sant Sadurn\u00ed d'Anoia? No lo piense y ven a C&M y deguste los mejores cavas de la comarca.","breadcrumb":{"@id":"https:\/\/www.canalsimunne.com\/es\/ayuda\/#breadcrumb"},"inLanguage":"es","potentialAction":[{"@type":"ReadAction","target":["https:\/\/www.canalsimunne.com\/es\/ayuda\/"]}]},{"@type":"BreadcrumbList","@id":"https:\/\/www.canalsimunne.com\/es\/ayuda\/#breadcrumb","itemListElement":[{"@type":"ListItem","position":1,"name":"Portada","item":"https:\/\/www.canalsimunne.com\/es\/"},{"@type":"ListItem","position":2,"name":"Ayuda"}]},{"@type":"WebSite","@id":"https:\/\/www.canalsimunne.com\/#website","url":"https:\/\/www.canalsimunne.com\/","name":"Canals &amp; Munn\u00e9","description":"Otro sitio realizado con WordPress","potentialAction":[{"@type":"SearchAction","target":{"@type":"EntryPoint","urlTemplate":"https:\/\/www.canalsimunne.com\/?s={search_term_string}"},"query-input":{"@type":"PropertyValueSpecification","valueRequired":true,"valueName":"search_term_string"}}],"inLanguage":"es"}]}},"_links":{"self":[{"href":"https:\/\/www.canalsimunne.com\/es\/wp-json\/wp\/v2\/pages\/264","targetHints":{"allow":["GET"]}}],"collection":[{"href":"https:\/\/www.canalsimunne.com\/es\/wp-json\/wp\/v2\/pages"}],"about":[{"href":"https:\/\/www.canalsimunne.com\/es\/wp-json\/wp\/v2\/types\/page"}],"author":[{"embeddable":true,"href":"https:\/\/www.canalsimunne.com\/es\/wp-json\/wp\/v2\/users\/1"}],"replies":[{"embeddable":true,"href":"https:\/\/www.canalsimunne.com\/es\/wp-json\/wp\/v2\/comments?post=264"}],"version-history":[{"count":0,"href":"https:\/\/www.canalsimunne.com\/es\/wp-json\/wp\/v2\/pages\/264\/revisions"}],"wp:attachment":[{"href":"https:\/\/www.canalsimunne.com\/es\/wp-json\/wp\/v2\/media?parent=264"}],"curies":[{"name":"wp","href":"https:\/\/api.w.org\/{rel}","templated":true}]}}