{"id":262,"date":"2019-06-17T16:31:59","date_gmt":"2019-06-17T14:31:59","guid":{"rendered":"http:\/\/www.canalsimunne.com\/?page_id=262"},"modified":"2022-03-22T10:26:57","modified_gmt":"2022-03-22T09:26:57","slug":"condiciones-de-venta","status":"publish","type":"page","link":"https:\/\/www.canalsimunne.com\/es\/condiciones-de-venta\/","title":{"rendered":"Condiciones de venta"},"content":{"rendered":"<p><div class=\"fusion-fullwidth fullwidth-box fusion-builder-row-1 fusion-parallax-none hundred-percent-fullwidth non-hundred-percent-height-scrolling lazyload\" style=\"--awb-border-radius-top-left:0px;--awb-border-radius-top-right:0px;--awb-border-radius-bottom-right:0px;--awb-border-radius-bottom-left:0px;--awb-padding-top:150px;--awb-padding-bottom:75px;--awb-margin-top:-230px;--awb-background-size:cover;--awb-flex-wrap:wrap;\" data-bg=\"https:\/\/www.canalsimunne.com\/wp-content\/uploads\/2022\/03\/Restaurant_Sant_Sadurni_Condicions-De-Venta.jpg\" ><div class=\"fusion-builder-row fusion-row\"><div class=\"fusion-layout-column fusion_builder_column fusion-builder-column-0 fusion_builder_column_1_1 1_1 fusion-one-full fusion-column-first fusion-column-last\" style=\"--awb-bg-size:cover;\"><div class=\"fusion-column-wrapper fusion-column-has-shadow fusion-flex-column-wrapper-legacy\"><div class=\"fusion-title title fusion-title-1 fusion-sep-none fusion-title-center fusion-title-text fusion-title-size-one\" style=\"--awb-margin-top:50px;--awb-margin-bottom:50px;--awb-margin-top-small:25px;--awb-margin-right-small:0px;--awb-margin-bottom-small:0px;--awb-margin-left-small:0px;\"><h1 class=\"fusion-title-heading title-heading-center\" style=\"margin:0;\">Condiciones de venta<\/h1><\/div><div class=\"fusion-clearfix\"><\/div><\/div><\/div><\/div><\/div><div class=\"fusion-fullwidth fullwidth-box fusion-builder-row-2 nonhundred-percent-fullwidth non-hundred-percent-height-scrolling\" style=\"--awb-border-radius-top-left:0px;--awb-border-radius-top-right:0px;--awb-border-radius-bottom-right:0px;--awb-border-radius-bottom-left:0px;--awb-padding-right:15%;--awb-padding-left:15%;--awb-flex-wrap:wrap;\" ><div class=\"fusion-builder-row fusion-row\"><div class=\"fusion-layout-column fusion_builder_column fusion-builder-column-1 fusion_builder_column_1_1 1_1 fusion-one-full fusion-column-first fusion-column-last\" style=\"--awb-padding-top:3%;--awb-bg-size:cover;\"><div class=\"fusion-column-wrapper fusion-column-has-shadow fusion-flex-column-wrapper-legacy\"><div class=\"fusion-text fusion-text-1\"><div id=\"cos\">\n<div id=\"cosInner\">\n<div class=\"BitxoGeneral\">\n<div class=\"BitxoGeneralCos\">\n<div class=\"BitxoGeneralText\">\n<p><b>CONDICIONES DE VENTA<\/b><\/p>\n<p>&#8211; V\u00e1lidas para la Pen\u00ednsula y Baleares.<\/p>\n<p>&#8211; Todos los precios incluyen I.V.A. y el coste de env\u00edo es de 5,90 a toda la Pen\u00ednsula, excepto por la compra de 12 botellas o m\u00e1s que ser\u00e1 gratuito.<\/p>\n<p>&#8211; No se servir\u00e1n pedidos inferiores. Los portes de Canarias, Ceuta y Melilla y de todos los destinos fuera del Estado Espa\u00f1ol no est\u00e1n incluidos en nuestros precios, por lo tanto se cobrar\u00e1 un suplemento a determinar.<\/p>\n<p>&#8211; Todos los pedidos se confirmar\u00e1n telef\u00f3nicamente o por e-mail, para garantizar al m\u00e1ximo su seguridad.<\/p>\n<p>-Los pedidos recibidos ser\u00e1n entregados en un m\u00e1ximo de 24\/48 horas laborables a partir del momento en que Canals &amp; Munn\u00e9 le haya confirmado telef\u00f3nicamente o por e-mail, que su pedido ha estado emitido, excepto en las \u00e9pocas del a\u00f1o en que por causas de saturaci\u00f3n de las agencias de transporte, no se pueda librar en fecha establecida.<\/p>\n<p>&#8211; En caso de fin de existencias de alg\u00fan producto solicitado, nos pondremos en contacto con ustedes lo antes posible, para substituir este producto por uno similiar o superior.<\/p>\n<p>&#8211; De acuerdo con la legislaci\u00f3n vigente, Canals &amp; Munn\u00e9 no enviar\u00e1 ning\u00fan pedido a personas menores de 18 a\u00f1os.<\/p>\n<p>&#8211; No se aceptan devoluciones, salvo en el caso de que el producto haya llegado en mal estado debido a una manipulaci\u00f3n incorrecta durante el transporte.<\/p>\n<\/div>\n<\/div>\n<\/div>\n<\/div>\n<\/div>\n<\/div><div class=\"fusion-clearfix\"><\/div><\/div><\/div><\/div><\/div><\/p>\n","protected":false},"excerpt":{"rendered":"","protected":false},"author":1,"featured_media":0,"parent":0,"menu_order":0,"comment_status":"closed","ping_status":"closed","template":"100-width.php","meta":{"_acf_changed":false,"rs_blank_template":"","rs_page_bg_color":"","slide_template_v7":"","footnotes":""},"class_list":["post-262","page","type-page","status-publish","hentry"],"acf":[],"yoast_head":"<!-- This site is optimized with the Yoast SEO plugin v27.3 - https:\/\/yoast.com\/product\/yoast-seo-wordpress\/ -->\n<title>Condiciones de venta - Canals &amp; Munn\u00e9 - Visitar bodegas a Sant Sadurn\u00ed<\/title>\n<meta name=\"description\" content=\"Tenemos unas condiciones de venta v\u00e1lidas para nuestros productos y tambi\u00e9n para visitar las bodegas en Sant Sadurn\u00ed d&#039;Anoia.\" \/>\n<meta name=\"robots\" content=\"index, follow, max-snippet:-1, max-image-preview:large, max-video-preview:-1\" \/>\n<link rel=\"canonical\" href=\"https:\/\/www.canalsimunne.com\/es\/condiciones-de-venta\/\" \/>\n<meta property=\"og:locale\" content=\"es_ES\" \/>\n<meta property=\"og:type\" content=\"article\" \/>\n<meta property=\"og:title\" content=\"Condiciones de venta - Canals &amp; Munn\u00e9 - Visitar bodegas a Sant Sadurn\u00ed\" \/>\n<meta property=\"og:description\" content=\"Tenemos unas condiciones de venta v\u00e1lidas para nuestros productos y tambi\u00e9n para visitar las bodegas en Sant Sadurn\u00ed d&#039;Anoia.\" \/>\n<meta property=\"og:url\" content=\"https:\/\/www.canalsimunne.com\/es\/condiciones-de-venta\/\" \/>\n<meta property=\"og:site_name\" content=\"Canals &amp; Munn\u00e9\" \/>\n<meta property=\"article:modified_time\" content=\"2022-03-22T09:26:57+00:00\" \/>\n<meta name=\"twitter:card\" content=\"summary_large_image\" \/>\n<meta name=\"twitter:label1\" content=\"Tiempo de lectura\" \/>\n\t<meta name=\"twitter:data1\" content=\"4 minutos\" \/>\n<script type=\"application\/ld+json\" class=\"yoast-schema-graph\">{\"@context\":\"https:\\\/\\\/schema.org\",\"@graph\":[{\"@type\":\"WebPage\",\"@id\":\"https:\\\/\\\/www.canalsimunne.com\\\/es\\\/condiciones-de-venta\\\/\",\"url\":\"https:\\\/\\\/www.canalsimunne.com\\\/es\\\/condiciones-de-venta\\\/\",\"name\":\"Condiciones de venta - Canals &amp; Munn\u00e9 - Visitar bodegas a Sant Sadurn\u00ed\",\"isPartOf\":{\"@id\":\"https:\\\/\\\/www.canalsimunne.com\\\/#website\"},\"datePublished\":\"2019-06-17T14:31:59+00:00\",\"dateModified\":\"2022-03-22T09:26:57+00:00\",\"description\":\"Tenemos unas condiciones de venta v\u00e1lidas para nuestros productos y tambi\u00e9n para visitar las bodegas en Sant Sadurn\u00ed d'Anoia.\",\"breadcrumb\":{\"@id\":\"https:\\\/\\\/www.canalsimunne.com\\\/es\\\/condiciones-de-venta\\\/#breadcrumb\"},\"inLanguage\":\"es\",\"potentialAction\":[{\"@type\":\"ReadAction\",\"target\":[\"https:\\\/\\\/www.canalsimunne.com\\\/es\\\/condiciones-de-venta\\\/\"]}]},{\"@type\":\"BreadcrumbList\",\"@id\":\"https:\\\/\\\/www.canalsimunne.com\\\/es\\\/condiciones-de-venta\\\/#breadcrumb\",\"itemListElement\":[{\"@type\":\"ListItem\",\"position\":1,\"name\":\"Portada\",\"item\":\"https:\\\/\\\/www.canalsimunne.com\\\/es\\\/\"},{\"@type\":\"ListItem\",\"position\":2,\"name\":\"Condiciones de venta\"}]},{\"@type\":\"WebSite\",\"@id\":\"https:\\\/\\\/www.canalsimunne.com\\\/#website\",\"url\":\"https:\\\/\\\/www.canalsimunne.com\\\/\",\"name\":\"Canals &amp; Munn\u00e9\",\"description\":\"Otro sitio realizado con WordPress\",\"potentialAction\":[{\"@type\":\"SearchAction\",\"target\":{\"@type\":\"EntryPoint\",\"urlTemplate\":\"https:\\\/\\\/www.canalsimunne.com\\\/?s={search_term_string}\"},\"query-input\":{\"@type\":\"PropertyValueSpecification\",\"valueRequired\":true,\"valueName\":\"search_term_string\"}}],\"inLanguage\":\"es\"}]}<\/script>\n<!-- \/ Yoast SEO plugin. -->","yoast_head_json":{"title":"Condiciones de venta - Canals &amp; Munn\u00e9 - Visitar bodegas a Sant Sadurn\u00ed","description":"Tenemos unas condiciones de venta v\u00e1lidas para nuestros productos y tambi\u00e9n para visitar las bodegas en Sant Sadurn\u00ed d'Anoia.","robots":{"index":"index","follow":"follow","max-snippet":"max-snippet:-1","max-image-preview":"max-image-preview:large","max-video-preview":"max-video-preview:-1"},"canonical":"https:\/\/www.canalsimunne.com\/es\/condiciones-de-venta\/","og_locale":"es_ES","og_type":"article","og_title":"Condiciones de venta - Canals &amp; Munn\u00e9 - Visitar bodegas a Sant Sadurn\u00ed","og_description":"Tenemos unas condiciones de venta v\u00e1lidas para nuestros productos y tambi\u00e9n para visitar las bodegas en Sant Sadurn\u00ed d'Anoia.","og_url":"https:\/\/www.canalsimunne.com\/es\/condiciones-de-venta\/","og_site_name":"Canals &amp; Munn\u00e9","article_modified_time":"2022-03-22T09:26:57+00:00","twitter_card":"summary_large_image","twitter_misc":{"Tiempo de lectura":"4 minutos"},"schema":{"@context":"https:\/\/schema.org","@graph":[{"@type":"WebPage","@id":"https:\/\/www.canalsimunne.com\/es\/condiciones-de-venta\/","url":"https:\/\/www.canalsimunne.com\/es\/condiciones-de-venta\/","name":"Condiciones de venta - Canals &amp; Munn\u00e9 - Visitar bodegas a Sant Sadurn\u00ed","isPartOf":{"@id":"https:\/\/www.canalsimunne.com\/#website"},"datePublished":"2019-06-17T14:31:59+00:00","dateModified":"2022-03-22T09:26:57+00:00","description":"Tenemos unas condiciones de venta v\u00e1lidas para nuestros productos y tambi\u00e9n para visitar las bodegas en Sant Sadurn\u00ed d'Anoia.","breadcrumb":{"@id":"https:\/\/www.canalsimunne.com\/es\/condiciones-de-venta\/#breadcrumb"},"inLanguage":"es","potentialAction":[{"@type":"ReadAction","target":["https:\/\/www.canalsimunne.com\/es\/condiciones-de-venta\/"]}]},{"@type":"BreadcrumbList","@id":"https:\/\/www.canalsimunne.com\/es\/condiciones-de-venta\/#breadcrumb","itemListElement":[{"@type":"ListItem","position":1,"name":"Portada","item":"https:\/\/www.canalsimunne.com\/es\/"},{"@type":"ListItem","position":2,"name":"Condiciones de venta"}]},{"@type":"WebSite","@id":"https:\/\/www.canalsimunne.com\/#website","url":"https:\/\/www.canalsimunne.com\/","name":"Canals &amp; Munn\u00e9","description":"Otro sitio realizado con WordPress","potentialAction":[{"@type":"SearchAction","target":{"@type":"EntryPoint","urlTemplate":"https:\/\/www.canalsimunne.com\/?s={search_term_string}"},"query-input":{"@type":"PropertyValueSpecification","valueRequired":true,"valueName":"search_term_string"}}],"inLanguage":"es"}]}},"_links":{"self":[{"href":"https:\/\/www.canalsimunne.com\/es\/wp-json\/wp\/v2\/pages\/262","targetHints":{"allow":["GET"]}}],"collection":[{"href":"https:\/\/www.canalsimunne.com\/es\/wp-json\/wp\/v2\/pages"}],"about":[{"href":"https:\/\/www.canalsimunne.com\/es\/wp-json\/wp\/v2\/types\/page"}],"author":[{"embeddable":true,"href":"https:\/\/www.canalsimunne.com\/es\/wp-json\/wp\/v2\/users\/1"}],"replies":[{"embeddable":true,"href":"https:\/\/www.canalsimunne.com\/es\/wp-json\/wp\/v2\/comments?post=262"}],"version-history":[{"count":0,"href":"https:\/\/www.canalsimunne.com\/es\/wp-json\/wp\/v2\/pages\/262\/revisions"}],"wp:attachment":[{"href":"https:\/\/www.canalsimunne.com\/es\/wp-json\/wp\/v2\/media?parent=262"}],"curies":[{"name":"wp","href":"https:\/\/api.w.org\/{rel}","templated":true}]}}