{"id":254,"date":"2019-06-17T16:29:13","date_gmt":"2019-06-17T14:29:13","guid":{"rendered":"http:\/\/www.canalsimunne.com\/?page_id=254"},"modified":"2022-03-22T11:52:25","modified_gmt":"2022-03-22T10:52:25","slug":"filosofia","status":"publish","type":"page","link":"https:\/\/www.canalsimunne.com\/es\/filosofia\/","title":{"rendered":"Filosof\u00eda"},"content":{"rendered":"<p><div class=\"fusion-fullwidth fullwidth-box fusion-builder-row-1 fusion-parallax-none hundred-percent-fullwidth non-hundred-percent-height-scrolling lazyload\" style=\"--awb-border-radius-top-left:0px;--awb-border-radius-top-right:0px;--awb-border-radius-bottom-right:0px;--awb-border-radius-bottom-left:0px;--awb-padding-top:150px;--awb-padding-bottom:75px;--awb-margin-top:-230px;--awb-background-size:cover;--awb-flex-wrap:wrap;\" data-bg=\"https:\/\/www.canalsimunne.com\/wp-content\/uploads\/2022\/03\/Visitar_bodegas_Sant_Sadurni_filosofia_vermouth.jpg\" ><div class=\"fusion-builder-row fusion-row\"><div class=\"fusion-layout-column fusion_builder_column fusion-builder-column-0 fusion_builder_column_1_1 1_1 fusion-one-full fusion-column-first fusion-column-last\" style=\"--awb-bg-size:cover;\"><div class=\"fusion-column-wrapper fusion-column-has-shadow fusion-flex-column-wrapper-legacy\"><div class=\"fusion-title title fusion-title-1 fusion-sep-none fusion-title-center fusion-title-text fusion-title-size-one\" style=\"--awb-margin-top:50px;--awb-margin-bottom:50px;--awb-margin-top-small:25px;--awb-margin-right-small:0px;--awb-margin-bottom-small:0px;--awb-margin-left-small:0px;\"><h1 class=\"fusion-title-heading title-heading-center\" style=\"margin:0;\"><span style=\"color: white;\">Filosof\u00eda<\/span><\/h1><\/div><div class=\"fusion-clearfix\"><\/div><\/div><\/div><\/div><\/div><div class=\"fusion-fullwidth fullwidth-box fusion-builder-row-2 nonhundred-percent-fullwidth non-hundred-percent-height-scrolling fusion-equal-height-columns\" style=\"--awb-border-radius-top-left:0px;--awb-border-radius-top-right:0px;--awb-border-radius-bottom-right:0px;--awb-border-radius-bottom-left:0px;--awb-padding-top:20px;--awb-padding-right:15%;--awb-padding-left:15%;--awb-flex-wrap:wrap;\" ><div class=\"fusion-builder-row fusion-row\"><div class=\"fusion-layout-column fusion_builder_column fusion-builder-column-1 fusion_builder_column_1_1 1_1 fusion-one-full fusion-column-first fusion-column-last fusion-column-no-min-height\" style=\"--awb-bg-size:cover;\"><div class=\"fusion-column-wrapper fusion-column-has-shadow fusion-flex-column-wrapper-legacy\"><div class=\"fusion-title title fusion-title-2 fusion-sep-none fusion-title-center fusion-title-text fusion-title-size-two\" style=\"--awb-margin-bottom:10px;--awb-margin-top-small:0px;--awb-margin-right-small:0px;--awb-margin-bottom-small:20px;--awb-margin-left-small:0px;\"><h2 class=\"fusion-title-heading title-heading-center\" style=\"margin:0;\"><strong>\u00abCalidad, Tradici\u00f3n y Modernidad.\u00bb<\/strong><\/h2><\/div><div class=\"fusion-sep-clear\"><\/div><div class=\"fusion-separator\" style=\"margin-left: auto;margin-right: auto;margin-bottom:20px;width:100%;max-width:50px;\"><div class=\"fusion-separator-border sep-single sep-solid\" style=\"--awb-height:20px;--awb-amount:20px;--awb-sep-color:#463a17;border-color:#463a17;border-top-width:3px;\"><\/div><\/div><div class=\"fusion-sep-clear\"><\/div><div class=\"fusion-text fusion-text-1\"><p style=\"text-align: center;\">Bienvenido al mundo artesanal del cava. Aqu\u00ed, en la oscuridad, en silencio, des de 1915 poco a poco se elaboran nuestros cavas, uno a uno. Con nobleza. Con personalidad. Naturalmente su producci\u00f3n es limitada, la botella numerada de una en una, y s\u00f3lo una cosecha excepcional.<\/p>\n<\/div><div class=\"fusion-clearfix\"><\/div><\/div><\/div><div class=\"fusion-layout-column fusion_builder_column fusion-builder-column-2 fusion_builder_column_1_2 1_2 fusion-one-half fusion-column-first\" style=\"--awb-bg-size:cover;--awb-margin-bottom:40px;width:50%;width:calc(50% - ( ( 4% ) * 0.5 ) );margin-right: 4%;\"><div class=\"fusion-column-wrapper fusion-column-has-shadow fusion-flex-column-wrapper-legacy\"><div class=\"fusion-column-content-centered\"><div class=\"fusion-column-content\"><div class=\"fusion-text fusion-text-2\"><p>Cada botella de cava, tiene impresa la data de deg\u00fcelle, que esta expresada como dato Juliana.<\/p>\n<p>Por ejemplo, el Lote L-4330, el n\u00ba 4, quiere decir que es el a\u00f1o 2014, y el n\u00ba 330, corresponde al d\u00eda 330 de todo el a\u00f1o. Por lo tanto se deg\u00fcellaron a finales de a\u00f1o, aproximadamente el 27 de noviembre de 2014 y consecuentemente, nuestro cliente sabe que tiene un tiempo de consumo preferente de 1.5 hasta 2 a\u00f1os des de esta fecha. Es decir hasta medianos- finales de 2016, el cava estar\u00e1 en perfectas condiciones para ser consumido.<\/p>\n<\/div><\/div><\/div><div class=\"fusion-clearfix\"><\/div><\/div><\/div><div class=\"fusion-layout-column fusion_builder_column fusion-builder-column-3 fusion_builder_column_1_2 1_2 fusion-one-half fusion-column-last\" style=\"--awb-bg-size:cover;--awb-margin-bottom:40px;width:50%;width:calc(50% - ( ( 4% ) * 0.5 ) );\"><div class=\"fusion-column-wrapper fusion-column-has-shadow fusion-flex-column-wrapper-legacy\"><div class=\"fusion-column-content-centered\"><div class=\"fusion-column-content\"><div class=\"fusion-image-element fusion-image-align-center in-legacy-container\" style=\"text-align:center;--awb-caption-title-font-family:var(--h2_typography-font-family);--awb-caption-title-font-weight:var(--h2_typography-font-weight);--awb-caption-title-font-style:var(--h2_typography-font-style);--awb-caption-title-size:var(--h2_typography-font-size);--awb-caption-title-transform:var(--h2_typography-text-transform);--awb-caption-title-line-height:var(--h2_typography-line-height);--awb-caption-title-letter-spacing:var(--h2_typography-letter-spacing);\"><div class=\"imageframe-align-center\"><span class=\" fusion-imageframe imageframe-none imageframe-1 hover-type-zoomin\"><img decoding=\"async\" width=\"2000\" height=\"980\" title=\"Visitar_bodegas_Sant_Sadurni_canals-i-munne-filosofia_cava\" src=\"https:\/\/www.canalsimunne.com\/wp-content\/uploads\/2022\/03\/Visitar_bodegas_Sant_Sadurni_canals-i-munne-filosofia_cava.jpg\" data-orig-src=\"https:\/\/www.canalsimunne.com\/wp-content\/uploads\/2022\/03\/Visitar_bodegas_Sant_Sadurni_canals-i-munne-filosofia_cava.jpg\" alt class=\"lazyload img-responsive wp-image-403604\" srcset=\"data:image\/svg+xml,%3Csvg%20xmlns%3D%27http%3A%2F%2Fwww.w3.org%2F2000%2Fsvg%27%20width%3D%272000%27%20height%3D%27980%27%20viewBox%3D%270%200%202000%20980%27%3E%3Crect%20width%3D%272000%27%20height%3D%27980%27%20fill-opacity%3D%220%22%2F%3E%3C%2Fsvg%3E\" data-srcset=\"https:\/\/www.canalsimunne.com\/wp-content\/uploads\/2022\/03\/Visitar_bodegas_Sant_Sadurni_canals-i-munne-filosofia_cava-200x98.jpg 200w, https:\/\/www.canalsimunne.com\/wp-content\/uploads\/2022\/03\/Visitar_bodegas_Sant_Sadurni_canals-i-munne-filosofia_cava-400x196.jpg 400w, https:\/\/www.canalsimunne.com\/wp-content\/uploads\/2022\/03\/Visitar_bodegas_Sant_Sadurni_canals-i-munne-filosofia_cava-600x294.jpg 600w, https:\/\/www.canalsimunne.com\/wp-content\/uploads\/2022\/03\/Visitar_bodegas_Sant_Sadurni_canals-i-munne-filosofia_cava-800x392.jpg 800w, https:\/\/www.canalsimunne.com\/wp-content\/uploads\/2022\/03\/Visitar_bodegas_Sant_Sadurni_canals-i-munne-filosofia_cava-1200x588.jpg 1200w, https:\/\/www.canalsimunne.com\/wp-content\/uploads\/2022\/03\/Visitar_bodegas_Sant_Sadurni_canals-i-munne-filosofia_cava.jpg 2000w\" data-sizes=\"auto\" data-orig-sizes=\"(max-width: 1145px) 100vw, 2000px\" \/><\/span><\/div><\/div><\/div><\/div><div class=\"fusion-clearfix\"><\/div><\/div><\/div><div class=\"fusion-layout-column fusion_builder_column fusion-builder-column-4 fusion_builder_column_1_2 1_2 fusion-one-half fusion-column-first\" style=\"--awb-bg-size:cover;--awb-margin-bottom:40px;width:50%;width:calc(50% - ( ( 4% ) * 0.5 ) );margin-right: 4%;\"><div class=\"fusion-column-wrapper fusion-column-has-shadow fusion-flex-column-wrapper-legacy\"><div class=\"fusion-column-content-centered\"><div class=\"fusion-column-content\"><div class=\"fusion-image-before-after-wrapper type-switch hover-type-together fusion-image-before-after-wrapper-1\" style=\"--awb-font-size:13px;--awb-bordersize:0px;--awb-accent-color-bg:rgba(255,255,255,0.15);--awb-transition-time:1.0s;\"><div class=\"fusion-image-before-after-element fusion-image-switch fusion-image-before-after-1\"><img decoding=\"async\" class=\"fusion-image-switch-before lazyload\" src=\"data:image\/svg+xml,%3Csvg%20xmlns%3D%27http%3A%2F%2Fwww.w3.org%2F2000%2Fsvg%27%20width%3D%272000%27%20height%3D%27980%27%20viewBox%3D%270%200%202000%20980%27%3E%3Crect%20width%3D%272000%27%20height%3D%27980%27%20fill-opacity%3D%220%22%2F%3E%3C%2Fsvg%3E\" width=\"2000\" height=\"980\" data-orig-src=\"https:\/\/www.canalsimunne.com\/wp-content\/uploads\/2022\/03\/Visitar_bodegas_Sant_Sadurni_DAnoia_canals-i-munne-filosofia_cava_vermouth.jpg\"><img decoding=\"async\" class=\"fusion-image-switch-after lazyload\" src=\"data:image\/svg+xml,%3Csvg%20xmlns%3D%27http%3A%2F%2Fwww.w3.org%2F2000%2Fsvg%27%20width%3D%272000%27%20height%3D%27980%27%20viewBox%3D%270%200%202000%20980%27%3E%3Crect%20width%3D%272000%27%20height%3D%27980%27%20fill-opacity%3D%220%22%2F%3E%3C%2Fsvg%3E\" width=\"2000\" height=\"980\" data-orig-src=\"https:\/\/www.canalsimunne.com\/wp-content\/uploads\/2022\/03\/Visitar_bodegas_Sant_Sadurni_canals-i-munne-filosofia_vins.jpg\"><\/div><\/div><\/div><\/div><div class=\"fusion-clearfix\"><\/div><\/div><\/div><div class=\"fusion-layout-column fusion_builder_column fusion-builder-column-5 fusion_builder_column_1_2 1_2 fusion-one-half fusion-column-last\" style=\"--awb-bg-size:cover;--awb-margin-bottom:40px;width:50%;width:calc(50% - ( ( 4% ) * 0.5 ) );\"><div class=\"fusion-column-wrapper fusion-column-has-shadow fusion-flex-column-wrapper-legacy\"><div class=\"fusion-column-content-centered\"><div class=\"fusion-column-content\"><div class=\"fusion-text fusion-text-3\"><p>Des de hace varios a\u00f1os, Canals &amp; Munn\u00e9, ha apostado por una nueva l\u00ednea de productos ecol\u00f3gicos, formado por el Cava Dionysus Brut Nature Eco y el Vino Blanc Pr\u00ednceps Eco. Todo un \u00e9xito, en los momentos actuales en los que vivimos.<\/p>\n<p>Canals &amp; Munn\u00e9 tiene el compromiso con la tradici\u00f3n, el territorio y la cultura local, a trav\u00e9s de la promoci\u00f3n de la gastronom\u00eda local en nuestra cava antigua, transformada en un magn\u00edfico restaurante de fin de semana.<\/p>\n<p style=\"text-align: right; margin-bottom: 0px;\">Cavas Canals &amp; Munn\u00e9. Exclusivos, como siempre.<br \/>\n<b>\u201cCalidad, Tradici\u00f3n y Modernidad\u201d<\/b><\/p>\n<\/div><\/div><\/div><div class=\"fusion-clearfix\"><\/div><\/div><\/div><div class=\"fusion-layout-column fusion_builder_column fusion-builder-column-6 fusion_builder_column_1_1 1_1 fusion-one-full fusion-column-first fusion-column-last fusion-column-no-min-height\" style=\"--awb-bg-size:cover;\"><div class=\"fusion-column-wrapper fusion-column-has-shadow fusion-flex-column-wrapper-legacy\"><div class=\"fusion-text fusion-text-4\"><p><b>Canals &amp; Munn\u00e9 s\u00f3lo elabora Cavas Reserva y Gran Reserva certificados por la DO Cava<\/b><br \/>\n(el 90% del sector del cava elabora cavas j\u00f3venes de 9 meses- c\u00edrculo blanco- Canals &amp; Munn\u00e9, no elabora ninguna botella de esta categor\u00eda).<\/p>\n<\/div><div class=\"fusion-clearfix\"><\/div><\/div><\/div><\/div><\/div><\/p>\n","protected":false},"excerpt":{"rendered":"","protected":false},"author":1,"featured_media":0,"parent":0,"menu_order":0,"comment_status":"closed","ping_status":"closed","template":"100-width.php","meta":{"_acf_changed":false,"rs_blank_template":"","rs_page_bg_color":"","slide_template_v7":"","footnotes":""},"class_list":["post-254","page","type-page","status-publish","hentry"],"acf":[],"yoast_head":"<!-- This site is optimized with the Yoast SEO plugin v27.3 - https:\/\/yoast.com\/product\/yoast-seo-wordpress\/ -->\n<title>Filosof\u00eda - Canals &amp; Munn\u00e9 - Visitar bodegas en Sant Sadurn\u00ed d&#039;Anoia<\/title>\n<meta name=\"description\" content=\"Al visitar las bodegas C&amp;M en Sant Sadurn\u00ed d&#039;Anoia, le plasmaremos nuestra filosof\u00eda de elaboraci\u00f3n de cava.\" \/>\n<meta name=\"robots\" content=\"index, follow, max-snippet:-1, max-image-preview:large, max-video-preview:-1\" \/>\n<link rel=\"canonical\" href=\"https:\/\/www.canalsimunne.com\/es\/filosofia\/\" \/>\n<meta property=\"og:locale\" content=\"es_ES\" \/>\n<meta property=\"og:type\" content=\"article\" \/>\n<meta property=\"og:title\" content=\"Filosof\u00eda - Canals &amp; Munn\u00e9 - Visitar bodegas en Sant Sadurn\u00ed d&#039;Anoia\" \/>\n<meta property=\"og:description\" content=\"Al visitar las bodegas C&amp;M en Sant Sadurn\u00ed d&#039;Anoia, le plasmaremos nuestra filosof\u00eda de elaboraci\u00f3n de cava.\" \/>\n<meta property=\"og:url\" content=\"https:\/\/www.canalsimunne.com\/es\/filosofia\/\" \/>\n<meta property=\"og:site_name\" content=\"Canals &amp; Munn\u00e9\" \/>\n<meta property=\"article:modified_time\" content=\"2022-03-22T10:52:25+00:00\" \/>\n<meta name=\"twitter:card\" content=\"summary_large_image\" \/>\n<meta name=\"twitter:label1\" content=\"Tiempo de lectura\" \/>\n\t<meta name=\"twitter:data1\" content=\"8 minutos\" \/>\n<script type=\"application\/ld+json\" class=\"yoast-schema-graph\">{\"@context\":\"https:\\\/\\\/schema.org\",\"@graph\":[{\"@type\":\"WebPage\",\"@id\":\"https:\\\/\\\/www.canalsimunne.com\\\/es\\\/filosofia\\\/\",\"url\":\"https:\\\/\\\/www.canalsimunne.com\\\/es\\\/filosofia\\\/\",\"name\":\"Filosof\u00eda - Canals &amp; Munn\u00e9 - Visitar bodegas en Sant Sadurn\u00ed d'Anoia\",\"isPartOf\":{\"@id\":\"https:\\\/\\\/www.canalsimunne.com\\\/#website\"},\"datePublished\":\"2019-06-17T14:29:13+00:00\",\"dateModified\":\"2022-03-22T10:52:25+00:00\",\"description\":\"Al visitar las bodegas C&M en Sant Sadurn\u00ed d'Anoia, le plasmaremos nuestra filosof\u00eda de elaboraci\u00f3n de cava.\",\"breadcrumb\":{\"@id\":\"https:\\\/\\\/www.canalsimunne.com\\\/es\\\/filosofia\\\/#breadcrumb\"},\"inLanguage\":\"es\",\"potentialAction\":[{\"@type\":\"ReadAction\",\"target\":[\"https:\\\/\\\/www.canalsimunne.com\\\/es\\\/filosofia\\\/\"]}]},{\"@type\":\"BreadcrumbList\",\"@id\":\"https:\\\/\\\/www.canalsimunne.com\\\/es\\\/filosofia\\\/#breadcrumb\",\"itemListElement\":[{\"@type\":\"ListItem\",\"position\":1,\"name\":\"Portada\",\"item\":\"https:\\\/\\\/www.canalsimunne.com\\\/es\\\/\"},{\"@type\":\"ListItem\",\"position\":2,\"name\":\"Filosof\u00eda\"}]},{\"@type\":\"WebSite\",\"@id\":\"https:\\\/\\\/www.canalsimunne.com\\\/#website\",\"url\":\"https:\\\/\\\/www.canalsimunne.com\\\/\",\"name\":\"Canals &amp; Munn\u00e9\",\"description\":\"Otro sitio realizado con WordPress\",\"potentialAction\":[{\"@type\":\"SearchAction\",\"target\":{\"@type\":\"EntryPoint\",\"urlTemplate\":\"https:\\\/\\\/www.canalsimunne.com\\\/?s={search_term_string}\"},\"query-input\":{\"@type\":\"PropertyValueSpecification\",\"valueRequired\":true,\"valueName\":\"search_term_string\"}}],\"inLanguage\":\"es\"}]}<\/script>\n<!-- \/ Yoast SEO plugin. -->","yoast_head_json":{"title":"Filosof\u00eda - Canals &amp; Munn\u00e9 - Visitar bodegas en Sant Sadurn\u00ed d'Anoia","description":"Al visitar las bodegas C&M en Sant Sadurn\u00ed d'Anoia, le plasmaremos nuestra filosof\u00eda de elaboraci\u00f3n de cava.","robots":{"index":"index","follow":"follow","max-snippet":"max-snippet:-1","max-image-preview":"max-image-preview:large","max-video-preview":"max-video-preview:-1"},"canonical":"https:\/\/www.canalsimunne.com\/es\/filosofia\/","og_locale":"es_ES","og_type":"article","og_title":"Filosof\u00eda - Canals &amp; Munn\u00e9 - Visitar bodegas en Sant Sadurn\u00ed d'Anoia","og_description":"Al visitar las bodegas C&M en Sant Sadurn\u00ed d'Anoia, le plasmaremos nuestra filosof\u00eda de elaboraci\u00f3n de cava.","og_url":"https:\/\/www.canalsimunne.com\/es\/filosofia\/","og_site_name":"Canals &amp; Munn\u00e9","article_modified_time":"2022-03-22T10:52:25+00:00","twitter_card":"summary_large_image","twitter_misc":{"Tiempo de lectura":"8 minutos"},"schema":{"@context":"https:\/\/schema.org","@graph":[{"@type":"WebPage","@id":"https:\/\/www.canalsimunne.com\/es\/filosofia\/","url":"https:\/\/www.canalsimunne.com\/es\/filosofia\/","name":"Filosof\u00eda - Canals &amp; Munn\u00e9 - Visitar bodegas en Sant Sadurn\u00ed d'Anoia","isPartOf":{"@id":"https:\/\/www.canalsimunne.com\/#website"},"datePublished":"2019-06-17T14:29:13+00:00","dateModified":"2022-03-22T10:52:25+00:00","description":"Al visitar las bodegas C&M en Sant Sadurn\u00ed d'Anoia, le plasmaremos nuestra filosof\u00eda de elaboraci\u00f3n de cava.","breadcrumb":{"@id":"https:\/\/www.canalsimunne.com\/es\/filosofia\/#breadcrumb"},"inLanguage":"es","potentialAction":[{"@type":"ReadAction","target":["https:\/\/www.canalsimunne.com\/es\/filosofia\/"]}]},{"@type":"BreadcrumbList","@id":"https:\/\/www.canalsimunne.com\/es\/filosofia\/#breadcrumb","itemListElement":[{"@type":"ListItem","position":1,"name":"Portada","item":"https:\/\/www.canalsimunne.com\/es\/"},{"@type":"ListItem","position":2,"name":"Filosof\u00eda"}]},{"@type":"WebSite","@id":"https:\/\/www.canalsimunne.com\/#website","url":"https:\/\/www.canalsimunne.com\/","name":"Canals &amp; Munn\u00e9","description":"Otro sitio realizado con WordPress","potentialAction":[{"@type":"SearchAction","target":{"@type":"EntryPoint","urlTemplate":"https:\/\/www.canalsimunne.com\/?s={search_term_string}"},"query-input":{"@type":"PropertyValueSpecification","valueRequired":true,"valueName":"search_term_string"}}],"inLanguage":"es"}]}},"_links":{"self":[{"href":"https:\/\/www.canalsimunne.com\/es\/wp-json\/wp\/v2\/pages\/254","targetHints":{"allow":["GET"]}}],"collection":[{"href":"https:\/\/www.canalsimunne.com\/es\/wp-json\/wp\/v2\/pages"}],"about":[{"href":"https:\/\/www.canalsimunne.com\/es\/wp-json\/wp\/v2\/types\/page"}],"author":[{"embeddable":true,"href":"https:\/\/www.canalsimunne.com\/es\/wp-json\/wp\/v2\/users\/1"}],"replies":[{"embeddable":true,"href":"https:\/\/www.canalsimunne.com\/es\/wp-json\/wp\/v2\/comments?post=254"}],"version-history":[{"count":0,"href":"https:\/\/www.canalsimunne.com\/es\/wp-json\/wp\/v2\/pages\/254\/revisions"}],"wp:attachment":[{"href":"https:\/\/www.canalsimunne.com\/es\/wp-json\/wp\/v2\/media?parent=254"}],"curies":[{"name":"wp","href":"https:\/\/api.w.org\/{rel}","templated":true}]}}